{"id":3770,"date":"2023-01-27T12:17:32","date_gmt":"2023-01-27T12:17:32","guid":{"rendered":"https:\/\/www.tekniagroup.com\/?page_id=3770"},"modified":"2025-02-03T17:37:49","modified_gmt":"2025-02-03T15:37:49","slug":"relevo-generacional","status":"publish","type":"page","link":"https:\/\/www.tekniagroup.com\/es\/quienes-somos\/personas\/relevo-generacional\/","title":{"rendered":"Relevo Generacional"},"content":{"rendered":"<h3 style=\"font-size: 32px; color: #00669e; margin-bottom: 0px; font-family: 'Roboto Mono', monospace;\">GENERACIONES<\/h3>\n<h2 style=\"font-size: 65px;\">#PartByPart<\/h2>\n<p style=\"font-size: 22px;\">El relevo generacional en Teknia se construye <span style=\"color: #f9672c;\">pieza a pieza<\/span>. La compa\u00f1\u00eda est\u00e1 inmersa en un relevo generacional y en sus plantas conviven personas de diferentes edades que encajan dentro de un equipo en el que la diversidad generacional es una de sus grandes fortalezas. <span style=\"color: #f9672c;\">Unidos, somos mejores.<\/span><\/p>\n","protected":false},"excerpt":{"rendered":"GENERACIONES #PartByPart El relevo generacional en Teknia se construye pieza a pieza. La compa\u00f1\u00eda est\u00e1 inmersa en un relevo generacional y en sus plantas conviven personas de diferentes edades que encajan dentro de un equipo en el que la diversidad generacional es una de sus grandes fortalezas. Unidos, somos mejores.","protected":false},"author":10,"featured_media":4002,"parent":2232,"menu_order":1,"comment_status":"closed","ping_status":"closed","template":"templates\/06-transicion.php","meta":{"_acf_changed":false,"om_disable_all_campaigns":false,"inline_featured_image":false,"footnotes":""},"class_list":["post-3770","page","type-page","status-publish","has-post-thumbnail","hentry"],"acf":[],"yoast_head":"<!-- This site is optimized with the Yoast SEO plugin v27.3 - https:\/\/yoast.com\/product\/yoast-seo-wordpress\/ -->\n<title>Relevo Generacional - Teknia<\/title>\n<meta name=\"description\" content=\"La compa\u00f1\u00eda est\u00e1 inmersa en un relevo generacional y en sus plantas conviven personas de diferentes edades que encajan dentro del equipo.\" \/>\n<meta name=\"robots\" content=\"index, follow, max-snippet:-1, max-image-preview:large, max-video-preview:-1\" \/>\n<link rel=\"canonical\" href=\"https:\/\/www.tekniagroup.com\/es\/quienes-somos\/personas\/relevo-generacional\/\" \/>\n<meta property=\"og:locale\" content=\"es_ES\" \/>\n<meta property=\"og:type\" content=\"article\" \/>\n<meta property=\"og:title\" content=\"Relevo Generacional - Teknia\" \/>\n<meta property=\"og:description\" content=\"La compa\u00f1\u00eda est\u00e1 inmersa en un relevo generacional y en sus plantas conviven personas de diferentes edades que encajan dentro del equipo.\" \/>\n<meta property=\"og:url\" content=\"https:\/\/www.tekniagroup.com\/es\/quienes-somos\/personas\/relevo-generacional\/\" \/>\n<meta property=\"og:site_name\" content=\"Teknia\" \/>\n<meta property=\"article:modified_time\" content=\"2025-02-03T15:37:49+00:00\" \/>\n<meta property=\"og:image\" content=\"https:\/\/www.tekniagroup.com\/wp-content\/uploads\/2024\/07\/chrome_krupkegech.png\" \/>\n\t<meta property=\"og:image:width\" content=\"505\" \/>\n\t<meta property=\"og:image:height\" content=\"418\" \/>\n\t<meta property=\"og:image:type\" content=\"image\/png\" \/>\n<meta name=\"twitter:card\" content=\"summary_large_image\" \/>\n<meta name=\"twitter:label1\" content=\"Tiempo de lectura\" \/>\n\t<meta name=\"twitter:data1\" content=\"1 minuto\" \/>\n<script type=\"application\/ld+json\" class=\"yoast-schema-graph\">{\"@context\":\"https:\\\/\\\/schema.org\",\"@graph\":[{\"@type\":\"WebPage\",\"@id\":\"https:\\\/\\\/www.tekniagroup.com\\\/es\\\/quienes-somos\\\/personas\\\/relevo-generacional\\\/\",\"url\":\"https:\\\/\\\/www.tekniagroup.com\\\/es\\\/quienes-somos\\\/personas\\\/relevo-generacional\\\/\",\"name\":\"Relevo Generacional - Teknia\",\"isPartOf\":{\"@id\":\"https:\\\/\\\/www.tekniagroup.com\\\/es\\\/#website\"},\"primaryImageOfPage\":{\"@id\":\"https:\\\/\\\/www.tekniagroup.com\\\/es\\\/quienes-somos\\\/personas\\\/relevo-generacional\\\/#primaryimage\"},\"image\":{\"@id\":\"https:\\\/\\\/www.tekniagroup.com\\\/es\\\/quienes-somos\\\/personas\\\/relevo-generacional\\\/#primaryimage\"},\"thumbnailUrl\":\"https:\\\/\\\/www.tekniagroup.com\\\/wp-content\\\/uploads\\\/2024\\\/07\\\/chrome_krupkegech.png\",\"datePublished\":\"2023-01-27T12:17:32+00:00\",\"dateModified\":\"2025-02-03T15:37:49+00:00\",\"description\":\"La compa\u00f1\u00eda est\u00e1 inmersa en un relevo generacional y en sus plantas conviven personas de diferentes edades que encajan dentro del equipo.\",\"breadcrumb\":{\"@id\":\"https:\\\/\\\/www.tekniagroup.com\\\/es\\\/quienes-somos\\\/personas\\\/relevo-generacional\\\/#breadcrumb\"},\"inLanguage\":\"es\",\"potentialAction\":[{\"@type\":\"ReadAction\",\"target\":[\"https:\\\/\\\/www.tekniagroup.com\\\/es\\\/quienes-somos\\\/personas\\\/relevo-generacional\\\/\"]}]},{\"@type\":\"ImageObject\",\"inLanguage\":\"es\",\"@id\":\"https:\\\/\\\/www.tekniagroup.com\\\/es\\\/quienes-somos\\\/personas\\\/relevo-generacional\\\/#primaryimage\",\"url\":\"https:\\\/\\\/www.tekniagroup.com\\\/wp-content\\\/uploads\\\/2024\\\/07\\\/chrome_krupkegech.png\",\"contentUrl\":\"https:\\\/\\\/www.tekniagroup.com\\\/wp-content\\\/uploads\\\/2024\\\/07\\\/chrome_krupkegech.png\",\"width\":505,\"height\":418},{\"@type\":\"BreadcrumbList\",\"@id\":\"https:\\\/\\\/www.tekniagroup.com\\\/es\\\/quienes-somos\\\/personas\\\/relevo-generacional\\\/#breadcrumb\",\"itemListElement\":[{\"@type\":\"ListItem\",\"position\":1,\"name\":\"Home\",\"item\":\"https:\\\/\\\/www.tekniagroup.com\\\/es\\\/\"},{\"@type\":\"ListItem\",\"position\":2,\"name\":\"Qui\u00e9nes somos\",\"item\":\"https:\\\/\\\/www.tekniagroup.com\\\/es\\\/quienes-somos\\\/\"},{\"@type\":\"ListItem\",\"position\":3,\"name\":\"Personas\",\"item\":\"https:\\\/\\\/www.tekniagroup.com\\\/es\\\/quienes-somos\\\/personas\\\/\"},{\"@type\":\"ListItem\",\"position\":4,\"name\":\"Relevo Generacional\"}]},{\"@type\":\"WebSite\",\"@id\":\"https:\\\/\\\/www.tekniagroup.com\\\/es\\\/#website\",\"url\":\"https:\\\/\\\/www.tekniagroup.com\\\/es\\\/\",\"name\":\"Teknia\",\"description\":\"Your manufacturing partner for mobility\",\"potentialAction\":[{\"@type\":\"SearchAction\",\"target\":{\"@type\":\"EntryPoint\",\"urlTemplate\":\"https:\\\/\\\/www.tekniagroup.com\\\/es\\\/?s={search_term_string}\"},\"query-input\":{\"@type\":\"PropertyValueSpecification\",\"valueRequired\":true,\"valueName\":\"search_term_string\"}}],\"inLanguage\":\"es\"}]}<\/script>\n<!-- \/ Yoast SEO plugin. -->","yoast_head_json":{"title":"Relevo Generacional - Teknia","description":"La compa\u00f1\u00eda est\u00e1 inmersa en un relevo generacional y en sus plantas conviven personas de diferentes edades que encajan dentro del equipo.","robots":{"index":"index","follow":"follow","max-snippet":"max-snippet:-1","max-image-preview":"max-image-preview:large","max-video-preview":"max-video-preview:-1"},"canonical":"https:\/\/www.tekniagroup.com\/es\/quienes-somos\/personas\/relevo-generacional\/","og_locale":"es_ES","og_type":"article","og_title":"Relevo Generacional - Teknia","og_description":"La compa\u00f1\u00eda est\u00e1 inmersa en un relevo generacional y en sus plantas conviven personas de diferentes edades que encajan dentro del equipo.","og_url":"https:\/\/www.tekniagroup.com\/es\/quienes-somos\/personas\/relevo-generacional\/","og_site_name":"Teknia","article_modified_time":"2025-02-03T15:37:49+00:00","og_image":[{"width":505,"height":418,"url":"https:\/\/www.tekniagroup.com\/wp-content\/uploads\/2024\/07\/chrome_krupkegech.png","type":"image\/png"}],"twitter_card":"summary_large_image","twitter_misc":{"Tiempo de lectura":"1 minuto"},"schema":{"@context":"https:\/\/schema.org","@graph":[{"@type":"WebPage","@id":"https:\/\/www.tekniagroup.com\/es\/quienes-somos\/personas\/relevo-generacional\/","url":"https:\/\/www.tekniagroup.com\/es\/quienes-somos\/personas\/relevo-generacional\/","name":"Relevo Generacional - Teknia","isPartOf":{"@id":"https:\/\/www.tekniagroup.com\/es\/#website"},"primaryImageOfPage":{"@id":"https:\/\/www.tekniagroup.com\/es\/quienes-somos\/personas\/relevo-generacional\/#primaryimage"},"image":{"@id":"https:\/\/www.tekniagroup.com\/es\/quienes-somos\/personas\/relevo-generacional\/#primaryimage"},"thumbnailUrl":"https:\/\/www.tekniagroup.com\/wp-content\/uploads\/2024\/07\/chrome_krupkegech.png","datePublished":"2023-01-27T12:17:32+00:00","dateModified":"2025-02-03T15:37:49+00:00","description":"La compa\u00f1\u00eda est\u00e1 inmersa en un relevo generacional y en sus plantas conviven personas de diferentes edades que encajan dentro del equipo.","breadcrumb":{"@id":"https:\/\/www.tekniagroup.com\/es\/quienes-somos\/personas\/relevo-generacional\/#breadcrumb"},"inLanguage":"es","potentialAction":[{"@type":"ReadAction","target":["https:\/\/www.tekniagroup.com\/es\/quienes-somos\/personas\/relevo-generacional\/"]}]},{"@type":"ImageObject","inLanguage":"es","@id":"https:\/\/www.tekniagroup.com\/es\/quienes-somos\/personas\/relevo-generacional\/#primaryimage","url":"https:\/\/www.tekniagroup.com\/wp-content\/uploads\/2024\/07\/chrome_krupkegech.png","contentUrl":"https:\/\/www.tekniagroup.com\/wp-content\/uploads\/2024\/07\/chrome_krupkegech.png","width":505,"height":418},{"@type":"BreadcrumbList","@id":"https:\/\/www.tekniagroup.com\/es\/quienes-somos\/personas\/relevo-generacional\/#breadcrumb","itemListElement":[{"@type":"ListItem","position":1,"name":"Home","item":"https:\/\/www.tekniagroup.com\/es\/"},{"@type":"ListItem","position":2,"name":"Qui\u00e9nes somos","item":"https:\/\/www.tekniagroup.com\/es\/quienes-somos\/"},{"@type":"ListItem","position":3,"name":"Personas","item":"https:\/\/www.tekniagroup.com\/es\/quienes-somos\/personas\/"},{"@type":"ListItem","position":4,"name":"Relevo Generacional"}]},{"@type":"WebSite","@id":"https:\/\/www.tekniagroup.com\/es\/#website","url":"https:\/\/www.tekniagroup.com\/es\/","name":"Teknia","description":"Your manufacturing partner for mobility","potentialAction":[{"@type":"SearchAction","target":{"@type":"EntryPoint","urlTemplate":"https:\/\/www.tekniagroup.com\/es\/?s={search_term_string}"},"query-input":{"@type":"PropertyValueSpecification","valueRequired":true,"valueName":"search_term_string"}}],"inLanguage":"es"}]}},"_links":{"self":[{"href":"https:\/\/www.tekniagroup.com\/es\/wp-json\/wp\/v2\/pages\/3770","targetHints":{"allow":["GET"]}}],"collection":[{"href":"https:\/\/www.tekniagroup.com\/es\/wp-json\/wp\/v2\/pages"}],"about":[{"href":"https:\/\/www.tekniagroup.com\/es\/wp-json\/wp\/v2\/types\/page"}],"author":[{"embeddable":true,"href":"https:\/\/www.tekniagroup.com\/es\/wp-json\/wp\/v2\/users\/10"}],"replies":[{"embeddable":true,"href":"https:\/\/www.tekniagroup.com\/es\/wp-json\/wp\/v2\/comments?post=3770"}],"version-history":[{"count":107,"href":"https:\/\/www.tekniagroup.com\/es\/wp-json\/wp\/v2\/pages\/3770\/revisions"}],"predecessor-version":[{"id":11869,"href":"https:\/\/www.tekniagroup.com\/es\/wp-json\/wp\/v2\/pages\/3770\/revisions\/11869"}],"up":[{"embeddable":true,"href":"https:\/\/www.tekniagroup.com\/es\/wp-json\/wp\/v2\/pages\/2232"}],"wp:featuredmedia":[{"embeddable":true,"href":"https:\/\/www.tekniagroup.com\/es\/wp-json\/wp\/v2\/media\/4002"}],"wp:attachment":[{"href":"https:\/\/www.tekniagroup.com\/es\/wp-json\/wp\/v2\/media?parent=3770"}],"curies":[{"name":"wp","href":"https:\/\/api.w.org\/{rel}","templated":true}]}}