{"id":3629,"date":"2023-06-18T10:53:27","date_gmt":"2023-06-18T10:53:27","guid":{"rendered":"https:\/\/www.tekniagroup.com\/?page_id=3629"},"modified":"2024-07-24T11:54:27","modified_gmt":"2024-07-24T11:54:27","slug":"nuestra-estrategia-de-voluntariado","status":"publish","type":"page","link":"https:\/\/www.tekniagroup.com\/es\/quienes-somos\/informe-de-sostenibilidad-2023\/nuestra-estrategia-de-voluntariado\/","title":{"rendered":"Nuestra estrategia de voluntariado"},"content":{"rendered":"<style type=\"text\/css\">\nmain {padding-top:195px !important;}\nh1{text-align: center !important;}\n@media (max-width: 480px) {\n  img {\n    width:100% !important;\n    height: auto !important;\n  }\n}\n<\/style>\n<p>&nbsp;<\/p>\n<p align=\"center\" data-wp-editing=\"1\"><img decoding=\"async\" class=\"aligncenter wp-image-3668 size-full\" src=\"https:\/\/www.tekniagroup.com\/wp-content\/uploads\/2024\/06\/voluntariado.jpg\" alt=\"Nuestra estrategia de voluntariado\" width=\"100%\" srcset=\"https:\/\/www.tekniagroup.com\/wp-content\/uploads\/2024\/06\/voluntariado.jpg 1200w, https:\/\/www.tekniagroup.com\/wp-content\/uploads\/2024\/06\/voluntariado-300x150.jpg 300w, https:\/\/www.tekniagroup.com\/wp-content\/uploads\/2024\/06\/voluntariado-1024x512.jpg 1024w, https:\/\/www.tekniagroup.com\/wp-content\/uploads\/2024\/06\/voluntariado-768x384.jpg 768w\" sizes=\"(max-width: 1200px) 100vw, 1200px\" \/><\/p>\n<p>&nbsp;<\/p>\n<p>Este a\u00f1o, Teknia aprobaba la creaci\u00f3n de su Comit\u00e9 de Acci\u00f3n Social, \u00f3rgano responsable de la supervisi\u00f3n y coordinaci\u00f3n de sus acciones en materia de impacto social y voluntariado.<\/p>\n<p>Javier Quesada Suescun, fundador y presidente de honor de Teknia, explica la estrategia del Comit\u00e9 en materia de voluntariado y las principales iniciativas de la compa\u00f1\u00eda en 2023.<\/p>\n<p><strong>\u00bfD\u00f3nde se origina el compromiso de Teknia con la acci\u00f3n social y, en especial, con el voluntariado corporativo?<\/strong><\/p>\n<p>Se trata de un compromiso que nos ha acompa\u00f1ado desde el inicio y que siempre he mantenido a nivel personal y profesional. Considero que la educaci\u00f3n es la palanca transformadora de la sociedad y, como empresa, debemos impactar socialmente de manera positiva en las regiones en las que tenemos presencia.<\/p>\n<p>Queremos que el compromiso de Teknia no sea solamente econ\u00f3mico, sino que trascienda m\u00e1s all\u00e1, y de ah\u00ed surge nuestro programa de voluntariado corporativo. Este engloba proyectos como el del desarrollo de centro educativo en el que nuestros empleados organizan sesiones formativas con alumnos para despertar su inter\u00e9s por la ciencia desde una perspectiva pr\u00e1ctica y l\u00fadica.<\/p>\n<p><strong>Un programa que impulsa tambi\u00e9n la formaci\u00f3n de talento joven en el sector de la automoci\u00f3n, \u00bfqu\u00e9 proyecto destacar\u00eda en este \u00e1mbito?<\/strong><\/p>\n<p>En M\u00e9xico, por ejemplo, hemos desarrollado dos acciones de voluntariado con Colonia Juvenil en San Luis Potos\u00ed, donde se ubica uno de nuestros centros de producci\u00f3n. En ellas, nuestros compa\u00f1eros actuaban como mentores que acompa\u00f1aban a los alumnos y los ayudaban en el desarrollo de habilidades clave durante el curso escolar.<\/p>\n<p>Tambi\u00e9n buscamos generar un inter\u00e9s en la educaci\u00f3n STEM y emprendimiento verde, clave para el negocio automovil\u00edstico. Por ejemplo, trabajamos con Codespa en un acercamiento m\u00e1s pr\u00e1ctico a trav\u00e9s de sesiones inspiradoras en los clubs extraescolares de ciencias de cinco escuelas en T\u00e1nger.<\/p>\n<p>En definitiva, siempre hemos apostado por el talento joven, porque entendemos que son la clave para el futuro del sector.<\/p>\n<p><strong>Hablando de emprendimiento, \u00bfc\u00f3mo colabora Teknia con estos emprendedores?<\/strong><\/p>\n<p>Para m\u00ed el emprendimiento es el motor de avance de un pa\u00eds. Por eso, hemos querido poner en marcha un programa de mentoring de la mano de Youth Business Spain, una red de entidades de ayuda a emprendedores j\u00f3venes.<\/p>\n<p>As\u00ed, de la mano de nuestros empleados y de experiencias personales como la m\u00eda, acompa\u00f1amos a j\u00f3venes empresarios y empresarias en etapas tempranas o de reactivaci\u00f3n de su negocio, permitiendo trasladar nuestro conocimiento y expertise para impulsar el desarrollo de sus proyectos.<\/p>\n<p>&nbsp;<\/p>\n","protected":false},"excerpt":{"rendered":"&nbsp; &nbsp; Este a\u00f1o, Teknia aprobaba la creaci\u00f3n de su Comit\u00e9 de Acci\u00f3n Social, \u00f3rgano responsable de la supervisi\u00f3n y coordinaci\u00f3n de sus acciones en materia de impacto social y voluntariado. Javier Quesada Suescun, fundador y presidente de honor de Teknia, explica la estrategia del Comit\u00e9 en materia de voluntariado y las principales iniciativas de&#8230;","protected":false},"author":10,"featured_media":2711,"parent":3527,"menu_order":0,"comment_status":"closed","ping_status":"closed","template":"","meta":{"_acf_changed":false,"om_disable_all_campaigns":false,"inline_featured_image":false,"footnotes":""},"class_list":["post-3629","page","type-page","status-publish","has-post-thumbnail","hentry"],"acf":[],"yoast_head":"<!-- This site is optimized with the Yoast SEO plugin v27.3 - https:\/\/yoast.com\/product\/yoast-seo-wordpress\/ -->\n<title>Nuestra estrategia de voluntariado - Teknia<\/title>\n<meta name=\"robots\" content=\"index, follow, max-snippet:-1, max-image-preview:large, max-video-preview:-1\" \/>\n<link rel=\"canonical\" href=\"https:\/\/www.tekniagroup.com\/es\/quienes-somos\/informe-de-sostenibilidad-2023\/nuestra-estrategia-de-voluntariado\/\" \/>\n<meta property=\"og:locale\" content=\"es_ES\" \/>\n<meta property=\"og:type\" content=\"article\" \/>\n<meta property=\"og:title\" content=\"Nuestra estrategia de voluntariado - Teknia\" \/>\n<meta property=\"og:description\" content=\"&nbsp; &nbsp; Este a\u00f1o, Teknia aprobaba la creaci\u00f3n de su Comit\u00e9 de Acci\u00f3n Social, \u00f3rgano responsable de la supervisi\u00f3n y coordinaci\u00f3n de sus acciones en materia de impacto social y voluntariado. Javier Quesada Suescun, fundador y presidente de honor de Teknia, explica la estrategia del Comit\u00e9 en materia de voluntariado y las principales iniciativas de...\" \/>\n<meta property=\"og:url\" content=\"https:\/\/www.tekniagroup.com\/es\/quienes-somos\/informe-de-sostenibilidad-2023\/nuestra-estrategia-de-voluntariado\/\" \/>\n<meta property=\"og:site_name\" content=\"Teknia\" \/>\n<meta property=\"article:modified_time\" content=\"2024-07-24T11:54:27+00:00\" \/>\n<meta property=\"og:image\" content=\"https:\/\/www.tekniagroup.com\/wp-content\/uploads\/2023\/07\/imagen2-e1690536658242.png\" \/>\n\t<meta property=\"og:image:width\" content=\"429\" \/>\n\t<meta property=\"og:image:height\" content=\"10\" \/>\n\t<meta property=\"og:image:type\" content=\"image\/png\" \/>\n<meta name=\"twitter:card\" content=\"summary_large_image\" \/>\n<meta name=\"twitter:label1\" content=\"Tiempo de lectura\" \/>\n\t<meta name=\"twitter:data1\" content=\"3 minutos\" \/>\n<script type=\"application\/ld+json\" class=\"yoast-schema-graph\">{\"@context\":\"https:\\\/\\\/schema.org\",\"@graph\":[{\"@type\":\"WebPage\",\"@id\":\"https:\\\/\\\/www.tekniagroup.com\\\/es\\\/quienes-somos\\\/informe-de-sostenibilidad-2023\\\/nuestra-estrategia-de-voluntariado\\\/\",\"url\":\"https:\\\/\\\/www.tekniagroup.com\\\/es\\\/quienes-somos\\\/informe-de-sostenibilidad-2023\\\/nuestra-estrategia-de-voluntariado\\\/\",\"name\":\"Nuestra estrategia de voluntariado - Teknia\",\"isPartOf\":{\"@id\":\"https:\\\/\\\/www.tekniagroup.com\\\/es\\\/#website\"},\"primaryImageOfPage\":{\"@id\":\"https:\\\/\\\/www.tekniagroup.com\\\/es\\\/quienes-somos\\\/informe-de-sostenibilidad-2023\\\/nuestra-estrategia-de-voluntariado\\\/#primaryimage\"},\"image\":{\"@id\":\"https:\\\/\\\/www.tekniagroup.com\\\/es\\\/quienes-somos\\\/informe-de-sostenibilidad-2023\\\/nuestra-estrategia-de-voluntariado\\\/#primaryimage\"},\"thumbnailUrl\":\"https:\\\/\\\/www.tekniagroup.com\\\/wp-content\\\/uploads\\\/2023\\\/07\\\/imagen2-e1690536658242.png\",\"datePublished\":\"2023-06-18T10:53:27+00:00\",\"dateModified\":\"2024-07-24T11:54:27+00:00\",\"breadcrumb\":{\"@id\":\"https:\\\/\\\/www.tekniagroup.com\\\/es\\\/quienes-somos\\\/informe-de-sostenibilidad-2023\\\/nuestra-estrategia-de-voluntariado\\\/#breadcrumb\"},\"inLanguage\":\"es\",\"potentialAction\":[{\"@type\":\"ReadAction\",\"target\":[\"https:\\\/\\\/www.tekniagroup.com\\\/es\\\/quienes-somos\\\/informe-de-sostenibilidad-2023\\\/nuestra-estrategia-de-voluntariado\\\/\"]}]},{\"@type\":\"ImageObject\",\"inLanguage\":\"es\",\"@id\":\"https:\\\/\\\/www.tekniagroup.com\\\/es\\\/quienes-somos\\\/informe-de-sostenibilidad-2023\\\/nuestra-estrategia-de-voluntariado\\\/#primaryimage\",\"url\":\"https:\\\/\\\/www.tekniagroup.com\\\/wp-content\\\/uploads\\\/2023\\\/07\\\/imagen2-e1690536658242.png\",\"contentUrl\":\"https:\\\/\\\/www.tekniagroup.com\\\/wp-content\\\/uploads\\\/2023\\\/07\\\/imagen2-e1690536658242.png\",\"width\":429,\"height\":10},{\"@type\":\"BreadcrumbList\",\"@id\":\"https:\\\/\\\/www.tekniagroup.com\\\/es\\\/quienes-somos\\\/informe-de-sostenibilidad-2023\\\/nuestra-estrategia-de-voluntariado\\\/#breadcrumb\",\"itemListElement\":[{\"@type\":\"ListItem\",\"position\":1,\"name\":\"Home\",\"item\":\"https:\\\/\\\/www.tekniagroup.com\\\/es\\\/\"},{\"@type\":\"ListItem\",\"position\":2,\"name\":\"Qui\u00e9nes somos\",\"item\":\"https:\\\/\\\/www.tekniagroup.com\\\/es\\\/quienes-somos\\\/\"},{\"@type\":\"ListItem\",\"position\":3,\"name\":\"Informe de sostenibilidad 2023\",\"item\":\"https:\\\/\\\/www.tekniagroup.com\\\/es\\\/quienes-somos\\\/informe-de-sostenibilidad-2023\\\/\"},{\"@type\":\"ListItem\",\"position\":4,\"name\":\"Nuestra estrategia de voluntariado\"}]},{\"@type\":\"WebSite\",\"@id\":\"https:\\\/\\\/www.tekniagroup.com\\\/es\\\/#website\",\"url\":\"https:\\\/\\\/www.tekniagroup.com\\\/es\\\/\",\"name\":\"Teknia\",\"description\":\"Your manufacturing partner for mobility\",\"potentialAction\":[{\"@type\":\"SearchAction\",\"target\":{\"@type\":\"EntryPoint\",\"urlTemplate\":\"https:\\\/\\\/www.tekniagroup.com\\\/es\\\/?s={search_term_string}\"},\"query-input\":{\"@type\":\"PropertyValueSpecification\",\"valueRequired\":true,\"valueName\":\"search_term_string\"}}],\"inLanguage\":\"es\"}]}<\/script>\n<!-- \/ Yoast SEO plugin. -->","yoast_head_json":{"title":"Nuestra estrategia de voluntariado - Teknia","robots":{"index":"index","follow":"follow","max-snippet":"max-snippet:-1","max-image-preview":"max-image-preview:large","max-video-preview":"max-video-preview:-1"},"canonical":"https:\/\/www.tekniagroup.com\/es\/quienes-somos\/informe-de-sostenibilidad-2023\/nuestra-estrategia-de-voluntariado\/","og_locale":"es_ES","og_type":"article","og_title":"Nuestra estrategia de voluntariado - Teknia","og_description":"&nbsp; &nbsp; Este a\u00f1o, Teknia aprobaba la creaci\u00f3n de su Comit\u00e9 de Acci\u00f3n Social, \u00f3rgano responsable de la supervisi\u00f3n y coordinaci\u00f3n de sus acciones en materia de impacto social y voluntariado. Javier Quesada Suescun, fundador y presidente de honor de Teknia, explica la estrategia del Comit\u00e9 en materia de voluntariado y las principales iniciativas de...","og_url":"https:\/\/www.tekniagroup.com\/es\/quienes-somos\/informe-de-sostenibilidad-2023\/nuestra-estrategia-de-voluntariado\/","og_site_name":"Teknia","article_modified_time":"2024-07-24T11:54:27+00:00","og_image":[{"width":429,"height":10,"url":"https:\/\/www.tekniagroup.com\/wp-content\/uploads\/2023\/07\/imagen2-e1690536658242.png","type":"image\/png"}],"twitter_card":"summary_large_image","twitter_misc":{"Tiempo de lectura":"3 minutos"},"schema":{"@context":"https:\/\/schema.org","@graph":[{"@type":"WebPage","@id":"https:\/\/www.tekniagroup.com\/es\/quienes-somos\/informe-de-sostenibilidad-2023\/nuestra-estrategia-de-voluntariado\/","url":"https:\/\/www.tekniagroup.com\/es\/quienes-somos\/informe-de-sostenibilidad-2023\/nuestra-estrategia-de-voluntariado\/","name":"Nuestra estrategia de voluntariado - Teknia","isPartOf":{"@id":"https:\/\/www.tekniagroup.com\/es\/#website"},"primaryImageOfPage":{"@id":"https:\/\/www.tekniagroup.com\/es\/quienes-somos\/informe-de-sostenibilidad-2023\/nuestra-estrategia-de-voluntariado\/#primaryimage"},"image":{"@id":"https:\/\/www.tekniagroup.com\/es\/quienes-somos\/informe-de-sostenibilidad-2023\/nuestra-estrategia-de-voluntariado\/#primaryimage"},"thumbnailUrl":"https:\/\/www.tekniagroup.com\/wp-content\/uploads\/2023\/07\/imagen2-e1690536658242.png","datePublished":"2023-06-18T10:53:27+00:00","dateModified":"2024-07-24T11:54:27+00:00","breadcrumb":{"@id":"https:\/\/www.tekniagroup.com\/es\/quienes-somos\/informe-de-sostenibilidad-2023\/nuestra-estrategia-de-voluntariado\/#breadcrumb"},"inLanguage":"es","potentialAction":[{"@type":"ReadAction","target":["https:\/\/www.tekniagroup.com\/es\/quienes-somos\/informe-de-sostenibilidad-2023\/nuestra-estrategia-de-voluntariado\/"]}]},{"@type":"ImageObject","inLanguage":"es","@id":"https:\/\/www.tekniagroup.com\/es\/quienes-somos\/informe-de-sostenibilidad-2023\/nuestra-estrategia-de-voluntariado\/#primaryimage","url":"https:\/\/www.tekniagroup.com\/wp-content\/uploads\/2023\/07\/imagen2-e1690536658242.png","contentUrl":"https:\/\/www.tekniagroup.com\/wp-content\/uploads\/2023\/07\/imagen2-e1690536658242.png","width":429,"height":10},{"@type":"BreadcrumbList","@id":"https:\/\/www.tekniagroup.com\/es\/quienes-somos\/informe-de-sostenibilidad-2023\/nuestra-estrategia-de-voluntariado\/#breadcrumb","itemListElement":[{"@type":"ListItem","position":1,"name":"Home","item":"https:\/\/www.tekniagroup.com\/es\/"},{"@type":"ListItem","position":2,"name":"Qui\u00e9nes somos","item":"https:\/\/www.tekniagroup.com\/es\/quienes-somos\/"},{"@type":"ListItem","position":3,"name":"Informe de sostenibilidad 2023","item":"https:\/\/www.tekniagroup.com\/es\/quienes-somos\/informe-de-sostenibilidad-2023\/"},{"@type":"ListItem","position":4,"name":"Nuestra estrategia de voluntariado"}]},{"@type":"WebSite","@id":"https:\/\/www.tekniagroup.com\/es\/#website","url":"https:\/\/www.tekniagroup.com\/es\/","name":"Teknia","description":"Your manufacturing partner for mobility","potentialAction":[{"@type":"SearchAction","target":{"@type":"EntryPoint","urlTemplate":"https:\/\/www.tekniagroup.com\/es\/?s={search_term_string}"},"query-input":{"@type":"PropertyValueSpecification","valueRequired":true,"valueName":"search_term_string"}}],"inLanguage":"es"}]}},"_links":{"self":[{"href":"https:\/\/www.tekniagroup.com\/es\/wp-json\/wp\/v2\/pages\/3629","targetHints":{"allow":["GET"]}}],"collection":[{"href":"https:\/\/www.tekniagroup.com\/es\/wp-json\/wp\/v2\/pages"}],"about":[{"href":"https:\/\/www.tekniagroup.com\/es\/wp-json\/wp\/v2\/types\/page"}],"author":[{"embeddable":true,"href":"https:\/\/www.tekniagroup.com\/es\/wp-json\/wp\/v2\/users\/10"}],"replies":[{"embeddable":true,"href":"https:\/\/www.tekniagroup.com\/es\/wp-json\/wp\/v2\/comments?post=3629"}],"version-history":[{"count":5,"href":"https:\/\/www.tekniagroup.com\/es\/wp-json\/wp\/v2\/pages\/3629\/revisions"}],"predecessor-version":[{"id":3682,"href":"https:\/\/www.tekniagroup.com\/es\/wp-json\/wp\/v2\/pages\/3629\/revisions\/3682"}],"up":[{"embeddable":true,"href":"https:\/\/www.tekniagroup.com\/es\/wp-json\/wp\/v2\/pages\/3527"}],"wp:featuredmedia":[{"embeddable":true,"href":"https:\/\/www.tekniagroup.com\/es\/wp-json\/wp\/v2\/media\/2711"}],"wp:attachment":[{"href":"https:\/\/www.tekniagroup.com\/es\/wp-json\/wp\/v2\/media?parent=3629"}],"curies":[{"name":"wp","href":"https:\/\/api.w.org\/{rel}","templated":true}]}}