{"id":3622,"date":"2023-06-18T10:53:27","date_gmt":"2023-06-18T10:53:27","guid":{"rendered":"https:\/\/www.tekniagroup.com\/?page_id=3622"},"modified":"2025-02-26T12:32:40","modified_gmt":"2025-02-26T10:32:40","slug":"apuesta-por-el-talento-joven","status":"publish","type":"page","link":"https:\/\/www.tekniagroup.com\/es\/quienes-somos\/informe-de-sostenibilidad-2023\/apuesta-por-el-talento-joven\/","title":{"rendered":"Apuesta por el talento joven"},"content":{"rendered":"<style type=\"text\/css\">\nmain {padding-top:195px !important;}<br \/>h1{text-align: center !important;}<br \/>@media (max-width: 480px) {<br \/>  img {<br \/>    width:100% !important;<br \/>    height: auto !important;<br \/>  }<br \/>}<br \/><\/style>\n<p>&nbsp;<\/p>\n<p align=\"center\" data-wp-editing=\"1\"><img decoding=\"async\" class=\"aligncenter wp-image-3672 size-full\" src=\"https:\/\/www.tekniagroup.com\/wp-content\/uploads\/2024\/06\/talento-joven.jpg\" alt=\"Apuesta por el talento joven\" width=\"100%\" srcset=\"https:\/\/www.tekniagroup.com\/wp-content\/uploads\/2024\/06\/talento-joven.jpg 1200w, https:\/\/www.tekniagroup.com\/wp-content\/uploads\/2024\/06\/talento-joven-300x150.jpg 300w, https:\/\/www.tekniagroup.com\/wp-content\/uploads\/2024\/06\/talento-joven-1024x512.jpg 1024w, https:\/\/www.tekniagroup.com\/wp-content\/uploads\/2024\/06\/talento-joven-768x384.jpg 768w\" sizes=\"(max-width: 1200px) 100vw, 1200px\" \/><\/p>\n<p>&nbsp;<\/p>\n<p>Una apuesta por el desarrollo y la formaci\u00f3n del talento joven en los territorios donde est\u00e1n presentes. Esta es la estrategia de Teknia para seguir atrayendo talento. Todo para posicionarse como una empresa l\u00edder en el desarrollo profesional de sus equipos.<\/p>\n<p>Como parte de este compromiso, la compa\u00f1\u00eda mantiene una colaboraci\u00f3n activa con organizaciones y entidades del tercer sector. El objetivo es impulsar el crecimiento profesional y la empleabilidad de los futuros profesionales que se incorporen a la industria de la automoci\u00f3n.<\/p>\n<p><strong>Una FP competente y de calidad: Teknia se une a la Alianza para la Formaci\u00f3n Profesional Dual<\/strong><\/p>\n<p>Este 2023, la empresa se sumaba a la plataforma Alianza para la Formaci\u00f3n Profesional Dual. Se trata de una red de m\u00e1s de 1.500 empresas, centros e instituciones que buscan potenciar el desarrollo de una Formaci\u00f3n Profesional Dual de calidad en Espa\u00f1a.<\/p>\n<p>La Alianza para la FP Dual fue impulsada en 2015 por la Fundaci\u00f3n Bertelsmann, Fundaci\u00f3n Princesa de Girona, CEOE y la C\u00e1mara de Comercio de Espa\u00f1a.<\/p>\n<p><strong>Impulso a la innovaci\u00f3n industrial a trav\u00e9s del ecosistema startup<\/strong><\/p>\n<p>Tambi\u00e9n este a\u00f1o, Teknia ha participado en BIND 4.0, una plataforma de innovaci\u00f3n abierta, referente en la aceleraci\u00f3n de soluciones de Industria 4.0. La iniciativa, liderada por el Gobierno Vasco y el Grupo SPRI, tiene como objetivo principal promover la innovaci\u00f3n en el sector industrial.<\/p>\n<p>Teknia se un\u00eda en su octava convocatoria como socio empresarial. En total, el programa incluye a 70 empresas colaboradoras.<\/p>\n<p><strong>Difusi\u00f3n de \u00e1reas de desarrollo bajo las disciplinas STEM<\/strong><\/p>\n<p>Teknia tambi\u00e9n colabora con el programa Industria Erronka, una iniciativa que trabaja para promover el crecimiento profesional del sector industrial entre las futuras generaciones. Organizado por la Federaci\u00f3n Vizca\u00edna de Empresas del Metal (FVEM), el proyecto incluye visitas y recorridos por f\u00e1bricas. Asimismo se realizan presentaciones en espacios educativos y Teknia participa en el D\u00eda Industrial, una jornada que re\u00fane empresas y centros educativos para ense\u00f1ar a los alumnos contenidos relacionados con el sector y sus actividades.<\/p>\n<p>Durante el curso 2023-2024 se realizar\u00e1, por primera vez, una visita a la planta de Teknia Elorrio, adem\u00e1s de otras visitas a la planta de Teknia Bilbao, que ya se realizaba en a\u00f1os anteriores.<\/p>\n<p>Estas iniciativas se suman a otros proyectos impulsados por Teknia como, por ejemplo, la colaboraci\u00f3n con dos equipos de Formula Student. Se trata de una competici\u00f3n de ingenier\u00eda dirigida a estudiantes de diferentes universidades.<\/p>\n<div class=\"col-12 col-md-12 col-lg-12 col-xl-10\" style=\"margin-top: 50px; margin-bottom: 50px;\">\n<div class=\"row justify-content-between align-items-center\">\n<div class=\"col-12 col-md-12 col-lg-4 text-left\"><img loading=\"lazy\" decoding=\"async\" width=\"200\" height=\"300\" class=\"aligncenter size-medium wp-image-3625\" src=\"https:\/\/www.tekniagroup.com\/wp-content\/uploads\/2024\/06\/jorge-lazaro-200x300.jpg\" alt=\"Jorge L\u00e1zaro\" srcset=\"https:\/\/www.tekniagroup.com\/wp-content\/uploads\/2024\/06\/jorge-lazaro-200x300.jpg 200w, https:\/\/www.tekniagroup.com\/wp-content\/uploads\/2024\/06\/jorge-lazaro-683x1024.jpg 683w, https:\/\/www.tekniagroup.com\/wp-content\/uploads\/2024\/06\/jorge-lazaro-768x1152.jpg 768w, https:\/\/www.tekniagroup.com\/wp-content\/uploads\/2024\/06\/jorge-lazaro-1024x1536.jpg 1024w, https:\/\/www.tekniagroup.com\/wp-content\/uploads\/2024\/06\/jorge-lazaro-1365x2048.jpg 1365w, https:\/\/www.tekniagroup.com\/wp-content\/uploads\/2024\/06\/jorge-lazaro-scaled.jpg 1706w\" sizes=\"auto, (max-width: 200px) 100vw, 200px\" \/><\/div>\n<div class=\"col-12 col-md-12 col-lg-8 text-left\">\n<blockquote><p>\u201cComo fabricantes, comprendemos la importancia de desarrollar un talento especializado y con una formaci\u00f3n completa e integral. Por ello, trabajamos para impulsar el desarrollo y la formaci\u00f3n del talento joven por las disciplinas STEM.\u201d<\/p><\/blockquote>\n<dl style=\"margin-bottom: 50px;\">\n<dt>Jorge L\u00e1zaro<\/dt>\n<dd id=\"job_title\">Director de Recursos Humanos de Teknia<\/dd>\n<\/dl>\n<\/div>\n<\/div>\n<\/div>\n","protected":false},"excerpt":{"rendered":"&nbsp; &nbsp; Una apuesta por el desarrollo y la formaci\u00f3n del talento joven en los territorios donde est\u00e1n presentes. Esta es la estrategia de Teknia para seguir atrayendo talento. Todo para posicionarse como una empresa l\u00edder en el desarrollo profesional de sus equipos. Como parte de este compromiso, la compa\u00f1\u00eda mantiene una colaboraci\u00f3n activa con&#8230;","protected":false},"author":10,"featured_media":2711,"parent":3527,"menu_order":0,"comment_status":"closed","ping_status":"closed","template":"","meta":{"_acf_changed":false,"om_disable_all_campaigns":false,"inline_featured_image":false,"footnotes":""},"class_list":["post-3622","page","type-page","status-publish","has-post-thumbnail","hentry"],"acf":[],"yoast_head":"<!-- This site is optimized with the Yoast SEO plugin v27.3 - https:\/\/yoast.com\/product\/yoast-seo-wordpress\/ -->\n<title>Apuesta por el talento joven - Teknia<\/title>\n<meta name=\"description\" content=\"Teknia es una compa\u00f1\u00eda que apuesta por incorporar talento joven y que participa en distintas iniciativas como el F\u00f3rmula Student\" \/>\n<meta name=\"robots\" content=\"index, follow, max-snippet:-1, max-image-preview:large, max-video-preview:-1\" \/>\n<link rel=\"canonical\" href=\"https:\/\/www.tekniagroup.com\/es\/quienes-somos\/informe-de-sostenibilidad-2023\/apuesta-por-el-talento-joven\/\" \/>\n<meta property=\"og:locale\" content=\"es_ES\" \/>\n<meta property=\"og:type\" content=\"article\" \/>\n<meta property=\"og:title\" content=\"Apuesta por el talento joven - Teknia\" \/>\n<meta property=\"og:description\" content=\"Teknia es una compa\u00f1\u00eda que apuesta por incorporar talento joven y que participa en distintas iniciativas como el F\u00f3rmula Student\" \/>\n<meta property=\"og:url\" content=\"https:\/\/www.tekniagroup.com\/es\/quienes-somos\/informe-de-sostenibilidad-2023\/apuesta-por-el-talento-joven\/\" \/>\n<meta property=\"og:site_name\" content=\"Teknia\" \/>\n<meta property=\"article:modified_time\" content=\"2025-02-26T10:32:40+00:00\" \/>\n<meta property=\"og:image\" content=\"https:\/\/www.tekniagroup.com\/wp-content\/uploads\/2023\/07\/imagen2-e1690536658242.png\" \/>\n\t<meta property=\"og:image:width\" content=\"429\" \/>\n\t<meta property=\"og:image:height\" content=\"10\" \/>\n\t<meta property=\"og:image:type\" content=\"image\/png\" \/>\n<meta name=\"twitter:card\" content=\"summary_large_image\" \/>\n<meta name=\"twitter:label1\" content=\"Tiempo de lectura\" \/>\n\t<meta name=\"twitter:data1\" content=\"3 minutos\" \/>\n<script type=\"application\/ld+json\" class=\"yoast-schema-graph\">{\"@context\":\"https:\\\/\\\/schema.org\",\"@graph\":[{\"@type\":\"WebPage\",\"@id\":\"https:\\\/\\\/www.tekniagroup.com\\\/es\\\/quienes-somos\\\/informe-de-sostenibilidad-2023\\\/apuesta-por-el-talento-joven\\\/\",\"url\":\"https:\\\/\\\/www.tekniagroup.com\\\/es\\\/quienes-somos\\\/informe-de-sostenibilidad-2023\\\/apuesta-por-el-talento-joven\\\/\",\"name\":\"Apuesta por el talento joven - Teknia\",\"isPartOf\":{\"@id\":\"https:\\\/\\\/www.tekniagroup.com\\\/es\\\/#website\"},\"primaryImageOfPage\":{\"@id\":\"https:\\\/\\\/www.tekniagroup.com\\\/es\\\/quienes-somos\\\/informe-de-sostenibilidad-2023\\\/apuesta-por-el-talento-joven\\\/#primaryimage\"},\"image\":{\"@id\":\"https:\\\/\\\/www.tekniagroup.com\\\/es\\\/quienes-somos\\\/informe-de-sostenibilidad-2023\\\/apuesta-por-el-talento-joven\\\/#primaryimage\"},\"thumbnailUrl\":\"https:\\\/\\\/www.tekniagroup.com\\\/wp-content\\\/uploads\\\/2023\\\/07\\\/imagen2-e1690536658242.png\",\"datePublished\":\"2023-06-18T10:53:27+00:00\",\"dateModified\":\"2025-02-26T10:32:40+00:00\",\"description\":\"Teknia es una compa\u00f1\u00eda que apuesta por incorporar talento joven y que participa en distintas iniciativas como el F\u00f3rmula Student\",\"breadcrumb\":{\"@id\":\"https:\\\/\\\/www.tekniagroup.com\\\/es\\\/quienes-somos\\\/informe-de-sostenibilidad-2023\\\/apuesta-por-el-talento-joven\\\/#breadcrumb\"},\"inLanguage\":\"es\",\"potentialAction\":[{\"@type\":\"ReadAction\",\"target\":[\"https:\\\/\\\/www.tekniagroup.com\\\/es\\\/quienes-somos\\\/informe-de-sostenibilidad-2023\\\/apuesta-por-el-talento-joven\\\/\"]}]},{\"@type\":\"ImageObject\",\"inLanguage\":\"es\",\"@id\":\"https:\\\/\\\/www.tekniagroup.com\\\/es\\\/quienes-somos\\\/informe-de-sostenibilidad-2023\\\/apuesta-por-el-talento-joven\\\/#primaryimage\",\"url\":\"https:\\\/\\\/www.tekniagroup.com\\\/wp-content\\\/uploads\\\/2023\\\/07\\\/imagen2-e1690536658242.png\",\"contentUrl\":\"https:\\\/\\\/www.tekniagroup.com\\\/wp-content\\\/uploads\\\/2023\\\/07\\\/imagen2-e1690536658242.png\",\"width\":429,\"height\":10},{\"@type\":\"BreadcrumbList\",\"@id\":\"https:\\\/\\\/www.tekniagroup.com\\\/es\\\/quienes-somos\\\/informe-de-sostenibilidad-2023\\\/apuesta-por-el-talento-joven\\\/#breadcrumb\",\"itemListElement\":[{\"@type\":\"ListItem\",\"position\":1,\"name\":\"Home\",\"item\":\"https:\\\/\\\/www.tekniagroup.com\\\/es\\\/\"},{\"@type\":\"ListItem\",\"position\":2,\"name\":\"Qui\u00e9nes somos\",\"item\":\"https:\\\/\\\/www.tekniagroup.com\\\/es\\\/quienes-somos\\\/\"},{\"@type\":\"ListItem\",\"position\":3,\"name\":\"Informe de sostenibilidad 2023\",\"item\":\"https:\\\/\\\/www.tekniagroup.com\\\/es\\\/quienes-somos\\\/informe-de-sostenibilidad-2023\\\/\"},{\"@type\":\"ListItem\",\"position\":4,\"name\":\"Apuesta por el talento joven\"}]},{\"@type\":\"WebSite\",\"@id\":\"https:\\\/\\\/www.tekniagroup.com\\\/es\\\/#website\",\"url\":\"https:\\\/\\\/www.tekniagroup.com\\\/es\\\/\",\"name\":\"Teknia\",\"description\":\"Your manufacturing partner for mobility\",\"potentialAction\":[{\"@type\":\"SearchAction\",\"target\":{\"@type\":\"EntryPoint\",\"urlTemplate\":\"https:\\\/\\\/www.tekniagroup.com\\\/es\\\/?s={search_term_string}\"},\"query-input\":{\"@type\":\"PropertyValueSpecification\",\"valueRequired\":true,\"valueName\":\"search_term_string\"}}],\"inLanguage\":\"es\"}]}<\/script>\n<!-- \/ Yoast SEO plugin. -->","yoast_head_json":{"title":"Apuesta por el talento joven - Teknia","description":"Teknia es una compa\u00f1\u00eda que apuesta por incorporar talento joven y que participa en distintas iniciativas como el F\u00f3rmula Student","robots":{"index":"index","follow":"follow","max-snippet":"max-snippet:-1","max-image-preview":"max-image-preview:large","max-video-preview":"max-video-preview:-1"},"canonical":"https:\/\/www.tekniagroup.com\/es\/quienes-somos\/informe-de-sostenibilidad-2023\/apuesta-por-el-talento-joven\/","og_locale":"es_ES","og_type":"article","og_title":"Apuesta por el talento joven - Teknia","og_description":"Teknia es una compa\u00f1\u00eda que apuesta por incorporar talento joven y que participa en distintas iniciativas como el F\u00f3rmula Student","og_url":"https:\/\/www.tekniagroup.com\/es\/quienes-somos\/informe-de-sostenibilidad-2023\/apuesta-por-el-talento-joven\/","og_site_name":"Teknia","article_modified_time":"2025-02-26T10:32:40+00:00","og_image":[{"width":429,"height":10,"url":"https:\/\/www.tekniagroup.com\/wp-content\/uploads\/2023\/07\/imagen2-e1690536658242.png","type":"image\/png"}],"twitter_card":"summary_large_image","twitter_misc":{"Tiempo de lectura":"3 minutos"},"schema":{"@context":"https:\/\/schema.org","@graph":[{"@type":"WebPage","@id":"https:\/\/www.tekniagroup.com\/es\/quienes-somos\/informe-de-sostenibilidad-2023\/apuesta-por-el-talento-joven\/","url":"https:\/\/www.tekniagroup.com\/es\/quienes-somos\/informe-de-sostenibilidad-2023\/apuesta-por-el-talento-joven\/","name":"Apuesta por el talento joven - Teknia","isPartOf":{"@id":"https:\/\/www.tekniagroup.com\/es\/#website"},"primaryImageOfPage":{"@id":"https:\/\/www.tekniagroup.com\/es\/quienes-somos\/informe-de-sostenibilidad-2023\/apuesta-por-el-talento-joven\/#primaryimage"},"image":{"@id":"https:\/\/www.tekniagroup.com\/es\/quienes-somos\/informe-de-sostenibilidad-2023\/apuesta-por-el-talento-joven\/#primaryimage"},"thumbnailUrl":"https:\/\/www.tekniagroup.com\/wp-content\/uploads\/2023\/07\/imagen2-e1690536658242.png","datePublished":"2023-06-18T10:53:27+00:00","dateModified":"2025-02-26T10:32:40+00:00","description":"Teknia es una compa\u00f1\u00eda que apuesta por incorporar talento joven y que participa en distintas iniciativas como el F\u00f3rmula Student","breadcrumb":{"@id":"https:\/\/www.tekniagroup.com\/es\/quienes-somos\/informe-de-sostenibilidad-2023\/apuesta-por-el-talento-joven\/#breadcrumb"},"inLanguage":"es","potentialAction":[{"@type":"ReadAction","target":["https:\/\/www.tekniagroup.com\/es\/quienes-somos\/informe-de-sostenibilidad-2023\/apuesta-por-el-talento-joven\/"]}]},{"@type":"ImageObject","inLanguage":"es","@id":"https:\/\/www.tekniagroup.com\/es\/quienes-somos\/informe-de-sostenibilidad-2023\/apuesta-por-el-talento-joven\/#primaryimage","url":"https:\/\/www.tekniagroup.com\/wp-content\/uploads\/2023\/07\/imagen2-e1690536658242.png","contentUrl":"https:\/\/www.tekniagroup.com\/wp-content\/uploads\/2023\/07\/imagen2-e1690536658242.png","width":429,"height":10},{"@type":"BreadcrumbList","@id":"https:\/\/www.tekniagroup.com\/es\/quienes-somos\/informe-de-sostenibilidad-2023\/apuesta-por-el-talento-joven\/#breadcrumb","itemListElement":[{"@type":"ListItem","position":1,"name":"Home","item":"https:\/\/www.tekniagroup.com\/es\/"},{"@type":"ListItem","position":2,"name":"Qui\u00e9nes somos","item":"https:\/\/www.tekniagroup.com\/es\/quienes-somos\/"},{"@type":"ListItem","position":3,"name":"Informe de sostenibilidad 2023","item":"https:\/\/www.tekniagroup.com\/es\/quienes-somos\/informe-de-sostenibilidad-2023\/"},{"@type":"ListItem","position":4,"name":"Apuesta por el talento joven"}]},{"@type":"WebSite","@id":"https:\/\/www.tekniagroup.com\/es\/#website","url":"https:\/\/www.tekniagroup.com\/es\/","name":"Teknia","description":"Your manufacturing partner for mobility","potentialAction":[{"@type":"SearchAction","target":{"@type":"EntryPoint","urlTemplate":"https:\/\/www.tekniagroup.com\/es\/?s={search_term_string}"},"query-input":{"@type":"PropertyValueSpecification","valueRequired":true,"valueName":"search_term_string"}}],"inLanguage":"es"}]}},"_links":{"self":[{"href":"https:\/\/www.tekniagroup.com\/es\/wp-json\/wp\/v2\/pages\/3622","targetHints":{"allow":["GET"]}}],"collection":[{"href":"https:\/\/www.tekniagroup.com\/es\/wp-json\/wp\/v2\/pages"}],"about":[{"href":"https:\/\/www.tekniagroup.com\/es\/wp-json\/wp\/v2\/types\/page"}],"author":[{"embeddable":true,"href":"https:\/\/www.tekniagroup.com\/es\/wp-json\/wp\/v2\/users\/10"}],"replies":[{"embeddable":true,"href":"https:\/\/www.tekniagroup.com\/es\/wp-json\/wp\/v2\/comments?post=3622"}],"version-history":[{"count":9,"href":"https:\/\/www.tekniagroup.com\/es\/wp-json\/wp\/v2\/pages\/3622\/revisions"}],"predecessor-version":[{"id":11901,"href":"https:\/\/www.tekniagroup.com\/es\/wp-json\/wp\/v2\/pages\/3622\/revisions\/11901"}],"up":[{"embeddable":true,"href":"https:\/\/www.tekniagroup.com\/es\/wp-json\/wp\/v2\/pages\/3527"}],"wp:featuredmedia":[{"embeddable":true,"href":"https:\/\/www.tekniagroup.com\/es\/wp-json\/wp\/v2\/media\/2711"}],"wp:attachment":[{"href":"https:\/\/www.tekniagroup.com\/es\/wp-json\/wp\/v2\/media?parent=3622"}],"curies":[{"name":"wp","href":"https:\/\/api.w.org\/{rel}","templated":true}]}}