{"id":3532,"date":"2023-06-18T10:59:01","date_gmt":"2023-06-18T10:59:01","guid":{"rendered":"https:\/\/www.tekniagroup.com\/?page_id=3532"},"modified":"2024-07-24T11:54:09","modified_gmt":"2024-07-24T11:54:09","slug":"transferencia-de-conocimiento-la-clave-el-exito","status":"publish","type":"page","link":"https:\/\/www.tekniagroup.com\/es\/quienes-somos\/informe-de-sostenibilidad-2023\/transferencia-de-conocimiento-la-clave-el-exito\/","title":{"rendered":"Transferencia de conocimiento, la clave el \u00e9xito"},"content":{"rendered":"<style type=\"text\/css\">\nmain {padding-top:195px !important;}\nh1{text-align: center !important;}\n@media (max-width: 480px) {\n  img {\n    width:100% !important;\n    height: auto !important;\n  }\n}\n<\/style>\n<p>&nbsp;<\/p>\n<p align=\"center\" data-wp-editing=\"1\"><img decoding=\"async\" class=\"aligncenter wp-image-3664 size-full\" src=\"https:\/\/www.tekniagroup.com\/wp-content\/uploads\/2024\/06\/transferencia-conociemiento.jpg\" alt=\"Transferencia de conocimiento, la clave el \u00e9xito\" width=\"100%\" srcset=\"https:\/\/www.tekniagroup.com\/wp-content\/uploads\/2024\/06\/transferencia-conociemiento.jpg 1200w, https:\/\/www.tekniagroup.com\/wp-content\/uploads\/2024\/06\/transferencia-conociemiento-300x150.jpg 300w, https:\/\/www.tekniagroup.com\/wp-content\/uploads\/2024\/06\/transferencia-conociemiento-1024x512.jpg 1024w, https:\/\/www.tekniagroup.com\/wp-content\/uploads\/2024\/06\/transferencia-conociemiento-768x384.jpg 768w\" sizes=\"(max-width: 1200px) 100vw, 1200px\" \/><\/p>\n<p>&nbsp;<\/p>\n<p>Teknia contin\u00faa su apuesta por la innovaci\u00f3n y transferencia de conocimiento como palancas clave de acci\u00f3n. Con el objetivo de consolidar el crecimiento en la regi\u00f3n norteamericana y posicionar a la planta de San Luis Potos\u00ed (M\u00e9xico) como l\u00edder en la fabricaci\u00f3n de dep\u00f3sitos de pl\u00e1stico en M\u00e9xico, la compa\u00f1\u00eda ha puesto en marcha un proyecto de transferencia de conocimiento entre sus filiales.<\/p>\n<p><strong>Un salto tecnol\u00f3gico<\/strong><\/p>\n<p>Desde el centro de dise\u00f1o y desarrollo de Teknia Rzesz\u00f3w, Polonia (que da soporte al resto de plantas de pl\u00e1stico en materia de I+D) se han liderado las tecnolog\u00edas de proceso necesarias para la fabricaci\u00f3n de estos componentes en la central de San Luis Potos\u00ed, desde el dise\u00f1o de moldes hasta el seguimiento de la fabricaci\u00f3n de las estaciones de soldado automatizadas.<\/p>\n<p>Estos proyectos suponen un salto tecnol\u00f3gico para la planta, que ha requerido la instalaci\u00f3n de estaciones de soldado con alto grado de automatizaci\u00f3n, robots de seis ejes y marcado l\u00e1ser, entre otros.<\/p>\n<p><strong>La innovaci\u00f3n como palanca transversal<\/strong><\/p>\n<p>El centro de dise\u00f1o y desarrollo de Teknia Rzesz\u00f3w tiene como objetivo liderar el desarrollo tecnol\u00f3gico de nuevos productos y procesos para las plantas de la compa\u00f1\u00eda a nivel mundial. Para ello, se estructura en tres \u00e1reas o departamentos interconectados: dise\u00f1o, ingenier\u00eda y toolshop.<\/p>\n<p>De esta forma, el centro lidera y dirige los esfuerzos en materia de innovaci\u00f3n, que luego se implementan y trasladan a las plantas, en funci\u00f3n de cada tecnolog\u00eda.<\/p>\n<div class=\"col-12 col-md-12 col-lg-12 col-xl-10\" style=\"margin-top:50px; margin-bottom:50px;\">\n<div class=\"row justify-content-between align-items-center\">\n<div class=\"col-12 col-md-12 col-lg-4 text-left\">\n<img loading=\"lazy\" decoding=\"async\" width=\"200\" height=\"300\" class=\"aligncenter size-medium wp-image-3613\" src=\"https:\/\/www.tekniagroup.com\/wp-content\/uploads\/2024\/06\/antonio-zapata-200x300.jpg\" alt=\"Antonio Zapata\" srcset=\"https:\/\/www.tekniagroup.com\/wp-content\/uploads\/2024\/06\/antonio-zapata-200x300.jpg 200w, https:\/\/www.tekniagroup.com\/wp-content\/uploads\/2024\/06\/antonio-zapata-683x1024.jpg 683w, https:\/\/www.tekniagroup.com\/wp-content\/uploads\/2024\/06\/antonio-zapata-768x1152.jpg 768w, https:\/\/www.tekniagroup.com\/wp-content\/uploads\/2024\/06\/antonio-zapata-1024x1536.jpg 1024w, https:\/\/www.tekniagroup.com\/wp-content\/uploads\/2024\/06\/antonio-zapata-1365x2048.jpg 1365w, https:\/\/www.tekniagroup.com\/wp-content\/uploads\/2024\/06\/antonio-zapata-scaled.jpg 1707w\" sizes=\"auto, (max-width: 200px) 100vw, 200px\" \/>\n<\/div>\n<div class=\"col-12 col-md-12 col-lg-8  text-left\">\n<blockquote><p>\u201cLa nueva organizaci\u00f3n de la planta y las previsiones de expansi\u00f3n que hemos planteado nos permitir\u00e1 expandir San Luis Potos\u00ed hasta los 3.000 m2 y situarla a la vanguardia de la fabricaci\u00f3n de dep\u00f3sitos de pl\u00e1stico en M\u00e9xico.\u201d<\/p><\/blockquote>\n<dl style=\"margin-bottom: 50px;\">\n<dt>Antonio Zapata<\/dt>\n<dd id=\"job_title\">Plant Manager de Teknia San Luis Potos\u00ed<\/dd>\n<\/dl>\n<\/div>\n<\/div>\n<\/div>\n","protected":false},"excerpt":{"rendered":"&nbsp; &nbsp; Teknia contin\u00faa su apuesta por la innovaci\u00f3n y transferencia de conocimiento como palancas clave de acci\u00f3n. Con el objetivo de consolidar el crecimiento en la regi\u00f3n norteamericana y posicionar a la planta de San Luis Potos\u00ed (M\u00e9xico) como l\u00edder en la fabricaci\u00f3n de dep\u00f3sitos de pl\u00e1stico en M\u00e9xico, la compa\u00f1\u00eda ha puesto en&#8230;","protected":false},"author":10,"featured_media":2711,"parent":3527,"menu_order":0,"comment_status":"closed","ping_status":"closed","template":"","meta":{"_acf_changed":false,"om_disable_all_campaigns":false,"inline_featured_image":false,"footnotes":""},"class_list":["post-3532","page","type-page","status-publish","has-post-thumbnail","hentry"],"acf":[],"yoast_head":"<!-- This site is optimized with the Yoast SEO plugin v27.3 - https:\/\/yoast.com\/product\/yoast-seo-wordpress\/ -->\n<title>Transferencia de conocimiento, la clave el \u00e9xito - Teknia<\/title>\n<meta name=\"robots\" content=\"index, follow, max-snippet:-1, max-image-preview:large, max-video-preview:-1\" \/>\n<link rel=\"canonical\" href=\"https:\/\/www.tekniagroup.com\/es\/quienes-somos\/informe-de-sostenibilidad-2023\/transferencia-de-conocimiento-la-clave-el-exito\/\" \/>\n<meta property=\"og:locale\" content=\"es_ES\" \/>\n<meta property=\"og:type\" content=\"article\" \/>\n<meta property=\"og:title\" content=\"Transferencia de conocimiento, la clave el \u00e9xito - Teknia\" \/>\n<meta property=\"og:description\" content=\"&nbsp; &nbsp; Teknia contin\u00faa su apuesta por la innovaci\u00f3n y transferencia de conocimiento como palancas clave de acci\u00f3n. Con el objetivo de consolidar el crecimiento en la regi\u00f3n norteamericana y posicionar a la planta de San Luis Potos\u00ed (M\u00e9xico) como l\u00edder en la fabricaci\u00f3n de dep\u00f3sitos de pl\u00e1stico en M\u00e9xico, la compa\u00f1\u00eda ha puesto en...\" \/>\n<meta property=\"og:url\" content=\"https:\/\/www.tekniagroup.com\/es\/quienes-somos\/informe-de-sostenibilidad-2023\/transferencia-de-conocimiento-la-clave-el-exito\/\" \/>\n<meta property=\"og:site_name\" content=\"Teknia\" \/>\n<meta property=\"article:modified_time\" content=\"2024-07-24T11:54:09+00:00\" \/>\n<meta property=\"og:image\" content=\"https:\/\/www.tekniagroup.com\/wp-content\/uploads\/2023\/07\/imagen2-e1690536658242.png\" \/>\n\t<meta property=\"og:image:width\" content=\"429\" \/>\n\t<meta property=\"og:image:height\" content=\"10\" \/>\n\t<meta property=\"og:image:type\" content=\"image\/png\" \/>\n<meta name=\"twitter:card\" content=\"summary_large_image\" \/>\n<meta name=\"twitter:label1\" content=\"Tiempo de lectura\" \/>\n\t<meta name=\"twitter:data1\" content=\"2 minutos\" \/>\n<script type=\"application\/ld+json\" class=\"yoast-schema-graph\">{\"@context\":\"https:\\\/\\\/schema.org\",\"@graph\":[{\"@type\":\"WebPage\",\"@id\":\"https:\\\/\\\/www.tekniagroup.com\\\/es\\\/quienes-somos\\\/informe-de-sostenibilidad-2023\\\/transferencia-de-conocimiento-la-clave-el-exito\\\/\",\"url\":\"https:\\\/\\\/www.tekniagroup.com\\\/es\\\/quienes-somos\\\/informe-de-sostenibilidad-2023\\\/transferencia-de-conocimiento-la-clave-el-exito\\\/\",\"name\":\"Transferencia de conocimiento, la clave el \u00e9xito - Teknia\",\"isPartOf\":{\"@id\":\"https:\\\/\\\/www.tekniagroup.com\\\/es\\\/#website\"},\"primaryImageOfPage\":{\"@id\":\"https:\\\/\\\/www.tekniagroup.com\\\/es\\\/quienes-somos\\\/informe-de-sostenibilidad-2023\\\/transferencia-de-conocimiento-la-clave-el-exito\\\/#primaryimage\"},\"image\":{\"@id\":\"https:\\\/\\\/www.tekniagroup.com\\\/es\\\/quienes-somos\\\/informe-de-sostenibilidad-2023\\\/transferencia-de-conocimiento-la-clave-el-exito\\\/#primaryimage\"},\"thumbnailUrl\":\"https:\\\/\\\/www.tekniagroup.com\\\/wp-content\\\/uploads\\\/2023\\\/07\\\/imagen2-e1690536658242.png\",\"datePublished\":\"2023-06-18T10:59:01+00:00\",\"dateModified\":\"2024-07-24T11:54:09+00:00\",\"breadcrumb\":{\"@id\":\"https:\\\/\\\/www.tekniagroup.com\\\/es\\\/quienes-somos\\\/informe-de-sostenibilidad-2023\\\/transferencia-de-conocimiento-la-clave-el-exito\\\/#breadcrumb\"},\"inLanguage\":\"es\",\"potentialAction\":[{\"@type\":\"ReadAction\",\"target\":[\"https:\\\/\\\/www.tekniagroup.com\\\/es\\\/quienes-somos\\\/informe-de-sostenibilidad-2023\\\/transferencia-de-conocimiento-la-clave-el-exito\\\/\"]}]},{\"@type\":\"ImageObject\",\"inLanguage\":\"es\",\"@id\":\"https:\\\/\\\/www.tekniagroup.com\\\/es\\\/quienes-somos\\\/informe-de-sostenibilidad-2023\\\/transferencia-de-conocimiento-la-clave-el-exito\\\/#primaryimage\",\"url\":\"https:\\\/\\\/www.tekniagroup.com\\\/wp-content\\\/uploads\\\/2023\\\/07\\\/imagen2-e1690536658242.png\",\"contentUrl\":\"https:\\\/\\\/www.tekniagroup.com\\\/wp-content\\\/uploads\\\/2023\\\/07\\\/imagen2-e1690536658242.png\",\"width\":429,\"height\":10},{\"@type\":\"BreadcrumbList\",\"@id\":\"https:\\\/\\\/www.tekniagroup.com\\\/es\\\/quienes-somos\\\/informe-de-sostenibilidad-2023\\\/transferencia-de-conocimiento-la-clave-el-exito\\\/#breadcrumb\",\"itemListElement\":[{\"@type\":\"ListItem\",\"position\":1,\"name\":\"Home\",\"item\":\"https:\\\/\\\/www.tekniagroup.com\\\/es\\\/\"},{\"@type\":\"ListItem\",\"position\":2,\"name\":\"Qui\u00e9nes somos\",\"item\":\"https:\\\/\\\/www.tekniagroup.com\\\/es\\\/quienes-somos\\\/\"},{\"@type\":\"ListItem\",\"position\":3,\"name\":\"Informe de sostenibilidad 2023\",\"item\":\"https:\\\/\\\/www.tekniagroup.com\\\/es\\\/quienes-somos\\\/informe-de-sostenibilidad-2023\\\/\"},{\"@type\":\"ListItem\",\"position\":4,\"name\":\"Transferencia de conocimiento, la clave el \u00e9xito\"}]},{\"@type\":\"WebSite\",\"@id\":\"https:\\\/\\\/www.tekniagroup.com\\\/es\\\/#website\",\"url\":\"https:\\\/\\\/www.tekniagroup.com\\\/es\\\/\",\"name\":\"Teknia\",\"description\":\"Your manufacturing partner for mobility\",\"potentialAction\":[{\"@type\":\"SearchAction\",\"target\":{\"@type\":\"EntryPoint\",\"urlTemplate\":\"https:\\\/\\\/www.tekniagroup.com\\\/es\\\/?s={search_term_string}\"},\"query-input\":{\"@type\":\"PropertyValueSpecification\",\"valueRequired\":true,\"valueName\":\"search_term_string\"}}],\"inLanguage\":\"es\"}]}<\/script>\n<!-- \/ Yoast SEO plugin. -->","yoast_head_json":{"title":"Transferencia de conocimiento, la clave el \u00e9xito - Teknia","robots":{"index":"index","follow":"follow","max-snippet":"max-snippet:-1","max-image-preview":"max-image-preview:large","max-video-preview":"max-video-preview:-1"},"canonical":"https:\/\/www.tekniagroup.com\/es\/quienes-somos\/informe-de-sostenibilidad-2023\/transferencia-de-conocimiento-la-clave-el-exito\/","og_locale":"es_ES","og_type":"article","og_title":"Transferencia de conocimiento, la clave el \u00e9xito - Teknia","og_description":"&nbsp; &nbsp; Teknia contin\u00faa su apuesta por la innovaci\u00f3n y transferencia de conocimiento como palancas clave de acci\u00f3n. Con el objetivo de consolidar el crecimiento en la regi\u00f3n norteamericana y posicionar a la planta de San Luis Potos\u00ed (M\u00e9xico) como l\u00edder en la fabricaci\u00f3n de dep\u00f3sitos de pl\u00e1stico en M\u00e9xico, la compa\u00f1\u00eda ha puesto en...","og_url":"https:\/\/www.tekniagroup.com\/es\/quienes-somos\/informe-de-sostenibilidad-2023\/transferencia-de-conocimiento-la-clave-el-exito\/","og_site_name":"Teknia","article_modified_time":"2024-07-24T11:54:09+00:00","og_image":[{"width":429,"height":10,"url":"https:\/\/www.tekniagroup.com\/wp-content\/uploads\/2023\/07\/imagen2-e1690536658242.png","type":"image\/png"}],"twitter_card":"summary_large_image","twitter_misc":{"Tiempo de lectura":"2 minutos"},"schema":{"@context":"https:\/\/schema.org","@graph":[{"@type":"WebPage","@id":"https:\/\/www.tekniagroup.com\/es\/quienes-somos\/informe-de-sostenibilidad-2023\/transferencia-de-conocimiento-la-clave-el-exito\/","url":"https:\/\/www.tekniagroup.com\/es\/quienes-somos\/informe-de-sostenibilidad-2023\/transferencia-de-conocimiento-la-clave-el-exito\/","name":"Transferencia de conocimiento, la clave el \u00e9xito - Teknia","isPartOf":{"@id":"https:\/\/www.tekniagroup.com\/es\/#website"},"primaryImageOfPage":{"@id":"https:\/\/www.tekniagroup.com\/es\/quienes-somos\/informe-de-sostenibilidad-2023\/transferencia-de-conocimiento-la-clave-el-exito\/#primaryimage"},"image":{"@id":"https:\/\/www.tekniagroup.com\/es\/quienes-somos\/informe-de-sostenibilidad-2023\/transferencia-de-conocimiento-la-clave-el-exito\/#primaryimage"},"thumbnailUrl":"https:\/\/www.tekniagroup.com\/wp-content\/uploads\/2023\/07\/imagen2-e1690536658242.png","datePublished":"2023-06-18T10:59:01+00:00","dateModified":"2024-07-24T11:54:09+00:00","breadcrumb":{"@id":"https:\/\/www.tekniagroup.com\/es\/quienes-somos\/informe-de-sostenibilidad-2023\/transferencia-de-conocimiento-la-clave-el-exito\/#breadcrumb"},"inLanguage":"es","potentialAction":[{"@type":"ReadAction","target":["https:\/\/www.tekniagroup.com\/es\/quienes-somos\/informe-de-sostenibilidad-2023\/transferencia-de-conocimiento-la-clave-el-exito\/"]}]},{"@type":"ImageObject","inLanguage":"es","@id":"https:\/\/www.tekniagroup.com\/es\/quienes-somos\/informe-de-sostenibilidad-2023\/transferencia-de-conocimiento-la-clave-el-exito\/#primaryimage","url":"https:\/\/www.tekniagroup.com\/wp-content\/uploads\/2023\/07\/imagen2-e1690536658242.png","contentUrl":"https:\/\/www.tekniagroup.com\/wp-content\/uploads\/2023\/07\/imagen2-e1690536658242.png","width":429,"height":10},{"@type":"BreadcrumbList","@id":"https:\/\/www.tekniagroup.com\/es\/quienes-somos\/informe-de-sostenibilidad-2023\/transferencia-de-conocimiento-la-clave-el-exito\/#breadcrumb","itemListElement":[{"@type":"ListItem","position":1,"name":"Home","item":"https:\/\/www.tekniagroup.com\/es\/"},{"@type":"ListItem","position":2,"name":"Qui\u00e9nes somos","item":"https:\/\/www.tekniagroup.com\/es\/quienes-somos\/"},{"@type":"ListItem","position":3,"name":"Informe de sostenibilidad 2023","item":"https:\/\/www.tekniagroup.com\/es\/quienes-somos\/informe-de-sostenibilidad-2023\/"},{"@type":"ListItem","position":4,"name":"Transferencia de conocimiento, la clave el \u00e9xito"}]},{"@type":"WebSite","@id":"https:\/\/www.tekniagroup.com\/es\/#website","url":"https:\/\/www.tekniagroup.com\/es\/","name":"Teknia","description":"Your manufacturing partner for mobility","potentialAction":[{"@type":"SearchAction","target":{"@type":"EntryPoint","urlTemplate":"https:\/\/www.tekniagroup.com\/es\/?s={search_term_string}"},"query-input":{"@type":"PropertyValueSpecification","valueRequired":true,"valueName":"search_term_string"}}],"inLanguage":"es"}]}},"_links":{"self":[{"href":"https:\/\/www.tekniagroup.com\/es\/wp-json\/wp\/v2\/pages\/3532","targetHints":{"allow":["GET"]}}],"collection":[{"href":"https:\/\/www.tekniagroup.com\/es\/wp-json\/wp\/v2\/pages"}],"about":[{"href":"https:\/\/www.tekniagroup.com\/es\/wp-json\/wp\/v2\/types\/page"}],"author":[{"embeddable":true,"href":"https:\/\/www.tekniagroup.com\/es\/wp-json\/wp\/v2\/users\/10"}],"replies":[{"embeddable":true,"href":"https:\/\/www.tekniagroup.com\/es\/wp-json\/wp\/v2\/comments?post=3532"}],"version-history":[{"count":5,"href":"https:\/\/www.tekniagroup.com\/es\/wp-json\/wp\/v2\/pages\/3532\/revisions"}],"predecessor-version":[{"id":3683,"href":"https:\/\/www.tekniagroup.com\/es\/wp-json\/wp\/v2\/pages\/3532\/revisions\/3683"}],"up":[{"embeddable":true,"href":"https:\/\/www.tekniagroup.com\/es\/wp-json\/wp\/v2\/pages\/3527"}],"wp:featuredmedia":[{"embeddable":true,"href":"https:\/\/www.tekniagroup.com\/es\/wp-json\/wp\/v2\/media\/2711"}],"wp:attachment":[{"href":"https:\/\/www.tekniagroup.com\/es\/wp-json\/wp\/v2\/media?parent=3532"}],"curies":[{"name":"wp","href":"https:\/\/api.w.org\/{rel}","templated":true}]}}