{"id":3530,"date":"2023-06-18T11:00:07","date_gmt":"2023-06-18T11:00:07","guid":{"rendered":"https:\/\/www.tekniagroup.com\/?page_id=3530"},"modified":"2024-07-24T11:53:59","modified_gmt":"2024-07-24T11:53:59","slug":"un-paso-adelante-en-la-energia-verde","status":"publish","type":"page","link":"https:\/\/www.tekniagroup.com\/es\/quienes-somos\/informe-de-sostenibilidad-2023\/un-paso-adelante-en-la-energia-verde\/","title":{"rendered":"Un paso adelante en la energ\u00eda verde"},"content":{"rendered":"<style type=\"text\/css\">\nmain {padding-top:195px !important;}\nh1{text-align: center !important;}\n@media (max-width: 480px) {\n  img {\n    width:100% !important;\n    height: auto !important;\n  }\n}\n<\/style>\n<p>&nbsp;<\/p>\n<p align=\"center\" data-wp-editing=\"1\"><img decoding=\"async\" class=\"aligncenter wp-image-3652 size-full\" src=\"https:\/\/www.tekniagroup.com\/wp-content\/uploads\/2024\/06\/energia-verde.jpg\" alt=\"Un paso adelante en la energ\u00eda verde\" width=\"100%\" srcset=\"https:\/\/www.tekniagroup.com\/wp-content\/uploads\/2024\/06\/energia-verde.jpg 1200w, https:\/\/www.tekniagroup.com\/wp-content\/uploads\/2024\/06\/energia-verde-300x150.jpg 300w, https:\/\/www.tekniagroup.com\/wp-content\/uploads\/2024\/06\/energia-verde-1024x512.jpg 1024w, https:\/\/www.tekniagroup.com\/wp-content\/uploads\/2024\/06\/energia-verde-768x384.jpg 768w\" sizes=\"(max-width: 1200px) 100vw, 1200px\" \/><\/p>\n<p>&nbsp;<\/p>\n<p>Teknia refuerza su compromiso con la energ\u00eda renovable con la instalaci\u00f3n de nuevos paneles solares en tres plantas de producci\u00f3n. Las instalaciones, que se han realizado en <strong>Pedrola, Santander<\/strong> y<strong> Ampuero<\/strong>, forman parte del proyecto de autoconsumo responsable de Teknia, con el que la empresa ya garantiza un 69% de electricidad proveniente de fuentes renovables para estas plantas.<\/p>\n<p>Este proyecto se suma a los contratos de energ\u00eda con Garant\u00edas de Origen Renovable (GdO) que la compa\u00f1\u00eda ya mantiene con Endesa y Engie. Ambas acciones acercan a Teknia a sus objetivos de reducci\u00f3n de emisiones de CO<sub>2<\/sub>, entre los que se encuentra garantizar un consumo de energ\u00eda renovable en, al menos, el 50% de las plantas antes de 2025.<\/p>\n<p><strong>Pr\u00f3ximas instalaciones<\/strong><\/p>\n<p>Junto a las f\u00e1bricas de Pedrola, Santander y Ampuero, las pr\u00f3ximas plantas en instalar paneles ser\u00e1n las de Elorrio, Oradea y T\u00e1nger, alcanzando un ahorro del 12% en el consumo de electricidad de la red en estas plantas.<\/p>\n<p><strong>La apuesta de Teknia por la energ\u00eda verde<\/strong><\/p>\n<table style=\"text-align: center;\">\n<tbody>\n<tr>\n<td>Reducci\u00f3n del <strong style=\"font-size: 24px;\">17,6%<\/strong> de huella de carbono por cada euro producido<\/td>\n<td>Casi el <strong style=\"font-size: 24px;\">70%<\/strong> de la electricidad consumida en las plantas con paneles proviene de fuentes renovables<\/td>\n<td><strong style=\"font-size: 24px;\">12%<\/strong> de ahorro en el consumo de electricidad de la red de las plantas con paneles solares<\/td>\n<\/tr>\n<\/tbody>\n<\/table>\n<div class=\"col-12 col-md-12 col-lg-12 col-xl-10\" style=\"margin-top:50px; margin-bottom:50px;\">\n<div class=\"row justify-content-between align-items-center\">\n<div class=\"col-12 col-md-12 col-lg-4 text-left\">\n<img loading=\"lazy\" decoding=\"async\" width=\"200\" height=\"300\" class=\"aligncenter size-medium wp-image-3600\" src=\"https:\/\/www.tekniagroup.com\/wp-content\/uploads\/2024\/06\/antonio-j--orpez-200x300.jpg\" alt=\"Antonio J. Orpez\" srcset=\"https:\/\/www.tekniagroup.com\/wp-content\/uploads\/2024\/06\/antonio-j--orpez-200x300.jpg 200w, https:\/\/www.tekniagroup.com\/wp-content\/uploads\/2024\/06\/antonio-j--orpez-683x1024.jpg 683w, https:\/\/www.tekniagroup.com\/wp-content\/uploads\/2024\/06\/antonio-j--orpez-768x1152.jpg 768w, https:\/\/www.tekniagroup.com\/wp-content\/uploads\/2024\/06\/antonio-j--orpez-1024x1536.jpg 1024w, https:\/\/www.tekniagroup.com\/wp-content\/uploads\/2024\/06\/antonio-j--orpez-1365x2048.jpg 1365w, https:\/\/www.tekniagroup.com\/wp-content\/uploads\/2024\/06\/antonio-j--orpez-scaled.jpg 1706w\" sizes=\"auto, (max-width: 200px) 100vw, 200px\" \/>\n<\/div>\n<div class=\"col-12 col-md-12 col-lg-8  text-left\">\n<blockquote><p>\u201cSeguimos avanzando en el camino hacia la neutralidad en carbono con esta y otras iniciativas, como la mejora de la eficiencia energ\u00e9tica, que adem\u00e1s nos ha permitido ahorrar m\u00e1s de 3 millones de euros desde 2014.\u201d<\/p><\/blockquote>\n<dl style=\"margin-bottom: 50px;\">\n<dt>Antonio J. Orpez<\/dt>\n<dd id=\"job_title\">Responsable de Energ\u00eda e Instalaciones<\/dd>\n<\/dl>\n<\/div>\n<\/div>\n<\/div>\n","protected":false},"excerpt":{"rendered":"&nbsp; &nbsp; Teknia refuerza su compromiso con la energ\u00eda renovable con la instalaci\u00f3n de nuevos paneles solares en tres plantas de producci\u00f3n. Las instalaciones, que se han realizado en Pedrola, Santander y Ampuero, forman parte del proyecto de autoconsumo responsable de Teknia, con el que la empresa ya garantiza un 69% de electricidad proveniente de&#8230;","protected":false},"author":10,"featured_media":2711,"parent":3527,"menu_order":0,"comment_status":"closed","ping_status":"closed","template":"","meta":{"_acf_changed":false,"om_disable_all_campaigns":false,"inline_featured_image":false,"footnotes":""},"class_list":["post-3530","page","type-page","status-publish","has-post-thumbnail","hentry"],"acf":[],"yoast_head":"<!-- This site is optimized with the Yoast SEO plugin v27.3 - https:\/\/yoast.com\/product\/yoast-seo-wordpress\/ -->\n<title>Un paso adelante en la energ\u00eda verde - Teknia<\/title>\n<meta name=\"robots\" content=\"index, follow, max-snippet:-1, max-image-preview:large, max-video-preview:-1\" \/>\n<link rel=\"canonical\" href=\"https:\/\/www.tekniagroup.com\/es\/quienes-somos\/informe-de-sostenibilidad-2023\/un-paso-adelante-en-la-energia-verde\/\" \/>\n<meta property=\"og:locale\" content=\"es_ES\" \/>\n<meta property=\"og:type\" content=\"article\" \/>\n<meta property=\"og:title\" content=\"Un paso adelante en la energ\u00eda verde - Teknia\" \/>\n<meta property=\"og:description\" content=\"&nbsp; &nbsp; Teknia refuerza su compromiso con la energ\u00eda renovable con la instalaci\u00f3n de nuevos paneles solares en tres plantas de producci\u00f3n. Las instalaciones, que se han realizado en Pedrola, Santander y Ampuero, forman parte del proyecto de autoconsumo responsable de Teknia, con el que la empresa ya garantiza un 69% de electricidad proveniente de...\" \/>\n<meta property=\"og:url\" content=\"https:\/\/www.tekniagroup.com\/es\/quienes-somos\/informe-de-sostenibilidad-2023\/un-paso-adelante-en-la-energia-verde\/\" \/>\n<meta property=\"og:site_name\" content=\"Teknia\" \/>\n<meta property=\"article:modified_time\" content=\"2024-07-24T11:53:59+00:00\" \/>\n<meta property=\"og:image\" content=\"https:\/\/www.tekniagroup.com\/wp-content\/uploads\/2023\/07\/imagen2-e1690536658242.png\" \/>\n\t<meta property=\"og:image:width\" content=\"429\" \/>\n\t<meta property=\"og:image:height\" content=\"10\" \/>\n\t<meta property=\"og:image:type\" content=\"image\/png\" \/>\n<meta name=\"twitter:card\" content=\"summary_large_image\" \/>\n<meta name=\"twitter:label1\" content=\"Tiempo de lectura\" \/>\n\t<meta name=\"twitter:data1\" content=\"2 minutos\" \/>\n<script type=\"application\/ld+json\" class=\"yoast-schema-graph\">{\"@context\":\"https:\\\/\\\/schema.org\",\"@graph\":[{\"@type\":\"WebPage\",\"@id\":\"https:\\\/\\\/www.tekniagroup.com\\\/es\\\/quienes-somos\\\/informe-de-sostenibilidad-2023\\\/un-paso-adelante-en-la-energia-verde\\\/\",\"url\":\"https:\\\/\\\/www.tekniagroup.com\\\/es\\\/quienes-somos\\\/informe-de-sostenibilidad-2023\\\/un-paso-adelante-en-la-energia-verde\\\/\",\"name\":\"Un paso adelante en la energ\u00eda verde - Teknia\",\"isPartOf\":{\"@id\":\"https:\\\/\\\/www.tekniagroup.com\\\/es\\\/#website\"},\"primaryImageOfPage\":{\"@id\":\"https:\\\/\\\/www.tekniagroup.com\\\/es\\\/quienes-somos\\\/informe-de-sostenibilidad-2023\\\/un-paso-adelante-en-la-energia-verde\\\/#primaryimage\"},\"image\":{\"@id\":\"https:\\\/\\\/www.tekniagroup.com\\\/es\\\/quienes-somos\\\/informe-de-sostenibilidad-2023\\\/un-paso-adelante-en-la-energia-verde\\\/#primaryimage\"},\"thumbnailUrl\":\"https:\\\/\\\/www.tekniagroup.com\\\/wp-content\\\/uploads\\\/2023\\\/07\\\/imagen2-e1690536658242.png\",\"datePublished\":\"2023-06-18T11:00:07+00:00\",\"dateModified\":\"2024-07-24T11:53:59+00:00\",\"breadcrumb\":{\"@id\":\"https:\\\/\\\/www.tekniagroup.com\\\/es\\\/quienes-somos\\\/informe-de-sostenibilidad-2023\\\/un-paso-adelante-en-la-energia-verde\\\/#breadcrumb\"},\"inLanguage\":\"es\",\"potentialAction\":[{\"@type\":\"ReadAction\",\"target\":[\"https:\\\/\\\/www.tekniagroup.com\\\/es\\\/quienes-somos\\\/informe-de-sostenibilidad-2023\\\/un-paso-adelante-en-la-energia-verde\\\/\"]}]},{\"@type\":\"ImageObject\",\"inLanguage\":\"es\",\"@id\":\"https:\\\/\\\/www.tekniagroup.com\\\/es\\\/quienes-somos\\\/informe-de-sostenibilidad-2023\\\/un-paso-adelante-en-la-energia-verde\\\/#primaryimage\",\"url\":\"https:\\\/\\\/www.tekniagroup.com\\\/wp-content\\\/uploads\\\/2023\\\/07\\\/imagen2-e1690536658242.png\",\"contentUrl\":\"https:\\\/\\\/www.tekniagroup.com\\\/wp-content\\\/uploads\\\/2023\\\/07\\\/imagen2-e1690536658242.png\",\"width\":429,\"height\":10},{\"@type\":\"BreadcrumbList\",\"@id\":\"https:\\\/\\\/www.tekniagroup.com\\\/es\\\/quienes-somos\\\/informe-de-sostenibilidad-2023\\\/un-paso-adelante-en-la-energia-verde\\\/#breadcrumb\",\"itemListElement\":[{\"@type\":\"ListItem\",\"position\":1,\"name\":\"Home\",\"item\":\"https:\\\/\\\/www.tekniagroup.com\\\/es\\\/\"},{\"@type\":\"ListItem\",\"position\":2,\"name\":\"Qui\u00e9nes somos\",\"item\":\"https:\\\/\\\/www.tekniagroup.com\\\/es\\\/quienes-somos\\\/\"},{\"@type\":\"ListItem\",\"position\":3,\"name\":\"Informe de sostenibilidad 2023\",\"item\":\"https:\\\/\\\/www.tekniagroup.com\\\/es\\\/quienes-somos\\\/informe-de-sostenibilidad-2023\\\/\"},{\"@type\":\"ListItem\",\"position\":4,\"name\":\"Un paso adelante en la energ\u00eda verde\"}]},{\"@type\":\"WebSite\",\"@id\":\"https:\\\/\\\/www.tekniagroup.com\\\/es\\\/#website\",\"url\":\"https:\\\/\\\/www.tekniagroup.com\\\/es\\\/\",\"name\":\"Teknia\",\"description\":\"Your manufacturing partner for mobility\",\"potentialAction\":[{\"@type\":\"SearchAction\",\"target\":{\"@type\":\"EntryPoint\",\"urlTemplate\":\"https:\\\/\\\/www.tekniagroup.com\\\/es\\\/?s={search_term_string}\"},\"query-input\":{\"@type\":\"PropertyValueSpecification\",\"valueRequired\":true,\"valueName\":\"search_term_string\"}}],\"inLanguage\":\"es\"}]}<\/script>\n<!-- \/ Yoast SEO plugin. -->","yoast_head_json":{"title":"Un paso adelante en la energ\u00eda verde - Teknia","robots":{"index":"index","follow":"follow","max-snippet":"max-snippet:-1","max-image-preview":"max-image-preview:large","max-video-preview":"max-video-preview:-1"},"canonical":"https:\/\/www.tekniagroup.com\/es\/quienes-somos\/informe-de-sostenibilidad-2023\/un-paso-adelante-en-la-energia-verde\/","og_locale":"es_ES","og_type":"article","og_title":"Un paso adelante en la energ\u00eda verde - Teknia","og_description":"&nbsp; &nbsp; Teknia refuerza su compromiso con la energ\u00eda renovable con la instalaci\u00f3n de nuevos paneles solares en tres plantas de producci\u00f3n. Las instalaciones, que se han realizado en Pedrola, Santander y Ampuero, forman parte del proyecto de autoconsumo responsable de Teknia, con el que la empresa ya garantiza un 69% de electricidad proveniente de...","og_url":"https:\/\/www.tekniagroup.com\/es\/quienes-somos\/informe-de-sostenibilidad-2023\/un-paso-adelante-en-la-energia-verde\/","og_site_name":"Teknia","article_modified_time":"2024-07-24T11:53:59+00:00","og_image":[{"width":429,"height":10,"url":"https:\/\/www.tekniagroup.com\/wp-content\/uploads\/2023\/07\/imagen2-e1690536658242.png","type":"image\/png"}],"twitter_card":"summary_large_image","twitter_misc":{"Tiempo de lectura":"2 minutos"},"schema":{"@context":"https:\/\/schema.org","@graph":[{"@type":"WebPage","@id":"https:\/\/www.tekniagroup.com\/es\/quienes-somos\/informe-de-sostenibilidad-2023\/un-paso-adelante-en-la-energia-verde\/","url":"https:\/\/www.tekniagroup.com\/es\/quienes-somos\/informe-de-sostenibilidad-2023\/un-paso-adelante-en-la-energia-verde\/","name":"Un paso adelante en la energ\u00eda verde - Teknia","isPartOf":{"@id":"https:\/\/www.tekniagroup.com\/es\/#website"},"primaryImageOfPage":{"@id":"https:\/\/www.tekniagroup.com\/es\/quienes-somos\/informe-de-sostenibilidad-2023\/un-paso-adelante-en-la-energia-verde\/#primaryimage"},"image":{"@id":"https:\/\/www.tekniagroup.com\/es\/quienes-somos\/informe-de-sostenibilidad-2023\/un-paso-adelante-en-la-energia-verde\/#primaryimage"},"thumbnailUrl":"https:\/\/www.tekniagroup.com\/wp-content\/uploads\/2023\/07\/imagen2-e1690536658242.png","datePublished":"2023-06-18T11:00:07+00:00","dateModified":"2024-07-24T11:53:59+00:00","breadcrumb":{"@id":"https:\/\/www.tekniagroup.com\/es\/quienes-somos\/informe-de-sostenibilidad-2023\/un-paso-adelante-en-la-energia-verde\/#breadcrumb"},"inLanguage":"es","potentialAction":[{"@type":"ReadAction","target":["https:\/\/www.tekniagroup.com\/es\/quienes-somos\/informe-de-sostenibilidad-2023\/un-paso-adelante-en-la-energia-verde\/"]}]},{"@type":"ImageObject","inLanguage":"es","@id":"https:\/\/www.tekniagroup.com\/es\/quienes-somos\/informe-de-sostenibilidad-2023\/un-paso-adelante-en-la-energia-verde\/#primaryimage","url":"https:\/\/www.tekniagroup.com\/wp-content\/uploads\/2023\/07\/imagen2-e1690536658242.png","contentUrl":"https:\/\/www.tekniagroup.com\/wp-content\/uploads\/2023\/07\/imagen2-e1690536658242.png","width":429,"height":10},{"@type":"BreadcrumbList","@id":"https:\/\/www.tekniagroup.com\/es\/quienes-somos\/informe-de-sostenibilidad-2023\/un-paso-adelante-en-la-energia-verde\/#breadcrumb","itemListElement":[{"@type":"ListItem","position":1,"name":"Home","item":"https:\/\/www.tekniagroup.com\/es\/"},{"@type":"ListItem","position":2,"name":"Qui\u00e9nes somos","item":"https:\/\/www.tekniagroup.com\/es\/quienes-somos\/"},{"@type":"ListItem","position":3,"name":"Informe de sostenibilidad 2023","item":"https:\/\/www.tekniagroup.com\/es\/quienes-somos\/informe-de-sostenibilidad-2023\/"},{"@type":"ListItem","position":4,"name":"Un paso adelante en la energ\u00eda verde"}]},{"@type":"WebSite","@id":"https:\/\/www.tekniagroup.com\/es\/#website","url":"https:\/\/www.tekniagroup.com\/es\/","name":"Teknia","description":"Your manufacturing partner for mobility","potentialAction":[{"@type":"SearchAction","target":{"@type":"EntryPoint","urlTemplate":"https:\/\/www.tekniagroup.com\/es\/?s={search_term_string}"},"query-input":{"@type":"PropertyValueSpecification","valueRequired":true,"valueName":"search_term_string"}}],"inLanguage":"es"}]}},"_links":{"self":[{"href":"https:\/\/www.tekniagroup.com\/es\/wp-json\/wp\/v2\/pages\/3530","targetHints":{"allow":["GET"]}}],"collection":[{"href":"https:\/\/www.tekniagroup.com\/es\/wp-json\/wp\/v2\/pages"}],"about":[{"href":"https:\/\/www.tekniagroup.com\/es\/wp-json\/wp\/v2\/types\/page"}],"author":[{"embeddable":true,"href":"https:\/\/www.tekniagroup.com\/es\/wp-json\/wp\/v2\/users\/10"}],"replies":[{"embeddable":true,"href":"https:\/\/www.tekniagroup.com\/es\/wp-json\/wp\/v2\/comments?post=3530"}],"version-history":[{"count":8,"href":"https:\/\/www.tekniagroup.com\/es\/wp-json\/wp\/v2\/pages\/3530\/revisions"}],"predecessor-version":[{"id":3685,"href":"https:\/\/www.tekniagroup.com\/es\/wp-json\/wp\/v2\/pages\/3530\/revisions\/3685"}],"up":[{"embeddable":true,"href":"https:\/\/www.tekniagroup.com\/es\/wp-json\/wp\/v2\/pages\/3527"}],"wp:featuredmedia":[{"embeddable":true,"href":"https:\/\/www.tekniagroup.com\/es\/wp-json\/wp\/v2\/media\/2711"}],"wp:attachment":[{"href":"https:\/\/www.tekniagroup.com\/es\/wp-json\/wp\/v2\/media?parent=3530"}],"curies":[{"name":"wp","href":"https:\/\/api.w.org\/{rel}","templated":true}]}}