{"id":3529,"date":"2023-06-18T11:01:11","date_gmt":"2023-06-18T11:01:11","guid":{"rendered":"https:\/\/www.tekniagroup.com\/?page_id=3529"},"modified":"2024-07-24T11:53:54","modified_gmt":"2024-07-24T11:53:54","slug":"nuestro-primer-strategic-day","status":"publish","type":"page","link":"https:\/\/www.tekniagroup.com\/es\/quienes-somos\/informe-de-sostenibilidad-2023\/nuestro-primer-strategic-day\/","title":{"rendered":"Nuestro primer Strategic Day"},"content":{"rendered":"<style type=\"text\/css\">\nmain {padding-top:195px !important;}\nh1{text-align: center !important;}\n@media (max-width: 480px) {\n  img {\n    width:100% !important;\n    height: auto !important;\n  }\n}\n<\/style>\n<p>&nbsp;<\/p>\n<p align=\"center\" data-wp-editing=\"1\"><img decoding=\"async\" class=\"aligncenter wp-image-3645 size-full\" src=\"https:\/\/www.tekniagroup.com\/wp-content\/uploads\/2024\/06\/strategic-day.jpg\" alt=\"Nuestro primer Strategic Day\" width=\"100%\" srcset=\"https:\/\/www.tekniagroup.com\/wp-content\/uploads\/2024\/06\/strategic-day.jpg 1200w, https:\/\/www.tekniagroup.com\/wp-content\/uploads\/2024\/06\/strategic-day-300x150.jpg 300w, https:\/\/www.tekniagroup.com\/wp-content\/uploads\/2024\/06\/strategic-day-1024x512.jpg 1024w, https:\/\/www.tekniagroup.com\/wp-content\/uploads\/2024\/06\/strategic-day-768x384.jpg 768w\" sizes=\"(max-width: 1200px) 100vw, 1200px\" \/><\/p>\n<p>&nbsp;<\/p>\n<p>Teknia present\u00f3 en su planta Teknia Bilbao su nuevo plan estrat\u00e9gico a bancos, entidades financieras e instituciones. As\u00ed, la compa\u00f1\u00eda celebr\u00f3 su primer Strategic Day, una jornada dirigida a poner en valor su modelo de negocio y perspectivas de crecimiento para los pr\u00f3ximos a\u00f1os.<\/p>\n<p>En el evento se present\u00f3 el nuevo plan estrat\u00e9gico \u2018Moving Teknia 2025\u2019, junto con la estrategia financiera del Grupo, los principales logros comerciales de la compa\u00f1\u00eda y los planes en el \u00e1mbito de la Sostenibilidad.<\/p>\n<p>El \u2018Strategic Day\u2019 fue liderado por el director general de Teknia, Javier Quesada de Luis, quien, junto con varios miembros del equipo directivo ofreci\u00f3 una visi\u00f3n general de la compa\u00f1\u00eda en el momento actual.<\/p>\n<p>El evento fue organizado por el equipo de Comunicaci\u00f3n y Relaciones Institucionales de Teknia, y sirvi\u00f3 tambi\u00e9n para que los asistentes conocieran la planta. El equipo de Teknia Bilbao acompa\u00f1\u00f3 a los invitados en una visita por las instalaciones, explicando la tecnolog\u00eda del mecanizado y la posici\u00f3n de la f\u00e1brica desde un punto de vista m\u00e1s t\u00e9cnico.<\/p>\n<p><strong>Conociendo Teknia desde una perspectiva de triple impacto<\/strong><\/p>\n<p>En la jornada tambi\u00e9n se presentaron los principales compromisos en sostenibilidad de Teknia para los pr\u00f3ximos a\u00f1os. As\u00ed, se explic\u00f3 que, entre otras metas, la compa\u00f1\u00eda quiere alcanzar objetivos del 80% de consumo energ\u00e9tico de origen renovable o mantener requisitos ESG para el 100% de sus proveedores.<\/p>\n<p>Seg\u00fan explic\u00f3 la compa\u00f1\u00eda, la sostenibilidad ha evolucionado hasta posicionarse como un tema clave en la agenda regulatoria y en temas prioritarios para clientes, entidades financieras e instituciones.<\/p>\n<div class=\"col-12 col-md-12 col-lg-12 col-xl-10\" style=\"margin-top:50px; margin-bottom:50px;\">\n<div class=\"row justify-content-between align-items-center\">\n<div class=\"col-12 col-md-12 col-lg-4 text-left\">\n<img loading=\"lazy\" decoding=\"async\" class=\"aligncenter wp-image-3579 size-medium\" src=\"https:\/\/www.tekniagroup.com\/wp-content\/uploads\/2024\/06\/gonzalo-prieto-200x300.jpg\" alt=\"Gonzalo Prieto\" width=\"200\" height=\"300\" srcset=\"https:\/\/www.tekniagroup.com\/wp-content\/uploads\/2024\/06\/gonzalo-prieto-200x300.jpg 200w, https:\/\/www.tekniagroup.com\/wp-content\/uploads\/2024\/06\/gonzalo-prieto-683x1024.jpg 683w, https:\/\/www.tekniagroup.com\/wp-content\/uploads\/2024\/06\/gonzalo-prieto-768x1152.jpg 768w, https:\/\/www.tekniagroup.com\/wp-content\/uploads\/2024\/06\/gonzalo-prieto-1024x1536.jpg 1024w, https:\/\/www.tekniagroup.com\/wp-content\/uploads\/2024\/06\/gonzalo-prieto-1365x2048.jpg 1365w, https:\/\/www.tekniagroup.com\/wp-content\/uploads\/2024\/06\/gonzalo-prieto-scaled.jpg 1707w\" sizes=\"auto, (max-width: 200px) 100vw, 200px\" \/>\n<\/div>\n<div class=\"col-12 col-md-12 col-lg-8  text-left\">\n<blockquote><p>\u201cDentro de su compromiso para reforzar las relaciones con todos los p\u00fablicos de inter\u00e9s, el Strategic Day nos permite hacer part\u00edcipes de nuestra hoja de ruta a nuestros socios financieros e instituciones. Estamos muy satisfechos con la gran acogida que ha tenido y de haber podido transmitir la energ\u00eda y determinaci\u00f3n con la que afrontamos el futuro\u201d<\/p><\/blockquote>\n<dl style=\"margin-bottom: 50px;\">\n<dt><strong>Gonzalo Prieto<\/strong><\/dt>\n<dd id=\"job_title\">Director de Comunicaci\u00f3n y Relaciones Institucionales de Teknia.<\/dd>\n<\/dl>\n<\/div>\n<\/div>\n<\/div>\n","protected":false},"excerpt":{"rendered":"&nbsp; &nbsp; Teknia present\u00f3 en su planta Teknia Bilbao su nuevo plan estrat\u00e9gico a bancos, entidades financieras e instituciones. As\u00ed, la compa\u00f1\u00eda celebr\u00f3 su primer Strategic Day, una jornada dirigida a poner en valor su modelo de negocio y perspectivas de crecimiento para los pr\u00f3ximos a\u00f1os. En el evento se present\u00f3 el nuevo plan estrat\u00e9gico&#8230;","protected":false},"author":10,"featured_media":2711,"parent":3527,"menu_order":0,"comment_status":"closed","ping_status":"closed","template":"","meta":{"_acf_changed":false,"om_disable_all_campaigns":false,"inline_featured_image":false,"footnotes":""},"class_list":["post-3529","page","type-page","status-publish","has-post-thumbnail","hentry"],"acf":[],"yoast_head":"<!-- This site is optimized with the Yoast SEO plugin v27.3 - https:\/\/yoast.com\/product\/yoast-seo-wordpress\/ -->\n<title>Nuestro primer Strategic Day - Teknia<\/title>\n<meta name=\"robots\" content=\"index, follow, max-snippet:-1, max-image-preview:large, max-video-preview:-1\" \/>\n<link rel=\"canonical\" href=\"https:\/\/www.tekniagroup.com\/es\/quienes-somos\/informe-de-sostenibilidad-2023\/nuestro-primer-strategic-day\/\" \/>\n<meta property=\"og:locale\" content=\"es_ES\" \/>\n<meta property=\"og:type\" content=\"article\" \/>\n<meta property=\"og:title\" content=\"Nuestro primer Strategic Day - Teknia\" \/>\n<meta property=\"og:description\" content=\"&nbsp; &nbsp; Teknia present\u00f3 en su planta Teknia Bilbao su nuevo plan estrat\u00e9gico a bancos, entidades financieras e instituciones. As\u00ed, la compa\u00f1\u00eda celebr\u00f3 su primer Strategic Day, una jornada dirigida a poner en valor su modelo de negocio y perspectivas de crecimiento para los pr\u00f3ximos a\u00f1os. En el evento se present\u00f3 el nuevo plan estrat\u00e9gico...\" \/>\n<meta property=\"og:url\" content=\"https:\/\/www.tekniagroup.com\/es\/quienes-somos\/informe-de-sostenibilidad-2023\/nuestro-primer-strategic-day\/\" \/>\n<meta property=\"og:site_name\" content=\"Teknia\" \/>\n<meta property=\"article:modified_time\" content=\"2024-07-24T11:53:54+00:00\" \/>\n<meta property=\"og:image\" content=\"https:\/\/www.tekniagroup.com\/wp-content\/uploads\/2023\/07\/imagen2-e1690536658242.png\" \/>\n\t<meta property=\"og:image:width\" content=\"429\" \/>\n\t<meta property=\"og:image:height\" content=\"10\" \/>\n\t<meta property=\"og:image:type\" content=\"image\/png\" \/>\n<meta name=\"twitter:card\" content=\"summary_large_image\" \/>\n<meta name=\"twitter:label1\" content=\"Tiempo de lectura\" \/>\n\t<meta name=\"twitter:data1\" content=\"2 minutos\" \/>\n<script type=\"application\/ld+json\" class=\"yoast-schema-graph\">{\"@context\":\"https:\\\/\\\/schema.org\",\"@graph\":[{\"@type\":\"WebPage\",\"@id\":\"https:\\\/\\\/www.tekniagroup.com\\\/es\\\/quienes-somos\\\/informe-de-sostenibilidad-2023\\\/nuestro-primer-strategic-day\\\/\",\"url\":\"https:\\\/\\\/www.tekniagroup.com\\\/es\\\/quienes-somos\\\/informe-de-sostenibilidad-2023\\\/nuestro-primer-strategic-day\\\/\",\"name\":\"Nuestro primer Strategic Day - Teknia\",\"isPartOf\":{\"@id\":\"https:\\\/\\\/www.tekniagroup.com\\\/es\\\/#website\"},\"primaryImageOfPage\":{\"@id\":\"https:\\\/\\\/www.tekniagroup.com\\\/es\\\/quienes-somos\\\/informe-de-sostenibilidad-2023\\\/nuestro-primer-strategic-day\\\/#primaryimage\"},\"image\":{\"@id\":\"https:\\\/\\\/www.tekniagroup.com\\\/es\\\/quienes-somos\\\/informe-de-sostenibilidad-2023\\\/nuestro-primer-strategic-day\\\/#primaryimage\"},\"thumbnailUrl\":\"https:\\\/\\\/www.tekniagroup.com\\\/wp-content\\\/uploads\\\/2023\\\/07\\\/imagen2-e1690536658242.png\",\"datePublished\":\"2023-06-18T11:01:11+00:00\",\"dateModified\":\"2024-07-24T11:53:54+00:00\",\"breadcrumb\":{\"@id\":\"https:\\\/\\\/www.tekniagroup.com\\\/es\\\/quienes-somos\\\/informe-de-sostenibilidad-2023\\\/nuestro-primer-strategic-day\\\/#breadcrumb\"},\"inLanguage\":\"es\",\"potentialAction\":[{\"@type\":\"ReadAction\",\"target\":[\"https:\\\/\\\/www.tekniagroup.com\\\/es\\\/quienes-somos\\\/informe-de-sostenibilidad-2023\\\/nuestro-primer-strategic-day\\\/\"]}]},{\"@type\":\"ImageObject\",\"inLanguage\":\"es\",\"@id\":\"https:\\\/\\\/www.tekniagroup.com\\\/es\\\/quienes-somos\\\/informe-de-sostenibilidad-2023\\\/nuestro-primer-strategic-day\\\/#primaryimage\",\"url\":\"https:\\\/\\\/www.tekniagroup.com\\\/wp-content\\\/uploads\\\/2023\\\/07\\\/imagen2-e1690536658242.png\",\"contentUrl\":\"https:\\\/\\\/www.tekniagroup.com\\\/wp-content\\\/uploads\\\/2023\\\/07\\\/imagen2-e1690536658242.png\",\"width\":429,\"height\":10},{\"@type\":\"BreadcrumbList\",\"@id\":\"https:\\\/\\\/www.tekniagroup.com\\\/es\\\/quienes-somos\\\/informe-de-sostenibilidad-2023\\\/nuestro-primer-strategic-day\\\/#breadcrumb\",\"itemListElement\":[{\"@type\":\"ListItem\",\"position\":1,\"name\":\"Home\",\"item\":\"https:\\\/\\\/www.tekniagroup.com\\\/es\\\/\"},{\"@type\":\"ListItem\",\"position\":2,\"name\":\"Qui\u00e9nes somos\",\"item\":\"https:\\\/\\\/www.tekniagroup.com\\\/es\\\/quienes-somos\\\/\"},{\"@type\":\"ListItem\",\"position\":3,\"name\":\"Informe de sostenibilidad 2023\",\"item\":\"https:\\\/\\\/www.tekniagroup.com\\\/es\\\/quienes-somos\\\/informe-de-sostenibilidad-2023\\\/\"},{\"@type\":\"ListItem\",\"position\":4,\"name\":\"Nuestro primer Strategic Day\"}]},{\"@type\":\"WebSite\",\"@id\":\"https:\\\/\\\/www.tekniagroup.com\\\/es\\\/#website\",\"url\":\"https:\\\/\\\/www.tekniagroup.com\\\/es\\\/\",\"name\":\"Teknia\",\"description\":\"Your manufacturing partner for mobility\",\"potentialAction\":[{\"@type\":\"SearchAction\",\"target\":{\"@type\":\"EntryPoint\",\"urlTemplate\":\"https:\\\/\\\/www.tekniagroup.com\\\/es\\\/?s={search_term_string}\"},\"query-input\":{\"@type\":\"PropertyValueSpecification\",\"valueRequired\":true,\"valueName\":\"search_term_string\"}}],\"inLanguage\":\"es\"}]}<\/script>\n<!-- \/ Yoast SEO plugin. -->","yoast_head_json":{"title":"Nuestro primer Strategic Day - Teknia","robots":{"index":"index","follow":"follow","max-snippet":"max-snippet:-1","max-image-preview":"max-image-preview:large","max-video-preview":"max-video-preview:-1"},"canonical":"https:\/\/www.tekniagroup.com\/es\/quienes-somos\/informe-de-sostenibilidad-2023\/nuestro-primer-strategic-day\/","og_locale":"es_ES","og_type":"article","og_title":"Nuestro primer Strategic Day - Teknia","og_description":"&nbsp; &nbsp; Teknia present\u00f3 en su planta Teknia Bilbao su nuevo plan estrat\u00e9gico a bancos, entidades financieras e instituciones. As\u00ed, la compa\u00f1\u00eda celebr\u00f3 su primer Strategic Day, una jornada dirigida a poner en valor su modelo de negocio y perspectivas de crecimiento para los pr\u00f3ximos a\u00f1os. En el evento se present\u00f3 el nuevo plan estrat\u00e9gico...","og_url":"https:\/\/www.tekniagroup.com\/es\/quienes-somos\/informe-de-sostenibilidad-2023\/nuestro-primer-strategic-day\/","og_site_name":"Teknia","article_modified_time":"2024-07-24T11:53:54+00:00","og_image":[{"width":429,"height":10,"url":"https:\/\/www.tekniagroup.com\/wp-content\/uploads\/2023\/07\/imagen2-e1690536658242.png","type":"image\/png"}],"twitter_card":"summary_large_image","twitter_misc":{"Tiempo de lectura":"2 minutos"},"schema":{"@context":"https:\/\/schema.org","@graph":[{"@type":"WebPage","@id":"https:\/\/www.tekniagroup.com\/es\/quienes-somos\/informe-de-sostenibilidad-2023\/nuestro-primer-strategic-day\/","url":"https:\/\/www.tekniagroup.com\/es\/quienes-somos\/informe-de-sostenibilidad-2023\/nuestro-primer-strategic-day\/","name":"Nuestro primer Strategic Day - Teknia","isPartOf":{"@id":"https:\/\/www.tekniagroup.com\/es\/#website"},"primaryImageOfPage":{"@id":"https:\/\/www.tekniagroup.com\/es\/quienes-somos\/informe-de-sostenibilidad-2023\/nuestro-primer-strategic-day\/#primaryimage"},"image":{"@id":"https:\/\/www.tekniagroup.com\/es\/quienes-somos\/informe-de-sostenibilidad-2023\/nuestro-primer-strategic-day\/#primaryimage"},"thumbnailUrl":"https:\/\/www.tekniagroup.com\/wp-content\/uploads\/2023\/07\/imagen2-e1690536658242.png","datePublished":"2023-06-18T11:01:11+00:00","dateModified":"2024-07-24T11:53:54+00:00","breadcrumb":{"@id":"https:\/\/www.tekniagroup.com\/es\/quienes-somos\/informe-de-sostenibilidad-2023\/nuestro-primer-strategic-day\/#breadcrumb"},"inLanguage":"es","potentialAction":[{"@type":"ReadAction","target":["https:\/\/www.tekniagroup.com\/es\/quienes-somos\/informe-de-sostenibilidad-2023\/nuestro-primer-strategic-day\/"]}]},{"@type":"ImageObject","inLanguage":"es","@id":"https:\/\/www.tekniagroup.com\/es\/quienes-somos\/informe-de-sostenibilidad-2023\/nuestro-primer-strategic-day\/#primaryimage","url":"https:\/\/www.tekniagroup.com\/wp-content\/uploads\/2023\/07\/imagen2-e1690536658242.png","contentUrl":"https:\/\/www.tekniagroup.com\/wp-content\/uploads\/2023\/07\/imagen2-e1690536658242.png","width":429,"height":10},{"@type":"BreadcrumbList","@id":"https:\/\/www.tekniagroup.com\/es\/quienes-somos\/informe-de-sostenibilidad-2023\/nuestro-primer-strategic-day\/#breadcrumb","itemListElement":[{"@type":"ListItem","position":1,"name":"Home","item":"https:\/\/www.tekniagroup.com\/es\/"},{"@type":"ListItem","position":2,"name":"Qui\u00e9nes somos","item":"https:\/\/www.tekniagroup.com\/es\/quienes-somos\/"},{"@type":"ListItem","position":3,"name":"Informe de sostenibilidad 2023","item":"https:\/\/www.tekniagroup.com\/es\/quienes-somos\/informe-de-sostenibilidad-2023\/"},{"@type":"ListItem","position":4,"name":"Nuestro primer Strategic Day"}]},{"@type":"WebSite","@id":"https:\/\/www.tekniagroup.com\/es\/#website","url":"https:\/\/www.tekniagroup.com\/es\/","name":"Teknia","description":"Your manufacturing partner for mobility","potentialAction":[{"@type":"SearchAction","target":{"@type":"EntryPoint","urlTemplate":"https:\/\/www.tekniagroup.com\/es\/?s={search_term_string}"},"query-input":{"@type":"PropertyValueSpecification","valueRequired":true,"valueName":"search_term_string"}}],"inLanguage":"es"}]}},"_links":{"self":[{"href":"https:\/\/www.tekniagroup.com\/es\/wp-json\/wp\/v2\/pages\/3529","targetHints":{"allow":["GET"]}}],"collection":[{"href":"https:\/\/www.tekniagroup.com\/es\/wp-json\/wp\/v2\/pages"}],"about":[{"href":"https:\/\/www.tekniagroup.com\/es\/wp-json\/wp\/v2\/types\/page"}],"author":[{"embeddable":true,"href":"https:\/\/www.tekniagroup.com\/es\/wp-json\/wp\/v2\/users\/10"}],"replies":[{"embeddable":true,"href":"https:\/\/www.tekniagroup.com\/es\/wp-json\/wp\/v2\/comments?post=3529"}],"version-history":[{"count":8,"href":"https:\/\/www.tekniagroup.com\/es\/wp-json\/wp\/v2\/pages\/3529\/revisions"}],"predecessor-version":[{"id":3686,"href":"https:\/\/www.tekniagroup.com\/es\/wp-json\/wp\/v2\/pages\/3529\/revisions\/3686"}],"up":[{"embeddable":true,"href":"https:\/\/www.tekniagroup.com\/es\/wp-json\/wp\/v2\/pages\/3527"}],"wp:featuredmedia":[{"embeddable":true,"href":"https:\/\/www.tekniagroup.com\/es\/wp-json\/wp\/v2\/media\/2711"}],"wp:attachment":[{"href":"https:\/\/www.tekniagroup.com\/es\/wp-json\/wp\/v2\/media?parent=3529"}],"curies":[{"name":"wp","href":"https:\/\/api.w.org\/{rel}","templated":true}]}}