{"id":2252,"date":"2023-01-30T16:56:26","date_gmt":"2023-01-30T14:56:26","guid":{"rendered":"https:\/\/www.tekniagroup.com\/soluciones\/"},"modified":"2025-07-30T12:35:11","modified_gmt":"2025-07-30T10:35:11","slug":"soluciones","status":"publish","type":"page","link":"https:\/\/www.tekniagroup.com\/es\/soluciones\/","title":{"rendered":"Soluciones"},"content":{"rendered":"<h6 class=\"p1\">Teknia tiene una oferta multitecnol\u00f3gica, ya que produce componentes met\u00e1licos y pl\u00e1sticos mediante tecnolog\u00edas de gran especializaci\u00f3n.<\/h6>\n<p class=\"p1\">La compa\u00f1\u00eda est\u00e1 especializada en dar respuesta a las necesidades de sus clientes. Y lo hace como un socio para la fabricaci\u00f3n de la movilidad. Las capacidades internas de Teknia permiten a la compa\u00f1\u00eda ofrecer la mayor eficiencia en la fabricaci\u00f3n de sus componentes, gracias a su <strong>alta especializaci\u00f3n t\u00e9cnica<\/strong>.<\/p>\n<p class=\"p1\">El objetivo no es otro que el de mejorar de manera continua la excelencia en las operaciones, a trav\u00e9s de una adecuada gesti\u00f3n de los recursos y la b\u00fasqueda de una rentabilidad financiera que permita a la compa\u00f1\u00eda seguir creciendo.<\/p>\n","protected":false},"excerpt":{"rendered":"Teknia tiene una oferta multitecnol\u00f3gica, ya que produce componentes met\u00e1licos y pl\u00e1sticos mediante tecnolog\u00edas de gran especializaci\u00f3n. La compa\u00f1\u00eda est\u00e1 especializada en dar respuesta a las necesidades de sus clientes. Y lo hace como un socio para la fabricaci\u00f3n de la movilidad. Las capacidades internas de Teknia permiten a la compa\u00f1\u00eda ofrecer la mayor eficiencia&#8230;","protected":false},"author":1,"featured_media":0,"parent":0,"menu_order":2,"comment_status":"closed","ping_status":"closed","template":"templates\/02-solutions.php","meta":{"_acf_changed":false,"om_disable_all_campaigns":false,"inline_featured_image":false,"footnotes":""},"class_list":["post-2252","page","type-page","status-publish","hentry"],"acf":[],"yoast_head":"<!-- This site is optimized with the Yoast SEO plugin v27.3 - https:\/\/yoast.com\/product\/yoast-seo-wordpress\/ -->\n<title>Soluciones - Teknia<\/title>\n<meta name=\"description\" content=\"Teknia permiten ofrece la mayor eficiencia en la fabricaci\u00f3n de sus componentes en cinco tecnolog\u00edas y para diversos entornos del veh\u00edculo\" \/>\n<meta name=\"robots\" content=\"index, follow, max-snippet:-1, max-image-preview:large, max-video-preview:-1\" \/>\n<link rel=\"canonical\" href=\"https:\/\/www.tekniagroup.com\/es\/soluciones\/\" \/>\n<meta property=\"og:locale\" content=\"es_ES\" \/>\n<meta property=\"og:type\" content=\"article\" \/>\n<meta property=\"og:title\" content=\"Soluciones - Teknia\" \/>\n<meta property=\"og:description\" content=\"Teknia permiten ofrece la mayor eficiencia en la fabricaci\u00f3n de sus componentes en cinco tecnolog\u00edas y para diversos entornos del veh\u00edculo\" \/>\n<meta property=\"og:url\" content=\"https:\/\/www.tekniagroup.com\/es\/soluciones\/\" \/>\n<meta property=\"og:site_name\" content=\"Teknia\" \/>\n<meta property=\"article:modified_time\" content=\"2025-07-30T10:35:11+00:00\" \/>\n<meta name=\"twitter:card\" content=\"summary_large_image\" \/>\n<meta name=\"twitter:label1\" content=\"Tiempo de lectura\" \/>\n\t<meta name=\"twitter:data1\" content=\"1 minuto\" \/>\n<script type=\"application\/ld+json\" class=\"yoast-schema-graph\">{\"@context\":\"https:\\\/\\\/schema.org\",\"@graph\":[{\"@type\":\"WebPage\",\"@id\":\"https:\\\/\\\/www.tekniagroup.com\\\/es\\\/soluciones\\\/\",\"url\":\"https:\\\/\\\/www.tekniagroup.com\\\/es\\\/soluciones\\\/\",\"name\":\"Soluciones - Teknia\",\"isPartOf\":{\"@id\":\"https:\\\/\\\/www.tekniagroup.com\\\/es\\\/#website\"},\"datePublished\":\"2023-01-30T14:56:26+00:00\",\"dateModified\":\"2025-07-30T10:35:11+00:00\",\"description\":\"Teknia permiten ofrece la mayor eficiencia en la fabricaci\u00f3n de sus componentes en cinco tecnolog\u00edas y para diversos entornos del veh\u00edculo\",\"breadcrumb\":{\"@id\":\"https:\\\/\\\/www.tekniagroup.com\\\/es\\\/soluciones\\\/#breadcrumb\"},\"inLanguage\":\"es\",\"potentialAction\":[{\"@type\":\"ReadAction\",\"target\":[\"https:\\\/\\\/www.tekniagroup.com\\\/es\\\/soluciones\\\/\"]}]},{\"@type\":\"BreadcrumbList\",\"@id\":\"https:\\\/\\\/www.tekniagroup.com\\\/es\\\/soluciones\\\/#breadcrumb\",\"itemListElement\":[{\"@type\":\"ListItem\",\"position\":1,\"name\":\"Home\",\"item\":\"https:\\\/\\\/www.tekniagroup.com\\\/es\\\/\"},{\"@type\":\"ListItem\",\"position\":2,\"name\":\"Soluciones\"}]},{\"@type\":\"WebSite\",\"@id\":\"https:\\\/\\\/www.tekniagroup.com\\\/es\\\/#website\",\"url\":\"https:\\\/\\\/www.tekniagroup.com\\\/es\\\/\",\"name\":\"Teknia\",\"description\":\"Your manufacturing partner for mobility\",\"potentialAction\":[{\"@type\":\"SearchAction\",\"target\":{\"@type\":\"EntryPoint\",\"urlTemplate\":\"https:\\\/\\\/www.tekniagroup.com\\\/es\\\/?s={search_term_string}\"},\"query-input\":{\"@type\":\"PropertyValueSpecification\",\"valueRequired\":true,\"valueName\":\"search_term_string\"}}],\"inLanguage\":\"es\"}]}<\/script>\n<!-- \/ Yoast SEO plugin. -->","yoast_head_json":{"title":"Soluciones - Teknia","description":"Teknia permiten ofrece la mayor eficiencia en la fabricaci\u00f3n de sus componentes en cinco tecnolog\u00edas y para diversos entornos del veh\u00edculo","robots":{"index":"index","follow":"follow","max-snippet":"max-snippet:-1","max-image-preview":"max-image-preview:large","max-video-preview":"max-video-preview:-1"},"canonical":"https:\/\/www.tekniagroup.com\/es\/soluciones\/","og_locale":"es_ES","og_type":"article","og_title":"Soluciones - Teknia","og_description":"Teknia permiten ofrece la mayor eficiencia en la fabricaci\u00f3n de sus componentes en cinco tecnolog\u00edas y para diversos entornos del veh\u00edculo","og_url":"https:\/\/www.tekniagroup.com\/es\/soluciones\/","og_site_name":"Teknia","article_modified_time":"2025-07-30T10:35:11+00:00","twitter_card":"summary_large_image","twitter_misc":{"Tiempo de lectura":"1 minuto"},"schema":{"@context":"https:\/\/schema.org","@graph":[{"@type":"WebPage","@id":"https:\/\/www.tekniagroup.com\/es\/soluciones\/","url":"https:\/\/www.tekniagroup.com\/es\/soluciones\/","name":"Soluciones - Teknia","isPartOf":{"@id":"https:\/\/www.tekniagroup.com\/es\/#website"},"datePublished":"2023-01-30T14:56:26+00:00","dateModified":"2025-07-30T10:35:11+00:00","description":"Teknia permiten ofrece la mayor eficiencia en la fabricaci\u00f3n de sus componentes en cinco tecnolog\u00edas y para diversos entornos del veh\u00edculo","breadcrumb":{"@id":"https:\/\/www.tekniagroup.com\/es\/soluciones\/#breadcrumb"},"inLanguage":"es","potentialAction":[{"@type":"ReadAction","target":["https:\/\/www.tekniagroup.com\/es\/soluciones\/"]}]},{"@type":"BreadcrumbList","@id":"https:\/\/www.tekniagroup.com\/es\/soluciones\/#breadcrumb","itemListElement":[{"@type":"ListItem","position":1,"name":"Home","item":"https:\/\/www.tekniagroup.com\/es\/"},{"@type":"ListItem","position":2,"name":"Soluciones"}]},{"@type":"WebSite","@id":"https:\/\/www.tekniagroup.com\/es\/#website","url":"https:\/\/www.tekniagroup.com\/es\/","name":"Teknia","description":"Your manufacturing partner for mobility","potentialAction":[{"@type":"SearchAction","target":{"@type":"EntryPoint","urlTemplate":"https:\/\/www.tekniagroup.com\/es\/?s={search_term_string}"},"query-input":{"@type":"PropertyValueSpecification","valueRequired":true,"valueName":"search_term_string"}}],"inLanguage":"es"}]}},"_links":{"self":[{"href":"https:\/\/www.tekniagroup.com\/es\/wp-json\/wp\/v2\/pages\/2252","targetHints":{"allow":["GET"]}}],"collection":[{"href":"https:\/\/www.tekniagroup.com\/es\/wp-json\/wp\/v2\/pages"}],"about":[{"href":"https:\/\/www.tekniagroup.com\/es\/wp-json\/wp\/v2\/types\/page"}],"author":[{"embeddable":true,"href":"https:\/\/www.tekniagroup.com\/es\/wp-json\/wp\/v2\/users\/1"}],"replies":[{"embeddable":true,"href":"https:\/\/www.tekniagroup.com\/es\/wp-json\/wp\/v2\/comments?post=2252"}],"version-history":[{"count":9,"href":"https:\/\/www.tekniagroup.com\/es\/wp-json\/wp\/v2\/pages\/2252\/revisions"}],"predecessor-version":[{"id":12561,"href":"https:\/\/www.tekniagroup.com\/es\/wp-json\/wp\/v2\/pages\/2252\/revisions\/12561"}],"wp:attachment":[{"href":"https:\/\/www.tekniagroup.com\/es\/wp-json\/wp\/v2\/media?parent=2252"}],"curies":[{"name":"wp","href":"https:\/\/api.w.org\/{rel}","templated":true}]}}