{"id":2244,"date":"2023-01-27T12:35:46","date_gmt":"2023-01-27T10:35:46","guid":{"rendered":"https:\/\/www.tekniagroup.com\/nuestras-tecnologias\/"},"modified":"2025-12-12T11:00:03","modified_gmt":"2025-12-12T09:00:03","slug":"nuestras-tecnologias","status":"publish","type":"page","link":"https:\/\/www.tekniagroup.com\/es\/soluciones\/nuestras-tecnologias\/","title":{"rendered":"Nuestras tecnolog\u00edas"},"content":{"rendered":"<p class=\"p1\">Uno de los elementos diferenciales del Grupo es su oferta multitecnol\u00f3gica, al producir componentes de metal y pl\u00e1stico mediante las tecnolog\u00edas de inyecci\u00f3n de aluminio, inyecci\u00f3n de pl\u00e1stico, mecanizado, estampaci\u00f3n y conformado de tubo. Teknia ofrece a sus clientes soluciones de fabricaci\u00f3n de movilidad innovadoras.<\/p>\n","protected":false},"excerpt":{"rendered":"Uno de los elementos diferenciales del Grupo es su oferta multitecnol\u00f3gica, al producir componentes de metal y pl\u00e1stico mediante las tecnolog\u00edas de inyecci\u00f3n de aluminio, inyecci\u00f3n de pl\u00e1stico, mecanizado, estampaci\u00f3n y conformado de tubo. Teknia ofrece a sus clientes soluciones de fabricaci\u00f3n de movilidad innovadoras.","protected":false},"author":1,"featured_media":0,"parent":2252,"menu_order":2,"comment_status":"closed","ping_status":"closed","template":"templates\/02-02-technologies.php","meta":{"_acf_changed":false,"om_disable_all_campaigns":false,"inline_featured_image":false,"footnotes":""},"class_list":["post-2244","page","type-page","status-publish","hentry"],"acf":[],"yoast_head":"<!-- This site is optimized with the Yoast SEO plugin v27.3 - https:\/\/yoast.com\/product\/yoast-seo-wordpress\/ -->\n<title>Nuestras tecnolog\u00edas - Teknia<\/title>\n<meta name=\"robots\" content=\"index, follow, max-snippet:-1, max-image-preview:large, max-video-preview:-1\" \/>\n<link rel=\"canonical\" href=\"https:\/\/www.tekniagroup.com\/es\/soluciones\/nuestras-tecnologias\/\" \/>\n<meta property=\"og:locale\" content=\"es_ES\" \/>\n<meta property=\"og:type\" content=\"article\" \/>\n<meta property=\"og:title\" content=\"Nuestras tecnolog\u00edas - Teknia\" \/>\n<meta property=\"og:description\" content=\"Uno de los elementos diferenciales del Grupo es su oferta multitecnol\u00f3gica, al producir componentes de metal y pl\u00e1stico mediante las tecnolog\u00edas de inyecci\u00f3n de aluminio, inyecci\u00f3n de pl\u00e1stico, mecanizado, estampaci\u00f3n y conformado de tubo. Teknia ofrece a sus clientes soluciones de fabricaci\u00f3n de movilidad innovadoras.\" \/>\n<meta property=\"og:url\" content=\"https:\/\/www.tekniagroup.com\/es\/soluciones\/nuestras-tecnologias\/\" \/>\n<meta property=\"og:site_name\" content=\"Teknia\" \/>\n<meta property=\"article:modified_time\" content=\"2025-12-12T09:00:03+00:00\" \/>\n<meta name=\"twitter:card\" content=\"summary_large_image\" \/>\n<meta name=\"twitter:label1\" content=\"Tiempo de lectura\" \/>\n\t<meta name=\"twitter:data1\" content=\"1 minuto\" \/>\n<script type=\"application\/ld+json\" class=\"yoast-schema-graph\">{\"@context\":\"https:\\\/\\\/schema.org\",\"@graph\":[{\"@type\":\"WebPage\",\"@id\":\"https:\\\/\\\/www.tekniagroup.com\\\/es\\\/soluciones\\\/nuestras-tecnologias\\\/\",\"url\":\"https:\\\/\\\/www.tekniagroup.com\\\/es\\\/soluciones\\\/nuestras-tecnologias\\\/\",\"name\":\"Nuestras tecnolog\u00edas - Teknia\",\"isPartOf\":{\"@id\":\"https:\\\/\\\/www.tekniagroup.com\\\/es\\\/#website\"},\"datePublished\":\"2023-01-27T10:35:46+00:00\",\"dateModified\":\"2025-12-12T09:00:03+00:00\",\"breadcrumb\":{\"@id\":\"https:\\\/\\\/www.tekniagroup.com\\\/es\\\/soluciones\\\/nuestras-tecnologias\\\/#breadcrumb\"},\"inLanguage\":\"es\",\"potentialAction\":[{\"@type\":\"ReadAction\",\"target\":[\"https:\\\/\\\/www.tekniagroup.com\\\/es\\\/soluciones\\\/nuestras-tecnologias\\\/\"]}]},{\"@type\":\"BreadcrumbList\",\"@id\":\"https:\\\/\\\/www.tekniagroup.com\\\/es\\\/soluciones\\\/nuestras-tecnologias\\\/#breadcrumb\",\"itemListElement\":[{\"@type\":\"ListItem\",\"position\":1,\"name\":\"Home\",\"item\":\"https:\\\/\\\/www.tekniagroup.com\\\/es\\\/\"},{\"@type\":\"ListItem\",\"position\":2,\"name\":\"Soluciones\",\"item\":\"https:\\\/\\\/www.tekniagroup.com\\\/es\\\/soluciones\\\/\"},{\"@type\":\"ListItem\",\"position\":3,\"name\":\"Nuestras tecnolog\u00edas\"}]},{\"@type\":\"WebSite\",\"@id\":\"https:\\\/\\\/www.tekniagroup.com\\\/es\\\/#website\",\"url\":\"https:\\\/\\\/www.tekniagroup.com\\\/es\\\/\",\"name\":\"Teknia\",\"description\":\"Your manufacturing partner for mobility\",\"potentialAction\":[{\"@type\":\"SearchAction\",\"target\":{\"@type\":\"EntryPoint\",\"urlTemplate\":\"https:\\\/\\\/www.tekniagroup.com\\\/es\\\/?s={search_term_string}\"},\"query-input\":{\"@type\":\"PropertyValueSpecification\",\"valueRequired\":true,\"valueName\":\"search_term_string\"}}],\"inLanguage\":\"es\"}]}<\/script>\n<!-- \/ Yoast SEO plugin. -->","yoast_head_json":{"title":"Nuestras tecnolog\u00edas - Teknia","robots":{"index":"index","follow":"follow","max-snippet":"max-snippet:-1","max-image-preview":"max-image-preview:large","max-video-preview":"max-video-preview:-1"},"canonical":"https:\/\/www.tekniagroup.com\/es\/soluciones\/nuestras-tecnologias\/","og_locale":"es_ES","og_type":"article","og_title":"Nuestras tecnolog\u00edas - Teknia","og_description":"Uno de los elementos diferenciales del Grupo es su oferta multitecnol\u00f3gica, al producir componentes de metal y pl\u00e1stico mediante las tecnolog\u00edas de inyecci\u00f3n de aluminio, inyecci\u00f3n de pl\u00e1stico, mecanizado, estampaci\u00f3n y conformado de tubo. Teknia ofrece a sus clientes soluciones de fabricaci\u00f3n de movilidad innovadoras.","og_url":"https:\/\/www.tekniagroup.com\/es\/soluciones\/nuestras-tecnologias\/","og_site_name":"Teknia","article_modified_time":"2025-12-12T09:00:03+00:00","twitter_card":"summary_large_image","twitter_misc":{"Tiempo de lectura":"1 minuto"},"schema":{"@context":"https:\/\/schema.org","@graph":[{"@type":"WebPage","@id":"https:\/\/www.tekniagroup.com\/es\/soluciones\/nuestras-tecnologias\/","url":"https:\/\/www.tekniagroup.com\/es\/soluciones\/nuestras-tecnologias\/","name":"Nuestras tecnolog\u00edas - Teknia","isPartOf":{"@id":"https:\/\/www.tekniagroup.com\/es\/#website"},"datePublished":"2023-01-27T10:35:46+00:00","dateModified":"2025-12-12T09:00:03+00:00","breadcrumb":{"@id":"https:\/\/www.tekniagroup.com\/es\/soluciones\/nuestras-tecnologias\/#breadcrumb"},"inLanguage":"es","potentialAction":[{"@type":"ReadAction","target":["https:\/\/www.tekniagroup.com\/es\/soluciones\/nuestras-tecnologias\/"]}]},{"@type":"BreadcrumbList","@id":"https:\/\/www.tekniagroup.com\/es\/soluciones\/nuestras-tecnologias\/#breadcrumb","itemListElement":[{"@type":"ListItem","position":1,"name":"Home","item":"https:\/\/www.tekniagroup.com\/es\/"},{"@type":"ListItem","position":2,"name":"Soluciones","item":"https:\/\/www.tekniagroup.com\/es\/soluciones\/"},{"@type":"ListItem","position":3,"name":"Nuestras tecnolog\u00edas"}]},{"@type":"WebSite","@id":"https:\/\/www.tekniagroup.com\/es\/#website","url":"https:\/\/www.tekniagroup.com\/es\/","name":"Teknia","description":"Your manufacturing partner for mobility","potentialAction":[{"@type":"SearchAction","target":{"@type":"EntryPoint","urlTemplate":"https:\/\/www.tekniagroup.com\/es\/?s={search_term_string}"},"query-input":{"@type":"PropertyValueSpecification","valueRequired":true,"valueName":"search_term_string"}}],"inLanguage":"es"}]}},"_links":{"self":[{"href":"https:\/\/www.tekniagroup.com\/es\/wp-json\/wp\/v2\/pages\/2244","targetHints":{"allow":["GET"]}}],"collection":[{"href":"https:\/\/www.tekniagroup.com\/es\/wp-json\/wp\/v2\/pages"}],"about":[{"href":"https:\/\/www.tekniagroup.com\/es\/wp-json\/wp\/v2\/types\/page"}],"author":[{"embeddable":true,"href":"https:\/\/www.tekniagroup.com\/es\/wp-json\/wp\/v2\/users\/1"}],"replies":[{"embeddable":true,"href":"https:\/\/www.tekniagroup.com\/es\/wp-json\/wp\/v2\/comments?post=2244"}],"version-history":[{"count":2,"href":"https:\/\/www.tekniagroup.com\/es\/wp-json\/wp\/v2\/pages\/2244\/revisions"}],"predecessor-version":[{"id":13873,"href":"https:\/\/www.tekniagroup.com\/es\/wp-json\/wp\/v2\/pages\/2244\/revisions\/13873"}],"up":[{"embeddable":true,"href":"https:\/\/www.tekniagroup.com\/es\/wp-json\/wp\/v2\/pages\/2252"}],"wp:attachment":[{"href":"https:\/\/www.tekniagroup.com\/es\/wp-json\/wp\/v2\/media?parent=2244"}],"curies":[{"name":"wp","href":"https:\/\/api.w.org\/{rel}","templated":true}]}}