{"id":2222,"date":"2023-01-27T12:20:50","date_gmt":"2023-01-27T12:20:50","guid":{"rendered":"https:\/\/www.tekniagroup.com\/nuestros-productos\/"},"modified":"2023-10-18T12:06:07","modified_gmt":"2023-10-18T12:06:07","slug":"productos","status":"publish","type":"page","link":"https:\/\/www.tekniagroup.com\/es\/soluciones\/productos\/","title":{"rendered":"Nuestros productos"},"content":{"rendered":"<p>Los productos fabricados por Teknia abarcan una amplia variedad de categor\u00edas de componentes de automoci\u00f3n. Pero la oferta va m\u00e1s all\u00e1 y las piezas fabricadas por Teknia se integran tanto en un veh\u00edculo tradicional como en nuevas soluciones de movilidad. Las principales categor\u00edas de la cartera de productos de Teknia son las siguientes: interiores, exteriores, seguridad, <em>Driving Comfort<\/em>, <em>Powertrain<\/em>, Electr\u00f3nica y Nueva Movilidad.<\/p>\n","protected":false},"excerpt":{"rendered":"Los productos fabricados por Teknia abarcan una amplia variedad de categor\u00edas de componentes de automoci\u00f3n. Pero la oferta va m\u00e1s all\u00e1 y las piezas fabricadas por Teknia se integran tanto en un veh\u00edculo tradicional como en nuevas soluciones de movilidad. Las principales categor\u00edas de la cartera de productos de Teknia son las siguientes: interiores, exteriores,&#8230;","protected":false},"author":1,"featured_media":0,"parent":2252,"menu_order":1,"comment_status":"closed","ping_status":"closed","template":"templates\/02-01-products.php","meta":{"_acf_changed":false,"om_disable_all_campaigns":false,"inline_featured_image":false,"footnotes":""},"class_list":["post-2222","page","type-page","status-publish","hentry"],"acf":[],"yoast_head":"<!-- This site is optimized with the Yoast SEO plugin v27.3 - https:\/\/yoast.com\/product\/yoast-seo-wordpress\/ -->\n<title>Nuestros productos - Teknia<\/title>\n<meta name=\"robots\" content=\"index, follow, max-snippet:-1, max-image-preview:large, max-video-preview:-1\" \/>\n<link rel=\"canonical\" href=\"https:\/\/www.tekniagroup.com\/es\/soluciones\/productos\/\" \/>\n<meta property=\"og:locale\" content=\"es_ES\" \/>\n<meta property=\"og:type\" content=\"article\" \/>\n<meta property=\"og:title\" content=\"Nuestros productos - Teknia\" \/>\n<meta property=\"og:description\" content=\"Los productos fabricados por Teknia abarcan una amplia variedad de categor\u00edas de componentes de automoci\u00f3n. Pero la oferta va m\u00e1s all\u00e1 y las piezas fabricadas por Teknia se integran tanto en un veh\u00edculo tradicional como en nuevas soluciones de movilidad. Las principales categor\u00edas de la cartera de productos de Teknia son las siguientes: interiores, exteriores,...\" \/>\n<meta property=\"og:url\" content=\"https:\/\/www.tekniagroup.com\/es\/soluciones\/productos\/\" \/>\n<meta property=\"og:site_name\" content=\"Teknia\" \/>\n<meta property=\"article:modified_time\" content=\"2023-10-18T12:06:07+00:00\" \/>\n<meta name=\"twitter:card\" content=\"summary_large_image\" \/>\n<meta name=\"twitter:label1\" content=\"Tiempo de lectura\" \/>\n\t<meta name=\"twitter:data1\" content=\"1 minuto\" \/>\n<script type=\"application\/ld+json\" class=\"yoast-schema-graph\">{\"@context\":\"https:\\\/\\\/schema.org\",\"@graph\":[{\"@type\":\"WebPage\",\"@id\":\"https:\\\/\\\/www.tekniagroup.com\\\/es\\\/soluciones\\\/productos\\\/\",\"url\":\"https:\\\/\\\/www.tekniagroup.com\\\/es\\\/soluciones\\\/productos\\\/\",\"name\":\"Nuestros productos - Teknia\",\"isPartOf\":{\"@id\":\"https:\\\/\\\/www.tekniagroup.com\\\/es\\\/#website\"},\"datePublished\":\"2023-01-27T12:20:50+00:00\",\"dateModified\":\"2023-10-18T12:06:07+00:00\",\"breadcrumb\":{\"@id\":\"https:\\\/\\\/www.tekniagroup.com\\\/es\\\/soluciones\\\/productos\\\/#breadcrumb\"},\"inLanguage\":\"es\",\"potentialAction\":[{\"@type\":\"ReadAction\",\"target\":[\"https:\\\/\\\/www.tekniagroup.com\\\/es\\\/soluciones\\\/productos\\\/\"]}]},{\"@type\":\"BreadcrumbList\",\"@id\":\"https:\\\/\\\/www.tekniagroup.com\\\/es\\\/soluciones\\\/productos\\\/#breadcrumb\",\"itemListElement\":[{\"@type\":\"ListItem\",\"position\":1,\"name\":\"Home\",\"item\":\"https:\\\/\\\/www.tekniagroup.com\\\/es\\\/\"},{\"@type\":\"ListItem\",\"position\":2,\"name\":\"Soluciones\",\"item\":\"https:\\\/\\\/www.tekniagroup.com\\\/es\\\/soluciones\\\/\"},{\"@type\":\"ListItem\",\"position\":3,\"name\":\"Nuestros productos\"}]},{\"@type\":\"WebSite\",\"@id\":\"https:\\\/\\\/www.tekniagroup.com\\\/es\\\/#website\",\"url\":\"https:\\\/\\\/www.tekniagroup.com\\\/es\\\/\",\"name\":\"Teknia\",\"description\":\"Your manufacturing partner for mobility\",\"potentialAction\":[{\"@type\":\"SearchAction\",\"target\":{\"@type\":\"EntryPoint\",\"urlTemplate\":\"https:\\\/\\\/www.tekniagroup.com\\\/es\\\/?s={search_term_string}\"},\"query-input\":{\"@type\":\"PropertyValueSpecification\",\"valueRequired\":true,\"valueName\":\"search_term_string\"}}],\"inLanguage\":\"es\"}]}<\/script>\n<!-- \/ Yoast SEO plugin. -->","yoast_head_json":{"title":"Nuestros productos - Teknia","robots":{"index":"index","follow":"follow","max-snippet":"max-snippet:-1","max-image-preview":"max-image-preview:large","max-video-preview":"max-video-preview:-1"},"canonical":"https:\/\/www.tekniagroup.com\/es\/soluciones\/productos\/","og_locale":"es_ES","og_type":"article","og_title":"Nuestros productos - Teknia","og_description":"Los productos fabricados por Teknia abarcan una amplia variedad de categor\u00edas de componentes de automoci\u00f3n. Pero la oferta va m\u00e1s all\u00e1 y las piezas fabricadas por Teknia se integran tanto en un veh\u00edculo tradicional como en nuevas soluciones de movilidad. Las principales categor\u00edas de la cartera de productos de Teknia son las siguientes: interiores, exteriores,...","og_url":"https:\/\/www.tekniagroup.com\/es\/soluciones\/productos\/","og_site_name":"Teknia","article_modified_time":"2023-10-18T12:06:07+00:00","twitter_card":"summary_large_image","twitter_misc":{"Tiempo de lectura":"1 minuto"},"schema":{"@context":"https:\/\/schema.org","@graph":[{"@type":"WebPage","@id":"https:\/\/www.tekniagroup.com\/es\/soluciones\/productos\/","url":"https:\/\/www.tekniagroup.com\/es\/soluciones\/productos\/","name":"Nuestros productos - Teknia","isPartOf":{"@id":"https:\/\/www.tekniagroup.com\/es\/#website"},"datePublished":"2023-01-27T12:20:50+00:00","dateModified":"2023-10-18T12:06:07+00:00","breadcrumb":{"@id":"https:\/\/www.tekniagroup.com\/es\/soluciones\/productos\/#breadcrumb"},"inLanguage":"es","potentialAction":[{"@type":"ReadAction","target":["https:\/\/www.tekniagroup.com\/es\/soluciones\/productos\/"]}]},{"@type":"BreadcrumbList","@id":"https:\/\/www.tekniagroup.com\/es\/soluciones\/productos\/#breadcrumb","itemListElement":[{"@type":"ListItem","position":1,"name":"Home","item":"https:\/\/www.tekniagroup.com\/es\/"},{"@type":"ListItem","position":2,"name":"Soluciones","item":"https:\/\/www.tekniagroup.com\/es\/soluciones\/"},{"@type":"ListItem","position":3,"name":"Nuestros productos"}]},{"@type":"WebSite","@id":"https:\/\/www.tekniagroup.com\/es\/#website","url":"https:\/\/www.tekniagroup.com\/es\/","name":"Teknia","description":"Your manufacturing partner for mobility","potentialAction":[{"@type":"SearchAction","target":{"@type":"EntryPoint","urlTemplate":"https:\/\/www.tekniagroup.com\/es\/?s={search_term_string}"},"query-input":{"@type":"PropertyValueSpecification","valueRequired":true,"valueName":"search_term_string"}}],"inLanguage":"es"}]}},"_links":{"self":[{"href":"https:\/\/www.tekniagroup.com\/es\/wp-json\/wp\/v2\/pages\/2222","targetHints":{"allow":["GET"]}}],"collection":[{"href":"https:\/\/www.tekniagroup.com\/es\/wp-json\/wp\/v2\/pages"}],"about":[{"href":"https:\/\/www.tekniagroup.com\/es\/wp-json\/wp\/v2\/types\/page"}],"author":[{"embeddable":true,"href":"https:\/\/www.tekniagroup.com\/es\/wp-json\/wp\/v2\/users\/1"}],"replies":[{"embeddable":true,"href":"https:\/\/www.tekniagroup.com\/es\/wp-json\/wp\/v2\/comments?post=2222"}],"version-history":[{"count":2,"href":"https:\/\/www.tekniagroup.com\/es\/wp-json\/wp\/v2\/pages\/2222\/revisions"}],"predecessor-version":[{"id":2859,"href":"https:\/\/www.tekniagroup.com\/es\/wp-json\/wp\/v2\/pages\/2222\/revisions\/2859"}],"up":[{"embeddable":true,"href":"https:\/\/www.tekniagroup.com\/es\/wp-json\/wp\/v2\/pages\/2252"}],"wp:attachment":[{"href":"https:\/\/www.tekniagroup.com\/es\/wp-json\/wp\/v2\/media?parent=2222"}],"curies":[{"name":"wp","href":"https:\/\/api.w.org\/{rel}","templated":true}]}}