{"id":2218,"date":"2023-01-27T12:15:38","date_gmt":"2023-01-27T12:15:38","guid":{"rendered":"https:\/\/www.tekniagroup.com\/teknia\/"},"modified":"2024-05-06T06:43:40","modified_gmt":"2024-05-06T06:43:40","slug":"teknia","status":"publish","type":"page","link":"https:\/\/www.tekniagroup.com\/es\/","title":{"rendered":"Teknia"},"content":{"rendered":"<h6>Qui\u00e9nes somos<\/h6>\n<h3>Sobre Teknia<\/h3>\n<p>Teknia es un grupo multinacional especializado en la fabricaci\u00f3n de componentes met\u00e1licos y pl\u00e1sticos para soluciones de movilidad utilizando una amplia gama de tecnolog\u00edas.<\/p>\n","protected":false},"excerpt":{"rendered":"Qui\u00e9nes somos Sobre Teknia Teknia es un grupo multinacional especializado en la fabricaci\u00f3n de componentes met\u00e1licos y pl\u00e1sticos para soluciones de movilidad utilizando una amplia gama de tecnolog\u00edas.","protected":false},"author":1,"featured_media":2478,"parent":0,"menu_order":0,"comment_status":"closed","ping_status":"closed","template":"templates\/00-home.php","meta":{"_acf_changed":false,"om_disable_all_campaigns":false,"inline_featured_image":false,"footnotes":""},"class_list":["post-2218","page","type-page","status-publish","has-post-thumbnail","hentry"],"acf":[],"yoast_head":"<!-- This site is optimized with the Yoast SEO plugin v27.3 - https:\/\/yoast.com\/product\/yoast-seo-wordpress\/ -->\n<title>Teknia - Fabricante de componentes de automoci\u00f3n<\/title>\n<meta name=\"description\" content=\"Teknia es un grupo multinacional que se especializa en la fabricaci\u00f3n de componentes met\u00e1licos y pl\u00e1sticos para soluciones de movilidad.\" \/>\n<meta name=\"robots\" content=\"index, follow, max-snippet:-1, max-image-preview:large, max-video-preview:-1\" \/>\n<link rel=\"canonical\" href=\"https:\/\/www.tekniagroup.com\/es\/\" \/>\n<meta property=\"og:locale\" content=\"es_ES\" \/>\n<meta property=\"og:type\" content=\"article\" \/>\n<meta property=\"og:title\" content=\"Teknia - Fabricante de componentes de automoci\u00f3n\" \/>\n<meta property=\"og:description\" content=\"Teknia es un grupo multinacional que se especializa en la fabricaci\u00f3n de componentes met\u00e1licos y pl\u00e1sticos para soluciones de movilidad.\" \/>\n<meta property=\"og:url\" content=\"https:\/\/www.tekniagroup.com\/es\/\" \/>\n<meta property=\"og:site_name\" content=\"Teknia\" \/>\n<meta property=\"article:modified_time\" content=\"2024-05-06T06:43:40+00:00\" \/>\n<meta property=\"og:image\" content=\"https:\/\/www.tekniagroup.com\/wp-content\/uploads\/2023\/02\/teknia-homepage-1-1024x576.jpg\" \/>\n<meta name=\"twitter:card\" content=\"summary_large_image\" \/>\n<meta name=\"twitter:image\" content=\"https:\/\/www.tekniagroup.com\/wp-content\/uploads\/2023\/02\/teknia-homepage-1-1024x576.jpg\" \/>\n<meta name=\"twitter:label1\" content=\"Tiempo de lectura\" \/>\n\t<meta name=\"twitter:data1\" content=\"1 minuto\" \/>\n<script type=\"application\/ld+json\" class=\"yoast-schema-graph\">{\"@context\":\"https:\\\/\\\/schema.org\",\"@graph\":[{\"@type\":\"WebPage\",\"@id\":\"https:\\\/\\\/www.tekniagroup.com\\\/es\\\/\",\"url\":\"https:\\\/\\\/www.tekniagroup.com\\\/es\\\/\",\"name\":\"Teknia - Fabricante de componentes de automoci\u00f3n\",\"isPartOf\":{\"@id\":\"https:\\\/\\\/www.tekniagroup.com\\\/es\\\/#website\"},\"primaryImageOfPage\":{\"@id\":\"https:\\\/\\\/www.tekniagroup.com\\\/es\\\/#primaryimage\"},\"image\":{\"@id\":\"https:\\\/\\\/www.tekniagroup.com\\\/es\\\/#primaryimage\"},\"thumbnailUrl\":\"https:\\\/\\\/www.tekniagroup.com\\\/wp-content\\\/uploads\\\/2023\\\/02\\\/teknia-homepage-1.jpg\",\"datePublished\":\"2023-01-27T12:15:38+00:00\",\"dateModified\":\"2024-05-06T06:43:40+00:00\",\"description\":\"Teknia es un grupo multinacional que se especializa en la fabricaci\u00f3n de componentes met\u00e1licos y pl\u00e1sticos para soluciones de movilidad.\",\"breadcrumb\":{\"@id\":\"https:\\\/\\\/www.tekniagroup.com\\\/es\\\/#breadcrumb\"},\"inLanguage\":\"es\",\"potentialAction\":[{\"@type\":\"ReadAction\",\"target\":[\"https:\\\/\\\/www.tekniagroup.com\\\/es\\\/\"]}]},{\"@type\":\"ImageObject\",\"inLanguage\":\"es\",\"@id\":\"https:\\\/\\\/www.tekniagroup.com\\\/es\\\/#primaryimage\",\"url\":\"https:\\\/\\\/www.tekniagroup.com\\\/wp-content\\\/uploads\\\/2023\\\/02\\\/teknia-homepage-1.jpg\",\"contentUrl\":\"https:\\\/\\\/www.tekniagroup.com\\\/wp-content\\\/uploads\\\/2023\\\/02\\\/teknia-homepage-1.jpg\",\"width\":1400,\"height\":788},{\"@type\":\"BreadcrumbList\",\"@id\":\"https:\\\/\\\/www.tekniagroup.com\\\/es\\\/#breadcrumb\",\"itemListElement\":[{\"@type\":\"ListItem\",\"position\":1,\"name\":\"Home\",\"item\":\"https:\\\/\\\/www.tekniagroup.com\\\/es\\\/\"},{\"@type\":\"ListItem\",\"position\":2,\"name\":\"Teknia\"}]},{\"@type\":\"WebSite\",\"@id\":\"https:\\\/\\\/www.tekniagroup.com\\\/es\\\/#website\",\"url\":\"https:\\\/\\\/www.tekniagroup.com\\\/es\\\/\",\"name\":\"Teknia\",\"description\":\"Your manufacturing partner for mobility\",\"potentialAction\":[{\"@type\":\"SearchAction\",\"target\":{\"@type\":\"EntryPoint\",\"urlTemplate\":\"https:\\\/\\\/www.tekniagroup.com\\\/es\\\/?s={search_term_string}\"},\"query-input\":{\"@type\":\"PropertyValueSpecification\",\"valueRequired\":true,\"valueName\":\"search_term_string\"}}],\"inLanguage\":\"es\"}]}<\/script>\n<!-- \/ Yoast SEO plugin. -->","yoast_head_json":{"title":"Teknia - Fabricante de componentes de automoci\u00f3n","description":"Teknia es un grupo multinacional que se especializa en la fabricaci\u00f3n de componentes met\u00e1licos y pl\u00e1sticos para soluciones de movilidad.","robots":{"index":"index","follow":"follow","max-snippet":"max-snippet:-1","max-image-preview":"max-image-preview:large","max-video-preview":"max-video-preview:-1"},"canonical":"https:\/\/www.tekniagroup.com\/es\/","og_locale":"es_ES","og_type":"article","og_title":"Teknia - Fabricante de componentes de automoci\u00f3n","og_description":"Teknia es un grupo multinacional que se especializa en la fabricaci\u00f3n de componentes met\u00e1licos y pl\u00e1sticos para soluciones de movilidad.","og_url":"https:\/\/www.tekniagroup.com\/es\/","og_site_name":"Teknia","article_modified_time":"2024-05-06T06:43:40+00:00","og_image":[{"url":"https:\/\/www.tekniagroup.com\/wp-content\/uploads\/2023\/02\/teknia-homepage-1-1024x576.jpg","type":"","width":"","height":""}],"twitter_card":"summary_large_image","twitter_image":"https:\/\/www.tekniagroup.com\/wp-content\/uploads\/2023\/02\/teknia-homepage-1-1024x576.jpg","twitter_misc":{"Tiempo de lectura":"1 minuto"},"schema":{"@context":"https:\/\/schema.org","@graph":[{"@type":"WebPage","@id":"https:\/\/www.tekniagroup.com\/es\/","url":"https:\/\/www.tekniagroup.com\/es\/","name":"Teknia - Fabricante de componentes de automoci\u00f3n","isPartOf":{"@id":"https:\/\/www.tekniagroup.com\/es\/#website"},"primaryImageOfPage":{"@id":"https:\/\/www.tekniagroup.com\/es\/#primaryimage"},"image":{"@id":"https:\/\/www.tekniagroup.com\/es\/#primaryimage"},"thumbnailUrl":"https:\/\/www.tekniagroup.com\/wp-content\/uploads\/2023\/02\/teknia-homepage-1.jpg","datePublished":"2023-01-27T12:15:38+00:00","dateModified":"2024-05-06T06:43:40+00:00","description":"Teknia es un grupo multinacional que se especializa en la fabricaci\u00f3n de componentes met\u00e1licos y pl\u00e1sticos para soluciones de movilidad.","breadcrumb":{"@id":"https:\/\/www.tekniagroup.com\/es\/#breadcrumb"},"inLanguage":"es","potentialAction":[{"@type":"ReadAction","target":["https:\/\/www.tekniagroup.com\/es\/"]}]},{"@type":"ImageObject","inLanguage":"es","@id":"https:\/\/www.tekniagroup.com\/es\/#primaryimage","url":"https:\/\/www.tekniagroup.com\/wp-content\/uploads\/2023\/02\/teknia-homepage-1.jpg","contentUrl":"https:\/\/www.tekniagroup.com\/wp-content\/uploads\/2023\/02\/teknia-homepage-1.jpg","width":1400,"height":788},{"@type":"BreadcrumbList","@id":"https:\/\/www.tekniagroup.com\/es\/#breadcrumb","itemListElement":[{"@type":"ListItem","position":1,"name":"Home","item":"https:\/\/www.tekniagroup.com\/es\/"},{"@type":"ListItem","position":2,"name":"Teknia"}]},{"@type":"WebSite","@id":"https:\/\/www.tekniagroup.com\/es\/#website","url":"https:\/\/www.tekniagroup.com\/es\/","name":"Teknia","description":"Your manufacturing partner for mobility","potentialAction":[{"@type":"SearchAction","target":{"@type":"EntryPoint","urlTemplate":"https:\/\/www.tekniagroup.com\/es\/?s={search_term_string}"},"query-input":{"@type":"PropertyValueSpecification","valueRequired":true,"valueName":"search_term_string"}}],"inLanguage":"es"}]}},"_links":{"self":[{"href":"https:\/\/www.tekniagroup.com\/es\/wp-json\/wp\/v2\/pages\/2218","targetHints":{"allow":["GET"]}}],"collection":[{"href":"https:\/\/www.tekniagroup.com\/es\/wp-json\/wp\/v2\/pages"}],"about":[{"href":"https:\/\/www.tekniagroup.com\/es\/wp-json\/wp\/v2\/types\/page"}],"author":[{"embeddable":true,"href":"https:\/\/www.tekniagroup.com\/es\/wp-json\/wp\/v2\/users\/1"}],"replies":[{"embeddable":true,"href":"https:\/\/www.tekniagroup.com\/es\/wp-json\/wp\/v2\/comments?post=2218"}],"version-history":[{"count":2,"href":"https:\/\/www.tekniagroup.com\/es\/wp-json\/wp\/v2\/pages\/2218\/revisions"}],"predecessor-version":[{"id":2756,"href":"https:\/\/www.tekniagroup.com\/es\/wp-json\/wp\/v2\/pages\/2218\/revisions\/2756"}],"wp:featuredmedia":[{"embeddable":true,"href":"https:\/\/www.tekniagroup.com\/es\/wp-json\/wp\/v2\/media\/2478"}],"wp:attachment":[{"href":"https:\/\/www.tekniagroup.com\/es\/wp-json\/wp\/v2\/media?parent=2218"}],"curies":[{"name":"wp","href":"https:\/\/api.w.org\/{rel}","templated":true}]}}