{"id":12975,"date":"2023-06-18T10:53:27","date_gmt":"2023-06-18T08:53:27","guid":{"rendered":"https:\/\/www.tekniagroup.com\/?page_id=12975"},"modified":"2025-10-14T09:03:24","modified_gmt":"2025-10-14T07:03:24","slug":"mas-alla-del-voluntariado-un-viaje-de-aprendizaje-y-compromiso-social-en-marruecos","status":"publish","type":"page","link":"https:\/\/www.tekniagroup.com\/es\/quienes-somos\/informe-de-sostenibilidad\/mas-alla-del-voluntariado-un-viaje-de-aprendizaje-y-compromiso-social-en-marruecos\/","title":{"rendered":"M\u00e1s all\u00e1 del voluntariado: Un viaje de aprendizaje y compromiso social en Marruecos"},"content":{"rendered":"<style type=\"text\/css\">main {padding-top: 195px !important;} h1 {text-align: center !important;} @media (max-width: 480px) {img {width: 100% !important;height: auto !important;}}<\/style>\n<p>&nbsp;<\/p>\n<p align=\"center\" data-wp-editing=\"1\"><img loading=\"lazy\" decoding=\"async\" class=\"aligncenter size-full\" style=\"width: 100%; height: auto;\" src=\"https:\/\/www.tekniagroup.com\/wp-content\/uploads\/2025\/09\/tekstory-2024-7.jpg\" alt=\"M\u00e1s all\u00e1 del voluntariado: Un viaje de aprendizaje y compromiso social en Marruecos\" width=\"1200\" height=\"600\" \/><\/p>\n<p>&nbsp;<br \/>\nLa colaboraci\u00f3n de Teknia y CODESPA se inicia en 2020, y contin\u00faa desarroll\u00e1ndose hasta hoy, poniendo el foco en el <strong>impulso de la educaci\u00f3n y el desarrollo de las ciencias STEM y la formaci\u00f3n en medio ambiente y emprendimiento verde, dirigido a ni\u00f1os, ni\u00f1as y j\u00f3venes de T\u00e1nger de entornos vulnerables y en riesgo de exclusi\u00f3n social. <\/strong>El proyecto se materializa en Clubes STEM que, en el marco de actividades extraescolares en diversas escuelas p\u00fablicas de T\u00e1nger, ofrece un enfoque pr\u00e1ctico, divertido y motivador alrededor de estas disciplinas (ciencia, tecnolog\u00eda, ingenier\u00eda y matem\u00e1ticas). El objetivo es no solo mejorar sus capacidades acad\u00e9micas y acercar la ciencia a estos j\u00f3venes estudiantes, sino tambi\u00e9n, disminuir el absentismo escolar. Por su parte, el<strong> Programa de formaci\u00f3n en Medio ambiente y Emprendimiento Verde<\/strong> persigue generar conciencia medioambiental entre los j\u00f3venes de T\u00e1nger y fortalecer los conocimientos y habilidades para el emprendimiento verde entre colectivos en situaci\u00f3n de exclusi\u00f3n y vulnerabilidad.<\/p>\n<p>Como parte del programa de voluntariado corporativo de Teknia y para contribuir a este proyecto sobre el terreno, <strong>nuestra compa\u00f1era Chaimae Boudadi visit\u00f3 T\u00e1nger en noviembre de 2024<\/strong> y tuvo la oportunidad, de la mano de CODESPA, de aportar su experiencia y su conocimiento en varias actividades con j\u00f3venes participantes del proyecto.<\/p>\n<p><strong>\u00bfCu\u00e1l fue la motivaci\u00f3n para inscribirte como voluntaria en este proyecto?<\/strong><\/p>\n<p>Siempre he colaborado en distintas actividades sociales, he participado en varias causas, y al ver que desde Teknia se nos ofrec\u00eda la oportunidad de colaborar como voluntarios, y encima pod\u00eda hacerlo en mi pa\u00eds de origen, me motiv\u00f3 much\u00edsimo a participar.<\/p>\n<p><strong>\u00bfEn qu\u00e9 actividades estuviste involucrada?<\/strong><\/p>\n<p>Los primeros dos d\u00edas de mi estancia particip\u00e9 en distintas charlas y conferencias que se organizaron para transmitir conocimientos de tem\u00e1tica STEM al profesorado, que tambi\u00e9n recibe recursos educativos y did\u00e1cticos para que puedan aplicar posteriormente. Intervine en una charla sobre liderazgo y comunicaci\u00f3n que tiene como objetivo aportar herramientas para la resoluci\u00f3n de problemas, conflictos de comunicaci\u00f3n y uso de la asertividad, entre otras. La participaci\u00f3n con todo el grupo y el intercambio de experiencias entre nosotros fue muy enriquecedora.<\/p>\n<p>Tambi\u00e9n visit\u00e9 dos colegios p\u00fablicos y estuvimos con los ni\u00f1os y ni\u00f1as desarrollando una actividad de rob\u00f3tica e impartiendo las charlas de liderazgo que hab\u00edamos preparado. Fue una maravilla: el contacto con ellos, sentir su curiosidad, su cari\u00f1o, ver c\u00f3mo participaban en las actividades, c\u00f3mo se interesaban y hac\u00edan preguntas&#8230;<\/p>\n<p>Los \u00faltimos d\u00edas trabajamos con j\u00f3venes emprendedores de una asociaci\u00f3n de una zona muy vulnerable y que imparten distintos cursos formativos, como hosteler\u00eda. Nos acompa\u00f1aron una compa\u00f1era de la planta de Teknia T\u00e1nger, Nadia Benhachem, y la Finance &amp; HR Manager, Hamida Ghoumarti. Los j\u00f3venes tuvieron la oportunidad de conocer de primera mano c\u00f3mo es trabajar en una planta como la nuestra, qu\u00e9 fabricamos all\u00ed y qu\u00e9 valor damos a nuestro sector y a la sociedad; entender que las habilidades de comunicaci\u00f3n o las <em>soft skills<\/em> son importantes, que les van a ser \u00fatiles tanto si quieren desarrollar negocios propios como si quisieran trabajar en una empresa como Teknia en un futuro, tal vez hacer pr\u00e1cticas con nosotros, \u00a1nunca se sabe!<\/p>\n<p>Creo que tambi\u00e9n fue importante que las voluntarias participantes fu\u00e9semos mujeres, eso empodera a las chicas, las anima a romper techos de cristal, a entender que tambi\u00e9n hay oportunidades para ellas en su pa\u00eds, o a aportarles visi\u00f3n para trabajar por dichas oportunidades en el futuro.<\/p>\n<p><strong>\u00bfQu\u00e9 te llevas de esta experiencia?<\/strong><\/p>\n<p>Muchos aprendizajes. Aprend\u00ed cosas que no conoc\u00eda del sistema educativo de Marruecos, de c\u00f3mo eran los colegios, me ret\u00e9 a m\u00ed misma a hablar \u00e1rabe, que era algo que me impon\u00eda mucho porque lo tengo algo oxidado. Me traje mucho cari\u00f1o y la sensaci\u00f3n de estar aportando un granito de arena en algo muy importante y necesario, algo que impacta en la vida de personas con realidades muy distintas a las nuestras. Tambi\u00e9n me gust\u00f3 mucho tener la oportunidad de visitar otra planta de Teknia y el contacto con los compa\u00f1eros de Marruecos.<\/p>\n<p><strong>\u00bfRepetir\u00edas?<\/strong><\/p>\n<p>\u00a1Sin dudarlo!<\/p>\n<div class=\"col-12 col-md-12 col-lg-12 col-xl-10\" style=\"margin-top: 60px; margin-bottom: 60px;\">\n<div class=\"row justify-content-between align-items-center\">\n<div class=\"col-12 col-md-12 col-lg-3 text-left\"><img decoding=\"async\" class=\"size-medium aligncenter\" style=\"width: 100%; aspect-ratio: 1; object-fit: cover; height: auto; border-radius: 50%; max-width: 300px;\" src=\"https:\/\/www.tekniagroup.com\/wp-content\/uploads\/2025\/09\/chaimae-boudadi-300x300.jpg\" alt=\"Chaimae Boudadi\" \/><\/div>\n<div class=\"col-12 col-md-12 col-lg-9 text-left\" style=\"padding-left: 40px;\">\n<blockquote><p>\u201cParticipar en el proyecto STEM de Teknia y CODESPA me permiti\u00f3 aportar un granito de arena en la vida de j\u00f3venes en situaciones vulnerables, inspirar a ni\u00f1as a romper techos de cristal y vivir una experiencia enriquecedora que combina aprendizaje, impacto social y conexi\u00f3n con mi pa\u00eds de origen\u201d.<\/p><\/blockquote>\n<dl>\n<dt>Chaimae Boudadi<\/dt>\n<dd id=\"job_title\">HR Manager en Teknia Azuqueca<\/dd>\n<\/dl>\n<\/div>\n<\/div>\n<\/div>\n","protected":false},"excerpt":{"rendered":"&nbsp; &nbsp; La colaboraci\u00f3n de Teknia y CODESPA se inicia en 2020, y contin\u00faa desarroll\u00e1ndose hasta hoy, poniendo el foco en el impulso de la educaci\u00f3n y el desarrollo de las ciencias STEM y la formaci\u00f3n en medio ambiente y emprendimiento verde, dirigido a ni\u00f1os, ni\u00f1as y j\u00f3venes de T\u00e1nger de entornos vulnerables y en&#8230;","protected":false},"author":15,"featured_media":13134,"parent":12968,"menu_order":7,"comment_status":"closed","ping_status":"closed","template":"","meta":{"_acf_changed":false,"om_disable_all_campaigns":false,"inline_featured_image":false,"footnotes":""},"class_list":["post-12975","page","type-page","status-publish","has-post-thumbnail","hentry"],"acf":[],"yoast_head":"<!-- This site is optimized with the Yoast SEO plugin v27.3 - https:\/\/yoast.com\/product\/yoast-seo-wordpress\/ -->\n<title>M\u00e1s all\u00e1 del voluntariado: Un viaje de aprendizaje y compromiso social en Marruecos - Teknia<\/title>\n<meta name=\"robots\" content=\"index, follow, max-snippet:-1, max-image-preview:large, max-video-preview:-1\" \/>\n<link rel=\"canonical\" href=\"https:\/\/www.tekniagroup.com\/es\/quienes-somos\/informe-de-sostenibilidad\/mas-alla-del-voluntariado-un-viaje-de-aprendizaje-y-compromiso-social-en-marruecos\/\" \/>\n<meta property=\"og:locale\" content=\"es_ES\" \/>\n<meta property=\"og:type\" content=\"article\" \/>\n<meta property=\"og:title\" content=\"M\u00e1s all\u00e1 del voluntariado: Un viaje de aprendizaje y compromiso social en Marruecos - Teknia\" \/>\n<meta property=\"og:description\" content=\"&nbsp; &nbsp; La colaboraci\u00f3n de Teknia y CODESPA se inicia en 2020, y contin\u00faa desarroll\u00e1ndose hasta hoy, poniendo el foco en el impulso de la educaci\u00f3n y el desarrollo de las ciencias STEM y la formaci\u00f3n en medio ambiente y emprendimiento verde, dirigido a ni\u00f1os, ni\u00f1as y j\u00f3venes de T\u00e1nger de entornos vulnerables y en...\" \/>\n<meta property=\"og:url\" content=\"https:\/\/www.tekniagroup.com\/es\/quienes-somos\/informe-de-sostenibilidad\/mas-alla-del-voluntariado-un-viaje-de-aprendizaje-y-compromiso-social-en-marruecos\/\" \/>\n<meta property=\"og:site_name\" content=\"Teknia\" \/>\n<meta property=\"article:modified_time\" content=\"2025-10-14T07:03:24+00:00\" \/>\n<meta property=\"og:image\" content=\"https:\/\/www.tekniagroup.com\/wp-content\/uploads\/2025\/09\/tekstory-2024-7.jpg\" \/>\n\t<meta property=\"og:image:width\" content=\"1200\" \/>\n\t<meta property=\"og:image:height\" content=\"600\" \/>\n\t<meta property=\"og:image:type\" content=\"image\/jpeg\" \/>\n<meta name=\"twitter:card\" content=\"summary_large_image\" \/>\n<meta name=\"twitter:label1\" content=\"Tiempo de lectura\" \/>\n\t<meta name=\"twitter:data1\" content=\"4 minutos\" \/>\n<script type=\"application\/ld+json\" class=\"yoast-schema-graph\">{\"@context\":\"https:\\\/\\\/schema.org\",\"@graph\":[{\"@type\":\"WebPage\",\"@id\":\"https:\\\/\\\/www.tekniagroup.com\\\/es\\\/quienes-somos\\\/informe-de-sostenibilidad\\\/mas-alla-del-voluntariado-un-viaje-de-aprendizaje-y-compromiso-social-en-marruecos\\\/\",\"url\":\"https:\\\/\\\/www.tekniagroup.com\\\/es\\\/quienes-somos\\\/informe-de-sostenibilidad\\\/mas-alla-del-voluntariado-un-viaje-de-aprendizaje-y-compromiso-social-en-marruecos\\\/\",\"name\":\"M\u00e1s all\u00e1 del voluntariado: Un viaje de aprendizaje y compromiso social en Marruecos - Teknia\",\"isPartOf\":{\"@id\":\"https:\\\/\\\/www.tekniagroup.com\\\/es\\\/#website\"},\"primaryImageOfPage\":{\"@id\":\"https:\\\/\\\/www.tekniagroup.com\\\/es\\\/quienes-somos\\\/informe-de-sostenibilidad\\\/mas-alla-del-voluntariado-un-viaje-de-aprendizaje-y-compromiso-social-en-marruecos\\\/#primaryimage\"},\"image\":{\"@id\":\"https:\\\/\\\/www.tekniagroup.com\\\/es\\\/quienes-somos\\\/informe-de-sostenibilidad\\\/mas-alla-del-voluntariado-un-viaje-de-aprendizaje-y-compromiso-social-en-marruecos\\\/#primaryimage\"},\"thumbnailUrl\":\"https:\\\/\\\/www.tekniagroup.com\\\/wp-content\\\/uploads\\\/2025\\\/09\\\/tekstory-2024-7.jpg\",\"datePublished\":\"2023-06-18T08:53:27+00:00\",\"dateModified\":\"2025-10-14T07:03:24+00:00\",\"breadcrumb\":{\"@id\":\"https:\\\/\\\/www.tekniagroup.com\\\/es\\\/quienes-somos\\\/informe-de-sostenibilidad\\\/mas-alla-del-voluntariado-un-viaje-de-aprendizaje-y-compromiso-social-en-marruecos\\\/#breadcrumb\"},\"inLanguage\":\"es\",\"potentialAction\":[{\"@type\":\"ReadAction\",\"target\":[\"https:\\\/\\\/www.tekniagroup.com\\\/es\\\/quienes-somos\\\/informe-de-sostenibilidad\\\/mas-alla-del-voluntariado-un-viaje-de-aprendizaje-y-compromiso-social-en-marruecos\\\/\"]}]},{\"@type\":\"ImageObject\",\"inLanguage\":\"es\",\"@id\":\"https:\\\/\\\/www.tekniagroup.com\\\/es\\\/quienes-somos\\\/informe-de-sostenibilidad\\\/mas-alla-del-voluntariado-un-viaje-de-aprendizaje-y-compromiso-social-en-marruecos\\\/#primaryimage\",\"url\":\"https:\\\/\\\/www.tekniagroup.com\\\/wp-content\\\/uploads\\\/2025\\\/09\\\/tekstory-2024-7.jpg\",\"contentUrl\":\"https:\\\/\\\/www.tekniagroup.com\\\/wp-content\\\/uploads\\\/2025\\\/09\\\/tekstory-2024-7.jpg\",\"width\":1200,\"height\":600},{\"@type\":\"BreadcrumbList\",\"@id\":\"https:\\\/\\\/www.tekniagroup.com\\\/es\\\/quienes-somos\\\/informe-de-sostenibilidad\\\/mas-alla-del-voluntariado-un-viaje-de-aprendizaje-y-compromiso-social-en-marruecos\\\/#breadcrumb\",\"itemListElement\":[{\"@type\":\"ListItem\",\"position\":1,\"name\":\"Home\",\"item\":\"https:\\\/\\\/www.tekniagroup.com\\\/es\\\/\"},{\"@type\":\"ListItem\",\"position\":2,\"name\":\"Qui\u00e9nes somos\",\"item\":\"https:\\\/\\\/www.tekniagroup.com\\\/es\\\/quienes-somos\\\/\"},{\"@type\":\"ListItem\",\"position\":3,\"name\":\"Informe de sostenibilidad\",\"item\":\"https:\\\/\\\/www.tekniagroup.com\\\/es\\\/quienes-somos\\\/informe-de-sostenibilidad\\\/\"},{\"@type\":\"ListItem\",\"position\":4,\"name\":\"M\u00e1s all\u00e1 del voluntariado: Un viaje de aprendizaje y compromiso social en Marruecos\"}]},{\"@type\":\"WebSite\",\"@id\":\"https:\\\/\\\/www.tekniagroup.com\\\/es\\\/#website\",\"url\":\"https:\\\/\\\/www.tekniagroup.com\\\/es\\\/\",\"name\":\"Teknia\",\"description\":\"Your manufacturing partner for mobility\",\"potentialAction\":[{\"@type\":\"SearchAction\",\"target\":{\"@type\":\"EntryPoint\",\"urlTemplate\":\"https:\\\/\\\/www.tekniagroup.com\\\/es\\\/?s={search_term_string}\"},\"query-input\":{\"@type\":\"PropertyValueSpecification\",\"valueRequired\":true,\"valueName\":\"search_term_string\"}}],\"inLanguage\":\"es\"}]}<\/script>\n<!-- \/ Yoast SEO plugin. -->","yoast_head_json":{"title":"M\u00e1s all\u00e1 del voluntariado: Un viaje de aprendizaje y compromiso social en Marruecos - Teknia","robots":{"index":"index","follow":"follow","max-snippet":"max-snippet:-1","max-image-preview":"max-image-preview:large","max-video-preview":"max-video-preview:-1"},"canonical":"https:\/\/www.tekniagroup.com\/es\/quienes-somos\/informe-de-sostenibilidad\/mas-alla-del-voluntariado-un-viaje-de-aprendizaje-y-compromiso-social-en-marruecos\/","og_locale":"es_ES","og_type":"article","og_title":"M\u00e1s all\u00e1 del voluntariado: Un viaje de aprendizaje y compromiso social en Marruecos - Teknia","og_description":"&nbsp; &nbsp; La colaboraci\u00f3n de Teknia y CODESPA se inicia en 2020, y contin\u00faa desarroll\u00e1ndose hasta hoy, poniendo el foco en el impulso de la educaci\u00f3n y el desarrollo de las ciencias STEM y la formaci\u00f3n en medio ambiente y emprendimiento verde, dirigido a ni\u00f1os, ni\u00f1as y j\u00f3venes de T\u00e1nger de entornos vulnerables y en...","og_url":"https:\/\/www.tekniagroup.com\/es\/quienes-somos\/informe-de-sostenibilidad\/mas-alla-del-voluntariado-un-viaje-de-aprendizaje-y-compromiso-social-en-marruecos\/","og_site_name":"Teknia","article_modified_time":"2025-10-14T07:03:24+00:00","og_image":[{"width":1200,"height":600,"url":"https:\/\/www.tekniagroup.com\/wp-content\/uploads\/2025\/09\/tekstory-2024-7.jpg","type":"image\/jpeg"}],"twitter_card":"summary_large_image","twitter_misc":{"Tiempo de lectura":"4 minutos"},"schema":{"@context":"https:\/\/schema.org","@graph":[{"@type":"WebPage","@id":"https:\/\/www.tekniagroup.com\/es\/quienes-somos\/informe-de-sostenibilidad\/mas-alla-del-voluntariado-un-viaje-de-aprendizaje-y-compromiso-social-en-marruecos\/","url":"https:\/\/www.tekniagroup.com\/es\/quienes-somos\/informe-de-sostenibilidad\/mas-alla-del-voluntariado-un-viaje-de-aprendizaje-y-compromiso-social-en-marruecos\/","name":"M\u00e1s all\u00e1 del voluntariado: Un viaje de aprendizaje y compromiso social en Marruecos - Teknia","isPartOf":{"@id":"https:\/\/www.tekniagroup.com\/es\/#website"},"primaryImageOfPage":{"@id":"https:\/\/www.tekniagroup.com\/es\/quienes-somos\/informe-de-sostenibilidad\/mas-alla-del-voluntariado-un-viaje-de-aprendizaje-y-compromiso-social-en-marruecos\/#primaryimage"},"image":{"@id":"https:\/\/www.tekniagroup.com\/es\/quienes-somos\/informe-de-sostenibilidad\/mas-alla-del-voluntariado-un-viaje-de-aprendizaje-y-compromiso-social-en-marruecos\/#primaryimage"},"thumbnailUrl":"https:\/\/www.tekniagroup.com\/wp-content\/uploads\/2025\/09\/tekstory-2024-7.jpg","datePublished":"2023-06-18T08:53:27+00:00","dateModified":"2025-10-14T07:03:24+00:00","breadcrumb":{"@id":"https:\/\/www.tekniagroup.com\/es\/quienes-somos\/informe-de-sostenibilidad\/mas-alla-del-voluntariado-un-viaje-de-aprendizaje-y-compromiso-social-en-marruecos\/#breadcrumb"},"inLanguage":"es","potentialAction":[{"@type":"ReadAction","target":["https:\/\/www.tekniagroup.com\/es\/quienes-somos\/informe-de-sostenibilidad\/mas-alla-del-voluntariado-un-viaje-de-aprendizaje-y-compromiso-social-en-marruecos\/"]}]},{"@type":"ImageObject","inLanguage":"es","@id":"https:\/\/www.tekniagroup.com\/es\/quienes-somos\/informe-de-sostenibilidad\/mas-alla-del-voluntariado-un-viaje-de-aprendizaje-y-compromiso-social-en-marruecos\/#primaryimage","url":"https:\/\/www.tekniagroup.com\/wp-content\/uploads\/2025\/09\/tekstory-2024-7.jpg","contentUrl":"https:\/\/www.tekniagroup.com\/wp-content\/uploads\/2025\/09\/tekstory-2024-7.jpg","width":1200,"height":600},{"@type":"BreadcrumbList","@id":"https:\/\/www.tekniagroup.com\/es\/quienes-somos\/informe-de-sostenibilidad\/mas-alla-del-voluntariado-un-viaje-de-aprendizaje-y-compromiso-social-en-marruecos\/#breadcrumb","itemListElement":[{"@type":"ListItem","position":1,"name":"Home","item":"https:\/\/www.tekniagroup.com\/es\/"},{"@type":"ListItem","position":2,"name":"Qui\u00e9nes somos","item":"https:\/\/www.tekniagroup.com\/es\/quienes-somos\/"},{"@type":"ListItem","position":3,"name":"Informe de sostenibilidad","item":"https:\/\/www.tekniagroup.com\/es\/quienes-somos\/informe-de-sostenibilidad\/"},{"@type":"ListItem","position":4,"name":"M\u00e1s all\u00e1 del voluntariado: Un viaje de aprendizaje y compromiso social en Marruecos"}]},{"@type":"WebSite","@id":"https:\/\/www.tekniagroup.com\/es\/#website","url":"https:\/\/www.tekniagroup.com\/es\/","name":"Teknia","description":"Your manufacturing partner for mobility","potentialAction":[{"@type":"SearchAction","target":{"@type":"EntryPoint","urlTemplate":"https:\/\/www.tekniagroup.com\/es\/?s={search_term_string}"},"query-input":{"@type":"PropertyValueSpecification","valueRequired":true,"valueName":"search_term_string"}}],"inLanguage":"es"}]}},"_links":{"self":[{"href":"https:\/\/www.tekniagroup.com\/es\/wp-json\/wp\/v2\/pages\/12975","targetHints":{"allow":["GET"]}}],"collection":[{"href":"https:\/\/www.tekniagroup.com\/es\/wp-json\/wp\/v2\/pages"}],"about":[{"href":"https:\/\/www.tekniagroup.com\/es\/wp-json\/wp\/v2\/types\/page"}],"author":[{"embeddable":true,"href":"https:\/\/www.tekniagroup.com\/es\/wp-json\/wp\/v2\/users\/15"}],"replies":[{"embeddable":true,"href":"https:\/\/www.tekniagroup.com\/es\/wp-json\/wp\/v2\/comments?post=12975"}],"version-history":[{"count":8,"href":"https:\/\/www.tekniagroup.com\/es\/wp-json\/wp\/v2\/pages\/12975\/revisions"}],"predecessor-version":[{"id":13368,"href":"https:\/\/www.tekniagroup.com\/es\/wp-json\/wp\/v2\/pages\/12975\/revisions\/13368"}],"up":[{"embeddable":true,"href":"https:\/\/www.tekniagroup.com\/es\/wp-json\/wp\/v2\/pages\/12968"}],"wp:featuredmedia":[{"embeddable":true,"href":"https:\/\/www.tekniagroup.com\/es\/wp-json\/wp\/v2\/media\/13134"}],"wp:attachment":[{"href":"https:\/\/www.tekniagroup.com\/es\/wp-json\/wp\/v2\/media?parent=12975"}],"curies":[{"name":"wp","href":"https:\/\/api.w.org\/{rel}","templated":true}]}}