{"id":12974,"date":"2023-06-18T10:53:27","date_gmt":"2023-06-18T08:53:27","guid":{"rendered":"https:\/\/www.tekniagroup.com\/?page_id=12974"},"modified":"2025-10-14T09:03:14","modified_gmt":"2025-10-14T07:03:14","slug":"innovacion-para-posicionarnos-a-la-vanguardia","status":"publish","type":"page","link":"https:\/\/www.tekniagroup.com\/es\/quienes-somos\/informe-de-sostenibilidad\/innovacion-para-posicionarnos-a-la-vanguardia\/","title":{"rendered":"Innovaci\u00f3n para posicionarnos a la vanguardia"},"content":{"rendered":"<style type=\"text\/css\">main {padding-top: 195px !important;} h1 {text-align: center !important;} @media (max-width: 480px) {img {width: 100% !important;height: auto !important;}}<\/style>\n<p align=\"center\" data-wp-editing=\"1\"><img loading=\"lazy\" decoding=\"async\" class=\"aligncenter size-full\" style=\"width: 100%; height: auto;\" src=\"https:\/\/www.tekniagroup.com\/wp-content\/uploads\/2025\/09\/tekstory-2024-6.jpg\" alt=\"Innovaci\u00f3n para posicionarnos a la vanguardia\" width=\"1200\" height=\"600\" \/><\/p>\n<p>&nbsp;<\/p>\n<p>El nuevo <strong>Teknia Center of Innovation (TCI),<\/strong> ubicado en el AIC de Boroa-Amorebieta, es un proyecto que nace integrado ante las demandad del mercado y con un enfoque t\u00e9cnico-comercial. De forma inicial, est\u00e1 centrado en nuestras tecnolog\u00edas met\u00e1licas y a corto plazo se prev\u00e9 incluir otras tecnolog\u00edas primarias.<\/p>\n<p>Este nuevo TCI tiene varios prop\u00f3sitos, entre los que destacan: incrementar el valor a\u00f1adido en los productos, particularmente los estrat\u00e9gicos, mediante el desarrollo de nuevas tecnolog\u00edas y procesos; mejorar la respuesta al cliente, ofreciendo soluciones m\u00e1s r\u00e1pidas y personalizadas; desarrollar productos basados en las necesidades del mercado participando, adem\u00e1s, en el dise\u00f1o del producto desde las fases iniciales para aportar un mayor valor a\u00f1adido.<\/p>\n<p>El TCI va a actuar tambi\u00e9n como nexo entre nuestras 23 plantas, prest\u00e1ndoles soporte industrial para asumir nuevos desaf\u00edos y contribuyendo a la transferencia de tecnolog\u00eda entre plantas, llevando el conocimiento de las plantas l\u00edderes a otras ubicaciones.<\/p>\n<p>La centralizaci\u00f3n de RFQ (solicitud de presupuesto) nos va a permitir, entre otros, aprovechar oportunidades de negocio que hasta ahora se escapaban, orient\u00e1ndolas hacia ofertas con mayor carga de ingenier\u00eda y m\u00e1s competitivas a nivel Grupo.<\/p>\n<p>En 2024, Teknia ha iniciado un proyecto financiado por CDTI para desarrollar tecnolog\u00edas de uni\u00f3n entre materiales similares y disimilares, con un enfoque en la sostenibilidad y eficiencia energ\u00e9tica.<\/p>\n<p>&nbsp;<\/p>\n<p><strong>Teknia Xpander, el spin-off tecnol\u00f3gico de Teknia<\/strong><\/p>\n<p>Este a\u00f1o hemos realizado una adquisici\u00f3n tecnol\u00f3gica estrat\u00e9gica con la incorporaci\u00f3n de Xpander a nuestro Grupo. Se trata de una empresa espa\u00f1ola especializada en consultor\u00eda de transformaci\u00f3n digital, venta de <em>software<\/em> propio y desarrollos basados en tecnolog\u00eda <em>blockchain<\/em>. Esta operaci\u00f3n se enmarca en la estrategia de crecimiento y de digitalizaci\u00f3n de Teknia y supone reforzar nuestras capacidades de digitalizaci\u00f3n y transformaci\u00f3n tecnol\u00f3gica. Nos va a permitir, entre otros, una mayor eficiencia en procesos, mejoras en anal\u00edtica de datos, ciberseguridad y el desarrollo de aplicaciones propias y, algo vital en una industria como la de Teknia: garantizar la seguridad y calidad de los procesos en las cadenas de suministro.<\/p>\n<p>Adem\u00e1s de prestar servicio a nivel interno, Xpander ofrece servicios a terceros como consultora tecnol\u00f3gica ofreciendo, entre otros, plataformas <em>blockchain<\/em> que permiten trazar el origen de materias primas o diversos procesos creando as\u00ed el pasaporte digital de producto, que proporciona trazabilidad y seguridad en la cadena de suministro de diversos sectores: alimentaci\u00f3n, automotriz, salud, entre otros.<\/p>\n<p>Desde Teknia Xpander, y en colaboraci\u00f3n con Ford, hemos desarrollado un pasaporte digital de bater\u00edas para veh\u00edculos el\u00e9ctricos que ha sido premiado en los Blockchain Awards 2024 en la categor\u00eda de \u201cMejor proyecto de <em>blockchain<\/em> en usos industriales\u201d.<\/p>\n<p>Tanto el nuevo TCI como Xpander comparten el objetivo com\u00fan de impulsar la innovaci\u00f3n tecnol\u00f3gica y aportar un alto valor a\u00f1adido, tanto a Teknia como a nuestros clientes.<\/p>\n<div class=\"col-12 col-md-12 col-lg-12 col-xl-10\" style=\"margin-top: 60px; margin-bottom: 60px;\">\n<div class=\"row justify-content-between align-items-center\">\n<div class=\"col-12 col-md-12 col-lg-3 text-left\"><img decoding=\"async\" class=\"size-medium aligncenter\" style=\"width: 100%; aspect-ratio: 1; object-fit: cover; height: auto; border-radius: 50%; max-width: 300px;\" src=\"https:\/\/www.tekniagroup.com\/wp-content\/uploads\/2025\/09\/mario-martin-300x300.jpg\" alt=\"Mario Mart\u00edn Gallego\" \/><\/div>\n<div class=\"col-12 col-md-12 col-lg-9 text-left\" style=\"padding-left: 40px;\">\n<blockquote><p>\u201cEl TCI actuar\u00e1 como nexo entre nuestras 23 plantas, transfiriendo tecnolog\u00eda y conocimiento de las plantas l\u00edderes a otras ubicaciones para ofrecer soluciones m\u00e1s r\u00e1pidas y con mayor valor a\u00f1adido\u201d.<\/p><\/blockquote>\n<dl>\n<dt>Mario Mart\u00edn Gallego<\/dt>\n<dd id=\"job_title\">Director de Tecnolog\u00eda y Fabricaci\u00f3n Avanzada<\/dd>\n<\/dl>\n<\/div>\n<\/div>\n<\/div>\n<div class=\"col-12 col-md-12 col-lg-12 col-xl-10\" style=\"margin-top: 60px; margin-bottom: 60px;\">\n<div class=\"row justify-content-between align-items-center\">\n<div class=\"col-12 col-md-12 col-lg-3 text-left\"><img decoding=\"async\" class=\"size-medium aligncenter\" style=\"width: 100%; aspect-ratio: 1; object-fit: cover; height: auto; border-radius: 50%; max-width: 300px;\" src=\"https:\/\/www.tekniagroup.com\/wp-content\/uploads\/2025\/09\/manuel-revuelto-300x300.jpg\" alt=\"Manuel Revuelto Mochales\" \/><\/div>\n<div class=\"col-12 col-md-12 col-lg-9 text-left\" style=\"padding-left: 40px;\">\n<blockquote><p>\u201cXpander refuerza nuestras capacidades de digitalizaci\u00f3n y transformaci\u00f3n tecnol\u00f3gica, permiti\u00e9ndonos garantizar la seguridad, eficiencia y trazabilidad en los procesos de toda la cadena de suministro\u201d. <\/p><\/blockquote>\n<dl>\n<dt>Manuel Revuelto Mochales<\/dt>\n<dd id=\"job_title\">Product Development Manager<\/dd>\n<\/dl>\n<\/div>\n<\/div>\n<\/div>\n","protected":false},"excerpt":{"rendered":"&nbsp; El nuevo Teknia Center of Innovation (TCI), ubicado en el AIC de Boroa-Amorebieta, es un proyecto que nace integrado ante las demandad del mercado y con un enfoque t\u00e9cnico-comercial. De forma inicial, est\u00e1 centrado en nuestras tecnolog\u00edas met\u00e1licas y a corto plazo se prev\u00e9 incluir otras tecnolog\u00edas primarias. Este nuevo TCI tiene varios prop\u00f3sitos,&#8230;","protected":false},"author":15,"featured_media":13024,"parent":12968,"menu_order":6,"comment_status":"closed","ping_status":"closed","template":"","meta":{"_acf_changed":false,"om_disable_all_campaigns":false,"inline_featured_image":false,"footnotes":""},"class_list":["post-12974","page","type-page","status-publish","has-post-thumbnail","hentry"],"acf":[],"yoast_head":"<!-- This site is optimized with the Yoast SEO plugin v27.3 - https:\/\/yoast.com\/product\/yoast-seo-wordpress\/ -->\n<title>Innovaci\u00f3n para posicionarnos a la vanguardia - Teknia<\/title>\n<meta name=\"description\" content=\"Teknia es una compa\u00f1\u00eda que apuesta por incorporar talento joven y que participa en distintas iniciativas como el F\u00f3rmula Student\" \/>\n<meta name=\"robots\" content=\"index, follow, max-snippet:-1, max-image-preview:large, max-video-preview:-1\" \/>\n<link rel=\"canonical\" href=\"https:\/\/www.tekniagroup.com\/es\/quienes-somos\/informe-de-sostenibilidad\/innovacion-para-posicionarnos-a-la-vanguardia\/\" \/>\n<meta property=\"og:locale\" content=\"es_ES\" \/>\n<meta property=\"og:type\" content=\"article\" \/>\n<meta property=\"og:title\" content=\"Innovaci\u00f3n para posicionarnos a la vanguardia - Teknia\" \/>\n<meta property=\"og:description\" content=\"Teknia es una compa\u00f1\u00eda que apuesta por incorporar talento joven y que participa en distintas iniciativas como el F\u00f3rmula Student\" \/>\n<meta property=\"og:url\" content=\"https:\/\/www.tekniagroup.com\/es\/quienes-somos\/informe-de-sostenibilidad\/innovacion-para-posicionarnos-a-la-vanguardia\/\" \/>\n<meta property=\"og:site_name\" content=\"Teknia\" \/>\n<meta property=\"article:modified_time\" content=\"2025-10-14T07:03:14+00:00\" \/>\n<meta property=\"og:image\" content=\"https:\/\/www.tekniagroup.com\/wp-content\/uploads\/2025\/09\/tekstory-2024-6.jpg\" \/>\n\t<meta property=\"og:image:width\" content=\"1200\" \/>\n\t<meta property=\"og:image:height\" content=\"600\" \/>\n\t<meta property=\"og:image:type\" content=\"image\/jpeg\" \/>\n<meta name=\"twitter:card\" content=\"summary_large_image\" \/>\n<meta name=\"twitter:label1\" content=\"Tiempo de lectura\" \/>\n\t<meta name=\"twitter:data1\" content=\"3 minutos\" \/>\n<script type=\"application\/ld+json\" class=\"yoast-schema-graph\">{\"@context\":\"https:\\\/\\\/schema.org\",\"@graph\":[{\"@type\":\"WebPage\",\"@id\":\"https:\\\/\\\/www.tekniagroup.com\\\/es\\\/quienes-somos\\\/informe-de-sostenibilidad\\\/innovacion-para-posicionarnos-a-la-vanguardia\\\/\",\"url\":\"https:\\\/\\\/www.tekniagroup.com\\\/es\\\/quienes-somos\\\/informe-de-sostenibilidad\\\/innovacion-para-posicionarnos-a-la-vanguardia\\\/\",\"name\":\"Innovaci\u00f3n para posicionarnos a la vanguardia - Teknia\",\"isPartOf\":{\"@id\":\"https:\\\/\\\/www.tekniagroup.com\\\/es\\\/#website\"},\"primaryImageOfPage\":{\"@id\":\"https:\\\/\\\/www.tekniagroup.com\\\/es\\\/quienes-somos\\\/informe-de-sostenibilidad\\\/innovacion-para-posicionarnos-a-la-vanguardia\\\/#primaryimage\"},\"image\":{\"@id\":\"https:\\\/\\\/www.tekniagroup.com\\\/es\\\/quienes-somos\\\/informe-de-sostenibilidad\\\/innovacion-para-posicionarnos-a-la-vanguardia\\\/#primaryimage\"},\"thumbnailUrl\":\"https:\\\/\\\/www.tekniagroup.com\\\/wp-content\\\/uploads\\\/2025\\\/09\\\/tekstory-2024-6.jpg\",\"datePublished\":\"2023-06-18T08:53:27+00:00\",\"dateModified\":\"2025-10-14T07:03:14+00:00\",\"description\":\"Teknia es una compa\u00f1\u00eda que apuesta por incorporar talento joven y que participa en distintas iniciativas como el F\u00f3rmula Student\",\"breadcrumb\":{\"@id\":\"https:\\\/\\\/www.tekniagroup.com\\\/es\\\/quienes-somos\\\/informe-de-sostenibilidad\\\/innovacion-para-posicionarnos-a-la-vanguardia\\\/#breadcrumb\"},\"inLanguage\":\"es\",\"potentialAction\":[{\"@type\":\"ReadAction\",\"target\":[\"https:\\\/\\\/www.tekniagroup.com\\\/es\\\/quienes-somos\\\/informe-de-sostenibilidad\\\/innovacion-para-posicionarnos-a-la-vanguardia\\\/\"]}]},{\"@type\":\"ImageObject\",\"inLanguage\":\"es\",\"@id\":\"https:\\\/\\\/www.tekniagroup.com\\\/es\\\/quienes-somos\\\/informe-de-sostenibilidad\\\/innovacion-para-posicionarnos-a-la-vanguardia\\\/#primaryimage\",\"url\":\"https:\\\/\\\/www.tekniagroup.com\\\/wp-content\\\/uploads\\\/2025\\\/09\\\/tekstory-2024-6.jpg\",\"contentUrl\":\"https:\\\/\\\/www.tekniagroup.com\\\/wp-content\\\/uploads\\\/2025\\\/09\\\/tekstory-2024-6.jpg\",\"width\":1200,\"height\":600},{\"@type\":\"BreadcrumbList\",\"@id\":\"https:\\\/\\\/www.tekniagroup.com\\\/es\\\/quienes-somos\\\/informe-de-sostenibilidad\\\/innovacion-para-posicionarnos-a-la-vanguardia\\\/#breadcrumb\",\"itemListElement\":[{\"@type\":\"ListItem\",\"position\":1,\"name\":\"Home\",\"item\":\"https:\\\/\\\/www.tekniagroup.com\\\/es\\\/\"},{\"@type\":\"ListItem\",\"position\":2,\"name\":\"Qui\u00e9nes somos\",\"item\":\"https:\\\/\\\/www.tekniagroup.com\\\/es\\\/quienes-somos\\\/\"},{\"@type\":\"ListItem\",\"position\":3,\"name\":\"Informe de sostenibilidad\",\"item\":\"https:\\\/\\\/www.tekniagroup.com\\\/es\\\/quienes-somos\\\/informe-de-sostenibilidad\\\/\"},{\"@type\":\"ListItem\",\"position\":4,\"name\":\"Innovaci\u00f3n para posicionarnos a la vanguardia\"}]},{\"@type\":\"WebSite\",\"@id\":\"https:\\\/\\\/www.tekniagroup.com\\\/es\\\/#website\",\"url\":\"https:\\\/\\\/www.tekniagroup.com\\\/es\\\/\",\"name\":\"Teknia\",\"description\":\"Your manufacturing partner for mobility\",\"potentialAction\":[{\"@type\":\"SearchAction\",\"target\":{\"@type\":\"EntryPoint\",\"urlTemplate\":\"https:\\\/\\\/www.tekniagroup.com\\\/es\\\/?s={search_term_string}\"},\"query-input\":{\"@type\":\"PropertyValueSpecification\",\"valueRequired\":true,\"valueName\":\"search_term_string\"}}],\"inLanguage\":\"es\"}]}<\/script>\n<!-- \/ Yoast SEO plugin. -->","yoast_head_json":{"title":"Innovaci\u00f3n para posicionarnos a la vanguardia - Teknia","description":"Teknia es una compa\u00f1\u00eda que apuesta por incorporar talento joven y que participa en distintas iniciativas como el F\u00f3rmula Student","robots":{"index":"index","follow":"follow","max-snippet":"max-snippet:-1","max-image-preview":"max-image-preview:large","max-video-preview":"max-video-preview:-1"},"canonical":"https:\/\/www.tekniagroup.com\/es\/quienes-somos\/informe-de-sostenibilidad\/innovacion-para-posicionarnos-a-la-vanguardia\/","og_locale":"es_ES","og_type":"article","og_title":"Innovaci\u00f3n para posicionarnos a la vanguardia - Teknia","og_description":"Teknia es una compa\u00f1\u00eda que apuesta por incorporar talento joven y que participa en distintas iniciativas como el F\u00f3rmula Student","og_url":"https:\/\/www.tekniagroup.com\/es\/quienes-somos\/informe-de-sostenibilidad\/innovacion-para-posicionarnos-a-la-vanguardia\/","og_site_name":"Teknia","article_modified_time":"2025-10-14T07:03:14+00:00","og_image":[{"width":1200,"height":600,"url":"https:\/\/www.tekniagroup.com\/wp-content\/uploads\/2025\/09\/tekstory-2024-6.jpg","type":"image\/jpeg"}],"twitter_card":"summary_large_image","twitter_misc":{"Tiempo de lectura":"3 minutos"},"schema":{"@context":"https:\/\/schema.org","@graph":[{"@type":"WebPage","@id":"https:\/\/www.tekniagroup.com\/es\/quienes-somos\/informe-de-sostenibilidad\/innovacion-para-posicionarnos-a-la-vanguardia\/","url":"https:\/\/www.tekniagroup.com\/es\/quienes-somos\/informe-de-sostenibilidad\/innovacion-para-posicionarnos-a-la-vanguardia\/","name":"Innovaci\u00f3n para posicionarnos a la vanguardia - Teknia","isPartOf":{"@id":"https:\/\/www.tekniagroup.com\/es\/#website"},"primaryImageOfPage":{"@id":"https:\/\/www.tekniagroup.com\/es\/quienes-somos\/informe-de-sostenibilidad\/innovacion-para-posicionarnos-a-la-vanguardia\/#primaryimage"},"image":{"@id":"https:\/\/www.tekniagroup.com\/es\/quienes-somos\/informe-de-sostenibilidad\/innovacion-para-posicionarnos-a-la-vanguardia\/#primaryimage"},"thumbnailUrl":"https:\/\/www.tekniagroup.com\/wp-content\/uploads\/2025\/09\/tekstory-2024-6.jpg","datePublished":"2023-06-18T08:53:27+00:00","dateModified":"2025-10-14T07:03:14+00:00","description":"Teknia es una compa\u00f1\u00eda que apuesta por incorporar talento joven y que participa en distintas iniciativas como el F\u00f3rmula Student","breadcrumb":{"@id":"https:\/\/www.tekniagroup.com\/es\/quienes-somos\/informe-de-sostenibilidad\/innovacion-para-posicionarnos-a-la-vanguardia\/#breadcrumb"},"inLanguage":"es","potentialAction":[{"@type":"ReadAction","target":["https:\/\/www.tekniagroup.com\/es\/quienes-somos\/informe-de-sostenibilidad\/innovacion-para-posicionarnos-a-la-vanguardia\/"]}]},{"@type":"ImageObject","inLanguage":"es","@id":"https:\/\/www.tekniagroup.com\/es\/quienes-somos\/informe-de-sostenibilidad\/innovacion-para-posicionarnos-a-la-vanguardia\/#primaryimage","url":"https:\/\/www.tekniagroup.com\/wp-content\/uploads\/2025\/09\/tekstory-2024-6.jpg","contentUrl":"https:\/\/www.tekniagroup.com\/wp-content\/uploads\/2025\/09\/tekstory-2024-6.jpg","width":1200,"height":600},{"@type":"BreadcrumbList","@id":"https:\/\/www.tekniagroup.com\/es\/quienes-somos\/informe-de-sostenibilidad\/innovacion-para-posicionarnos-a-la-vanguardia\/#breadcrumb","itemListElement":[{"@type":"ListItem","position":1,"name":"Home","item":"https:\/\/www.tekniagroup.com\/es\/"},{"@type":"ListItem","position":2,"name":"Qui\u00e9nes somos","item":"https:\/\/www.tekniagroup.com\/es\/quienes-somos\/"},{"@type":"ListItem","position":3,"name":"Informe de sostenibilidad","item":"https:\/\/www.tekniagroup.com\/es\/quienes-somos\/informe-de-sostenibilidad\/"},{"@type":"ListItem","position":4,"name":"Innovaci\u00f3n para posicionarnos a la vanguardia"}]},{"@type":"WebSite","@id":"https:\/\/www.tekniagroup.com\/es\/#website","url":"https:\/\/www.tekniagroup.com\/es\/","name":"Teknia","description":"Your manufacturing partner for mobility","potentialAction":[{"@type":"SearchAction","target":{"@type":"EntryPoint","urlTemplate":"https:\/\/www.tekniagroup.com\/es\/?s={search_term_string}"},"query-input":{"@type":"PropertyValueSpecification","valueRequired":true,"valueName":"search_term_string"}}],"inLanguage":"es"}]}},"_links":{"self":[{"href":"https:\/\/www.tekniagroup.com\/es\/wp-json\/wp\/v2\/pages\/12974","targetHints":{"allow":["GET"]}}],"collection":[{"href":"https:\/\/www.tekniagroup.com\/es\/wp-json\/wp\/v2\/pages"}],"about":[{"href":"https:\/\/www.tekniagroup.com\/es\/wp-json\/wp\/v2\/types\/page"}],"author":[{"embeddable":true,"href":"https:\/\/www.tekniagroup.com\/es\/wp-json\/wp\/v2\/users\/15"}],"replies":[{"embeddable":true,"href":"https:\/\/www.tekniagroup.com\/es\/wp-json\/wp\/v2\/comments?post=12974"}],"version-history":[{"count":5,"href":"https:\/\/www.tekniagroup.com\/es\/wp-json\/wp\/v2\/pages\/12974\/revisions"}],"predecessor-version":[{"id":13365,"href":"https:\/\/www.tekniagroup.com\/es\/wp-json\/wp\/v2\/pages\/12974\/revisions\/13365"}],"up":[{"embeddable":true,"href":"https:\/\/www.tekniagroup.com\/es\/wp-json\/wp\/v2\/pages\/12968"}],"wp:featuredmedia":[{"embeddable":true,"href":"https:\/\/www.tekniagroup.com\/es\/wp-json\/wp\/v2\/media\/13024"}],"wp:attachment":[{"href":"https:\/\/www.tekniagroup.com\/es\/wp-json\/wp\/v2\/media?parent=12974"}],"curies":[{"name":"wp","href":"https:\/\/api.w.org\/{rel}","templated":true}]}}