{"id":12973,"date":"2023-06-18T10:59:01","date_gmt":"2023-06-18T08:59:01","guid":{"rendered":"https:\/\/www.tekniagroup.com\/?page_id=12973"},"modified":"2025-10-14T09:03:00","modified_gmt":"2025-10-14T07:03:00","slug":"partbypart-el-relevo-generacional-en-teknia-se-construye-pieza-a-pieza","status":"publish","type":"page","link":"https:\/\/www.tekniagroup.com\/es\/quienes-somos\/informe-de-sostenibilidad\/partbypart-el-relevo-generacional-en-teknia-se-construye-pieza-a-pieza\/","title":{"rendered":"#PartByPart: El relevo generacional en Teknia se construye pieza a pieza"},"content":{"rendered":"<style type=\"text\/css\">main {padding-top: 195px !important;} h1 {text-align: center !important;} @media (max-width: 480px) {img {width: 100% !important;height: auto !important;}}<\/style>\n<p align=\"center\" data-wp-editing=\"1\"><img loading=\"lazy\" decoding=\"async\" class=\"aligncenter size-full\" style=\"width: 100%; height: auto;\" src=\"https:\/\/www.tekniagroup.com\/wp-content\/uploads\/2025\/09\/tekstory-2024-5.jpg\" alt=\"#PartByPart: El relevo generacional en Teknia se construye pieza a pieza.\" width=\"1200\" height=\"600\" \/><\/p>\n<p>&nbsp;<\/p>\n<p>Teknia es una empresa diversa geogr\u00e1fica, cultural y generacionalmente hablando: todo ello es parte de nuestra identidad. La compa\u00f1\u00eda est\u00e1 inmersa en estos momentos en un relevo generacional y en nuestras plantas conviven personas de diferentes edades que encajan dentro de un equipo en el que la diversidad generacional es una de nuestras grandes fortalezas.<\/p>\n<p>Este relevo se est\u00e1 produciendo en todas las \u00e1reas y niveles de la organizaci\u00f3n, por eso hemos lanzado la <a href=\"https:\/www.tekniagroup.com\/es\/quienes-somos\/personas\/relevo-generacional\/\">campa\u00f1a #PartByPart<\/a>, que quiere poner rostro y voz a esta gran experiencia.<\/p>\n<p><strong>Relevo generacional en la direcci\u00f3n<\/strong><\/p>\n<p>\u201c\u00c9l da un paso adelante, se atreve. Javier se postula para el puesto, al Consejo le parece fenomenal, a su madre y a m\u00ed mejor todav\u00eda y, de momento, estamos todos encantados\u201d. De esta forma tan simple define <strong>Javier Quesada Suescun<\/strong>, <strong>fundador y presidente de honor de Teknia<\/strong>, el relevo generacional hacia el liderazgo de su hijo Javier Quesada de Luis, quien fue nombrado en 2022 como director general del Grupo y recientemente designado como CEO de nuestra compa\u00f1\u00eda.<\/p>\n<p>Padre e hijo comparten la misma opini\u00f3n sobre la necesidad de conjugar de forma exitosa el conocimiento y la amplia experiencia de las generaciones m\u00e1s veteranas, que han crecido dentro de la casa y conocen su historia en profundidad y la sabia nueva que aportan las generaciones m\u00e1s j\u00f3venes, con otra visi\u00f3n y otras habilidades y otras ambiciones. Esta visi\u00f3n se manifiesta en el nuevo equipo directivo, por ejemplo, que ha de mirar al futuro con el conocimiento, las herramientas y el contexto actual, pero sin olvidar y poner en valor el legado construido hasta ahora, garantizando su perdurabilidad y los valores que han puesto los cimientos de lo que es hoy Teknia.<\/p>\n<p>\u201cAhora mismo estamos combinando los perfiles con m\u00e1s seniority con aquellos con ganas de cambiar y transformar la compa\u00f1\u00eda. La clave del relevo generacional es saber unir esos dos mundos\u201d. <strong>Javier Quesada de Luis, CEO de Teknia. <\/strong><\/p>\n<p>Padre e hijo consideran que la empresa es una herramienta para dejar una marca y un legado, donde el trabajo no es solo un empleo, sino una oportunidad para impactar y trascender y ello se construye a trav\u00e9s del trabajo de distintas generaciones.<\/p>\n<div class=\"col-12 col-md-12 col-lg-12 col-xl-10\" style=\"margin-top: 60px; margin-bottom: 60px;\">\n<div class=\"row justify-content-between align-items-center\">\n<div class=\"col-12 col-md-12 col-lg-3 text-left\"><img decoding=\"async\" class=\"size-medium aligncenter\" style=\"width: 100%; aspect-ratio: 1; object-fit: cover; height: auto; border-radius: 50%; max-width: 300px;\" src=\"https:\/\/www.tekniagroup.com\/wp-content\/uploads\/2025\/09\/javier-quesada-suescun-300x300.jpg\" alt=\"Javier Quesada Suescun\" \/><\/div>\n<div class=\"col-12 col-md-12 col-lg-9 text-left\" style=\"padding-left: 40px;\">\n<blockquote><p>\u201c\u00c9l da un paso adelante, se atreve. Javier se postula para el puesto, al Consejo le parece fenomenal, a su madre y a m\u00ed mejor todav\u00eda y, de momento, estamos todos encantados\u201d.<\/p><\/blockquote>\n<dl>\n<dt>Javier Quesada Suescun<\/dt>\n<dd id=\"job_title\">Presidente de honor de Teknia<\/dd>\n<\/dl>\n<\/div>\n<\/div>\n<\/div>\n<div class=\"col-12 col-md-12 col-lg-12 col-xl-10\" style=\"margin-top: 60px; margin-bottom: 60px;\">\n<div class=\"row justify-content-between align-items-center\">\n<div class=\"col-12 col-md-12 col-lg-3 text-left\"><img decoding=\"async\" class=\"size-medium aligncenter\" style=\"width: 100%; aspect-ratio: 1; object-fit: cover; height: auto; border-radius: 50%; max-width: 300px;\" src=\"https:\/\/www.tekniagroup.com\/wp-content\/uploads\/2025\/09\/javier-quesada-de-luis-300x300.jpg\" alt=\"Javier Quesada de Luis\" \/><\/div>\n<div class=\"col-12 col-md-12 col-lg-9 text-left\" style=\"padding-left: 40px;\">\n<blockquote><p>\u201cAhora mismo estamos combinando los perfiles con m\u00e1s seniority con aquellos con ganas de cambiar y transformar la compa\u00f1\u00eda. La clave del relevo generacional es saber unir esos dos mundos\u201d.<\/p><\/blockquote>\n<dl>\n<dt>Javier Quesada de Luis<\/dt>\n<dd id=\"job_title\">CEO<\/dd>\n<\/dl>\n<\/div>\n<\/div>\n<\/div>\n<p>&nbsp;<\/p>\n<p><strong>\u00bfQu\u00e9 piensan tus compa\u00f1eros del relevo generacional?<\/strong><\/p>\n<p>Todos los compa\u00f1eros y compa\u00f1eras que han participado en la campa\u00f1a #PartByPart comparten y reconocen el valor que supone el trabajo intergeneracional. Todos ellos nos han ofrecido sus puntos de vista sobre c\u00f3mo es trabajar en una compa\u00f1\u00eda como Teknia, que ha crecido gracias al trabajo de personas que hoy son veteranas y referentes en conocimiento y experiencia y que, desde hace ya a\u00f1os viene incorporando perfiles muy j\u00f3venes, con otros horizontes y visiones que aplican cada d\u00eda a su trabajo. Cada uno, desde sus funciones y responsabilidades, tienen una experiencia concreta, valiosa y que merece la pena compartir.<\/p>\n<blockquote><p>\u201cEn empresas como la nuestra, en las que hay diferentes generaciones, es importante escuchar las opiniones de todos para que las decisiones sean m\u00e1s acertadas. Los j\u00f3venes son los que tienen que modelar el futuro de Teknia <strong>pero los consejos que reciben de las generaciones primog\u00e9nitas son important\u00edsimos<\/strong>.\u201d<\/p>\n<p><strong>Jos\u00e9 Mar\u00eda S\u00e1nchez<\/strong>, responsable de compras<\/p><\/blockquote>\n<p>&nbsp;<\/p>\n<blockquote><p>\u00ab<strong>Para m\u00ed trabajar con personas de distintas edades es todo un placer<\/strong> (\u2026) yo entr\u00e9 en el 2015 reci\u00e9n graduada en como becaria y al final aqu\u00ed dentro de la empresa he podido tener una carrera profesional bastante interesante. <strong>Aprovechas la experiencia de las personas m\u00e1s mayores y a\u00f1ades el conocimiento tecnol\u00f3gico que las nuevas generaciones est\u00e1n aportando<\/strong>\u00bb<\/p>\n<p><strong>Laura Men\u00e9ndez,<\/strong> responsable comercial de la Business Pl\u00e1stico Europa<\/p><\/blockquote>\n<p>&nbsp;<\/p>\n<blockquote><p>\u201cEn estos a\u00f1os <strong>incluso yo he ido viendo muchos cambios como la digitalizaci\u00f3n en producci\u00f3n<\/strong>. Como operaria dir\u00eda que el compa\u00f1erismo entre todas las personas que trabajamos en la planta es fundamental. <strong>Respetarnos y escuchar todas las opiniones me parece lo m\u00e1s importante.<\/strong>\u201d<\/p>\n<p><strong>Nagore Fern\u00e1ndez,<\/strong> Operaria en Teknia Elorrio<\/p><\/blockquote>\n<p>&nbsp;<\/p>\n<blockquote><p>\u201cAntes todo era manual, requer\u00eda mucho esfuerzo del operario, hoy casi todo est\u00e1 automatizado. <strong>Es de valorar ver c\u00f3mo la gente mayor<\/strong>, acostumbrada a hacer trabajos manuales, <strong>tiene la capacidad de reciclarse y adaptarse con ganas a las nuevas tecnolog\u00edas<\/strong>.\u201d<\/p>\n<p><strong>Juanjo Rodr\u00edguez,<\/strong> jefe de operaciones en Teknia Elorrio<\/p><\/blockquote>\n<p>&nbsp;<\/p>\n<blockquote><p>\u201cHoy en d\u00eda, los m\u00e1s j\u00f3venes est\u00e1n muy centrados en lo inmediato. Vienen llenos de ganas, queri\u00e9ndolo todo muy r\u00e1pido, pero a veces hay que pararse y analizarlo en conjunto. <strong>Es importante tener iniciativa<\/strong>, no sirve de nada estudiar y prepararse si luego no lo pones en pr\u00e1ctica. La ventaja de los j\u00f3venes es que tienen muchas ganas y voluntad\u201d.<\/p>\n<p><strong>Paula Souza,<\/strong> responsable de recursos humanos en Teknia Brasil<\/p><\/blockquote>\n<p>&nbsp;<\/p>\n<blockquote><p>\u201cMi generaci\u00f3n debe aprender a tener m\u00e1s control emocional. <strong>Saber ser observadores, tener curiosidad y aceptar nuevos desaf\u00edos, porque con los desaf\u00edos se crea la experiencia.<\/strong> Tambi\u00e9n debemos apoyarnos en los que ten\u00e9is m\u00e1s experiencia, ir paso a paso, a veces <strong>los m\u00e1s j\u00f3venes queremos quemar etapas muy r\u00e1pido<\/strong>.\u201d<\/p>\n<p><strong>V\u00edctor Cardoso,<\/strong> analista junior PCP en Teknia Brasil<\/p><\/blockquote>\n<p>&nbsp;<\/p>\n<p>&nbsp;<\/p>\n","protected":false},"excerpt":{"rendered":"&nbsp; Teknia es una empresa diversa geogr\u00e1fica, cultural y generacionalmente hablando: todo ello es parte de nuestra identidad. La compa\u00f1\u00eda est\u00e1 inmersa en estos momentos en un relevo generacional y en nuestras plantas conviven personas de diferentes edades que encajan dentro de un equipo en el que la diversidad generacional es una de nuestras grandes&#8230;","protected":false},"author":15,"featured_media":13022,"parent":12968,"menu_order":5,"comment_status":"closed","ping_status":"closed","template":"","meta":{"_acf_changed":false,"om_disable_all_campaigns":false,"inline_featured_image":false,"footnotes":""},"class_list":["post-12973","page","type-page","status-publish","has-post-thumbnail","hentry"],"acf":[],"yoast_head":"<!-- This site is optimized with the Yoast SEO plugin v27.3 - https:\/\/yoast.com\/product\/yoast-seo-wordpress\/ -->\n<title>#PartByPart: El relevo generacional en Teknia se construye pieza a pieza - Teknia<\/title>\n<meta name=\"robots\" content=\"index, follow, max-snippet:-1, max-image-preview:large, max-video-preview:-1\" \/>\n<link rel=\"canonical\" href=\"https:\/\/www.tekniagroup.com\/es\/quienes-somos\/informe-de-sostenibilidad\/partbypart-el-relevo-generacional-en-teknia-se-construye-pieza-a-pieza\/\" \/>\n<meta property=\"og:locale\" content=\"es_ES\" \/>\n<meta property=\"og:type\" content=\"article\" \/>\n<meta property=\"og:title\" content=\"#PartByPart: El relevo generacional en Teknia se construye pieza a pieza - Teknia\" \/>\n<meta property=\"og:description\" content=\"&nbsp; Teknia es una empresa diversa geogr\u00e1fica, cultural y generacionalmente hablando: todo ello es parte de nuestra identidad. La compa\u00f1\u00eda est\u00e1 inmersa en estos momentos en un relevo generacional y en nuestras plantas conviven personas de diferentes edades que encajan dentro de un equipo en el que la diversidad generacional es una de nuestras grandes...\" \/>\n<meta property=\"og:url\" content=\"https:\/\/www.tekniagroup.com\/es\/quienes-somos\/informe-de-sostenibilidad\/partbypart-el-relevo-generacional-en-teknia-se-construye-pieza-a-pieza\/\" \/>\n<meta property=\"og:site_name\" content=\"Teknia\" \/>\n<meta property=\"article:modified_time\" content=\"2025-10-14T07:03:00+00:00\" \/>\n<meta property=\"og:image\" content=\"https:\/\/www.tekniagroup.com\/wp-content\/uploads\/2025\/09\/tekstory-2024-5.jpg\" \/>\n\t<meta property=\"og:image:width\" content=\"1200\" \/>\n\t<meta property=\"og:image:height\" content=\"600\" \/>\n\t<meta property=\"og:image:type\" content=\"image\/jpeg\" \/>\n<meta name=\"twitter:card\" content=\"summary_large_image\" \/>\n<meta name=\"twitter:label1\" content=\"Tiempo de lectura\" \/>\n\t<meta name=\"twitter:data1\" content=\"3 minutos\" \/>\n<script type=\"application\/ld+json\" class=\"yoast-schema-graph\">{\"@context\":\"https:\\\/\\\/schema.org\",\"@graph\":[{\"@type\":\"WebPage\",\"@id\":\"https:\\\/\\\/www.tekniagroup.com\\\/es\\\/quienes-somos\\\/informe-de-sostenibilidad\\\/partbypart-el-relevo-generacional-en-teknia-se-construye-pieza-a-pieza\\\/\",\"url\":\"https:\\\/\\\/www.tekniagroup.com\\\/es\\\/quienes-somos\\\/informe-de-sostenibilidad\\\/partbypart-el-relevo-generacional-en-teknia-se-construye-pieza-a-pieza\\\/\",\"name\":\"#PartByPart: El relevo generacional en Teknia se construye pieza a pieza - Teknia\",\"isPartOf\":{\"@id\":\"https:\\\/\\\/www.tekniagroup.com\\\/es\\\/#website\"},\"primaryImageOfPage\":{\"@id\":\"https:\\\/\\\/www.tekniagroup.com\\\/es\\\/quienes-somos\\\/informe-de-sostenibilidad\\\/partbypart-el-relevo-generacional-en-teknia-se-construye-pieza-a-pieza\\\/#primaryimage\"},\"image\":{\"@id\":\"https:\\\/\\\/www.tekniagroup.com\\\/es\\\/quienes-somos\\\/informe-de-sostenibilidad\\\/partbypart-el-relevo-generacional-en-teknia-se-construye-pieza-a-pieza\\\/#primaryimage\"},\"thumbnailUrl\":\"https:\\\/\\\/www.tekniagroup.com\\\/wp-content\\\/uploads\\\/2025\\\/09\\\/tekstory-2024-5.jpg\",\"datePublished\":\"2023-06-18T08:59:01+00:00\",\"dateModified\":\"2025-10-14T07:03:00+00:00\",\"breadcrumb\":{\"@id\":\"https:\\\/\\\/www.tekniagroup.com\\\/es\\\/quienes-somos\\\/informe-de-sostenibilidad\\\/partbypart-el-relevo-generacional-en-teknia-se-construye-pieza-a-pieza\\\/#breadcrumb\"},\"inLanguage\":\"es\",\"potentialAction\":[{\"@type\":\"ReadAction\",\"target\":[\"https:\\\/\\\/www.tekniagroup.com\\\/es\\\/quienes-somos\\\/informe-de-sostenibilidad\\\/partbypart-el-relevo-generacional-en-teknia-se-construye-pieza-a-pieza\\\/\"]}]},{\"@type\":\"ImageObject\",\"inLanguage\":\"es\",\"@id\":\"https:\\\/\\\/www.tekniagroup.com\\\/es\\\/quienes-somos\\\/informe-de-sostenibilidad\\\/partbypart-el-relevo-generacional-en-teknia-se-construye-pieza-a-pieza\\\/#primaryimage\",\"url\":\"https:\\\/\\\/www.tekniagroup.com\\\/wp-content\\\/uploads\\\/2025\\\/09\\\/tekstory-2024-5.jpg\",\"contentUrl\":\"https:\\\/\\\/www.tekniagroup.com\\\/wp-content\\\/uploads\\\/2025\\\/09\\\/tekstory-2024-5.jpg\",\"width\":1200,\"height\":600},{\"@type\":\"BreadcrumbList\",\"@id\":\"https:\\\/\\\/www.tekniagroup.com\\\/es\\\/quienes-somos\\\/informe-de-sostenibilidad\\\/partbypart-el-relevo-generacional-en-teknia-se-construye-pieza-a-pieza\\\/#breadcrumb\",\"itemListElement\":[{\"@type\":\"ListItem\",\"position\":1,\"name\":\"Home\",\"item\":\"https:\\\/\\\/www.tekniagroup.com\\\/es\\\/\"},{\"@type\":\"ListItem\",\"position\":2,\"name\":\"Qui\u00e9nes somos\",\"item\":\"https:\\\/\\\/www.tekniagroup.com\\\/es\\\/quienes-somos\\\/\"},{\"@type\":\"ListItem\",\"position\":3,\"name\":\"Informe de sostenibilidad\",\"item\":\"https:\\\/\\\/www.tekniagroup.com\\\/es\\\/quienes-somos\\\/informe-de-sostenibilidad\\\/\"},{\"@type\":\"ListItem\",\"position\":4,\"name\":\"#PartByPart: El relevo generacional en Teknia se construye pieza a pieza\"}]},{\"@type\":\"WebSite\",\"@id\":\"https:\\\/\\\/www.tekniagroup.com\\\/es\\\/#website\",\"url\":\"https:\\\/\\\/www.tekniagroup.com\\\/es\\\/\",\"name\":\"Teknia\",\"description\":\"Your manufacturing partner for mobility\",\"potentialAction\":[{\"@type\":\"SearchAction\",\"target\":{\"@type\":\"EntryPoint\",\"urlTemplate\":\"https:\\\/\\\/www.tekniagroup.com\\\/es\\\/?s={search_term_string}\"},\"query-input\":{\"@type\":\"PropertyValueSpecification\",\"valueRequired\":true,\"valueName\":\"search_term_string\"}}],\"inLanguage\":\"es\"}]}<\/script>\n<!-- \/ Yoast SEO plugin. -->","yoast_head_json":{"title":"#PartByPart: El relevo generacional en Teknia se construye pieza a pieza - Teknia","robots":{"index":"index","follow":"follow","max-snippet":"max-snippet:-1","max-image-preview":"max-image-preview:large","max-video-preview":"max-video-preview:-1"},"canonical":"https:\/\/www.tekniagroup.com\/es\/quienes-somos\/informe-de-sostenibilidad\/partbypart-el-relevo-generacional-en-teknia-se-construye-pieza-a-pieza\/","og_locale":"es_ES","og_type":"article","og_title":"#PartByPart: El relevo generacional en Teknia se construye pieza a pieza - Teknia","og_description":"&nbsp; Teknia es una empresa diversa geogr\u00e1fica, cultural y generacionalmente hablando: todo ello es parte de nuestra identidad. La compa\u00f1\u00eda est\u00e1 inmersa en estos momentos en un relevo generacional y en nuestras plantas conviven personas de diferentes edades que encajan dentro de un equipo en el que la diversidad generacional es una de nuestras grandes...","og_url":"https:\/\/www.tekniagroup.com\/es\/quienes-somos\/informe-de-sostenibilidad\/partbypart-el-relevo-generacional-en-teknia-se-construye-pieza-a-pieza\/","og_site_name":"Teknia","article_modified_time":"2025-10-14T07:03:00+00:00","og_image":[{"width":1200,"height":600,"url":"https:\/\/www.tekniagroup.com\/wp-content\/uploads\/2025\/09\/tekstory-2024-5.jpg","type":"image\/jpeg"}],"twitter_card":"summary_large_image","twitter_misc":{"Tiempo de lectura":"3 minutos"},"schema":{"@context":"https:\/\/schema.org","@graph":[{"@type":"WebPage","@id":"https:\/\/www.tekniagroup.com\/es\/quienes-somos\/informe-de-sostenibilidad\/partbypart-el-relevo-generacional-en-teknia-se-construye-pieza-a-pieza\/","url":"https:\/\/www.tekniagroup.com\/es\/quienes-somos\/informe-de-sostenibilidad\/partbypart-el-relevo-generacional-en-teknia-se-construye-pieza-a-pieza\/","name":"#PartByPart: El relevo generacional en Teknia se construye pieza a pieza - Teknia","isPartOf":{"@id":"https:\/\/www.tekniagroup.com\/es\/#website"},"primaryImageOfPage":{"@id":"https:\/\/www.tekniagroup.com\/es\/quienes-somos\/informe-de-sostenibilidad\/partbypart-el-relevo-generacional-en-teknia-se-construye-pieza-a-pieza\/#primaryimage"},"image":{"@id":"https:\/\/www.tekniagroup.com\/es\/quienes-somos\/informe-de-sostenibilidad\/partbypart-el-relevo-generacional-en-teknia-se-construye-pieza-a-pieza\/#primaryimage"},"thumbnailUrl":"https:\/\/www.tekniagroup.com\/wp-content\/uploads\/2025\/09\/tekstory-2024-5.jpg","datePublished":"2023-06-18T08:59:01+00:00","dateModified":"2025-10-14T07:03:00+00:00","breadcrumb":{"@id":"https:\/\/www.tekniagroup.com\/es\/quienes-somos\/informe-de-sostenibilidad\/partbypart-el-relevo-generacional-en-teknia-se-construye-pieza-a-pieza\/#breadcrumb"},"inLanguage":"es","potentialAction":[{"@type":"ReadAction","target":["https:\/\/www.tekniagroup.com\/es\/quienes-somos\/informe-de-sostenibilidad\/partbypart-el-relevo-generacional-en-teknia-se-construye-pieza-a-pieza\/"]}]},{"@type":"ImageObject","inLanguage":"es","@id":"https:\/\/www.tekniagroup.com\/es\/quienes-somos\/informe-de-sostenibilidad\/partbypart-el-relevo-generacional-en-teknia-se-construye-pieza-a-pieza\/#primaryimage","url":"https:\/\/www.tekniagroup.com\/wp-content\/uploads\/2025\/09\/tekstory-2024-5.jpg","contentUrl":"https:\/\/www.tekniagroup.com\/wp-content\/uploads\/2025\/09\/tekstory-2024-5.jpg","width":1200,"height":600},{"@type":"BreadcrumbList","@id":"https:\/\/www.tekniagroup.com\/es\/quienes-somos\/informe-de-sostenibilidad\/partbypart-el-relevo-generacional-en-teknia-se-construye-pieza-a-pieza\/#breadcrumb","itemListElement":[{"@type":"ListItem","position":1,"name":"Home","item":"https:\/\/www.tekniagroup.com\/es\/"},{"@type":"ListItem","position":2,"name":"Qui\u00e9nes somos","item":"https:\/\/www.tekniagroup.com\/es\/quienes-somos\/"},{"@type":"ListItem","position":3,"name":"Informe de sostenibilidad","item":"https:\/\/www.tekniagroup.com\/es\/quienes-somos\/informe-de-sostenibilidad\/"},{"@type":"ListItem","position":4,"name":"#PartByPart: El relevo generacional en Teknia se construye pieza a pieza"}]},{"@type":"WebSite","@id":"https:\/\/www.tekniagroup.com\/es\/#website","url":"https:\/\/www.tekniagroup.com\/es\/","name":"Teknia","description":"Your manufacturing partner for mobility","potentialAction":[{"@type":"SearchAction","target":{"@type":"EntryPoint","urlTemplate":"https:\/\/www.tekniagroup.com\/es\/?s={search_term_string}"},"query-input":{"@type":"PropertyValueSpecification","valueRequired":true,"valueName":"search_term_string"}}],"inLanguage":"es"}]}},"_links":{"self":[{"href":"https:\/\/www.tekniagroup.com\/es\/wp-json\/wp\/v2\/pages\/12973","targetHints":{"allow":["GET"]}}],"collection":[{"href":"https:\/\/www.tekniagroup.com\/es\/wp-json\/wp\/v2\/pages"}],"about":[{"href":"https:\/\/www.tekniagroup.com\/es\/wp-json\/wp\/v2\/types\/page"}],"author":[{"embeddable":true,"href":"https:\/\/www.tekniagroup.com\/es\/wp-json\/wp\/v2\/users\/15"}],"replies":[{"embeddable":true,"href":"https:\/\/www.tekniagroup.com\/es\/wp-json\/wp\/v2\/comments?post=12973"}],"version-history":[{"count":11,"href":"https:\/\/www.tekniagroup.com\/es\/wp-json\/wp\/v2\/pages\/12973\/revisions"}],"predecessor-version":[{"id":13360,"href":"https:\/\/www.tekniagroup.com\/es\/wp-json\/wp\/v2\/pages\/12973\/revisions\/13360"}],"up":[{"embeddable":true,"href":"https:\/\/www.tekniagroup.com\/es\/wp-json\/wp\/v2\/pages\/12968"}],"wp:featuredmedia":[{"embeddable":true,"href":"https:\/\/www.tekniagroup.com\/es\/wp-json\/wp\/v2\/media\/13022"}],"wp:attachment":[{"href":"https:\/\/www.tekniagroup.com\/es\/wp-json\/wp\/v2\/media?parent=12973"}],"curies":[{"name":"wp","href":"https:\/\/api.w.org\/{rel}","templated":true}]}}