{"id":12970,"date":"2023-06-18T11:01:11","date_gmt":"2023-06-18T09:01:11","guid":{"rendered":"https:\/\/www.tekniagroup.com\/?page_id=12970"},"modified":"2025-10-14T10:44:48","modified_gmt":"2025-10-14T08:44:48","slug":"enfocados-en-la-rentabilidad-y-la-sostenibilidad","status":"publish","type":"page","link":"https:\/\/www.tekniagroup.com\/es\/quienes-somos\/informe-de-sostenibilidad\/enfocados-en-la-rentabilidad-y-la-sostenibilidad\/","title":{"rendered":"Enfocados en la rentabilidad y la sostenibilidad"},"content":{"rendered":"<style type=\"text\/css\">main {padding-top: 195px !important;} h1 {text-align: center !important;} @media (max-width: 480px) {img {width: 100% !important;height: auto !important;}}<\/style>\n<p align=\"center\" data-wp-editing=\"1\"><img loading=\"lazy\" decoding=\"async\" class=\"aligncenter size-full\" style=\"width: 100%; height: auto;\" src=\"https:\/\/www.tekniagroup.com\/wp-content\/uploads\/2025\/09\/tekstory-2024-2.jpg\" alt=\"Enfocados en la rentabilidad y la sostenibilidad\" width=\"1200\" height=\"600\" \/><\/p>\n<p>&nbsp;<\/p>\n<p>Nieves Garc\u00eda se incorpor\u00f3 en 2024 a Teknia como Chief Financial Officer (CFO) del Grupo para liderar el \u00e1rea financiera en un momento de crecimiento e importantes retos para la compa\u00f1\u00eda. Su experiencia profesional, desarrollada durante muchos a\u00f1os en el sector de la automoci\u00f3n, tiene un fuerte enfoque en estrategia, planificaci\u00f3n financiera, finanzas corporativas y M&amp;A (fusiones y adquisiciones).<\/p>\n<p><strong>Uno de los pilares del plan estrat\u00e9gico \u2018<\/strong><strong><em>Moving Teknia 2025\u2019<\/em><\/strong><strong> es la rentabilidad para garantizar la viabilidad de la compa\u00f1\u00eda, \u00bfc\u00f3mo enfocamos este pilar estrat\u00e9gico en el actual contexto del sector automoci\u00f3n?<\/strong> La contracci\u00f3n que est\u00e1 viviendo el sector en este momento es un argumento m\u00e1s para incidir con m\u00e1s ah\u00ednco en lo fundamental de este pilar. No solo debemos ser rentables y viables a corto plazo, sino tomar las medidas necesarias para que, cuando haya pasado este escenario actual del sector, estemos igual o mejor preparados que antes y podamos afrontar otras decisiones estrat\u00e9gicas con un buen pulm\u00f3n financiero.<\/p>\n<p><strong>\u00bfDe qu\u00e9 medidas estamos hablando? \u00bfEn qu\u00e9 se concretan y con qu\u00e9 objetivos se est\u00e1n desplegando?<\/strong><br \/>\nDesde mediados de a\u00f1o hemos desplegado un plan con medidas de choque donde hay actuaciones de todo tipo dentro del \u00e1rea financiera: desde medidas para mejorar la eficiencia de procesos que nos lleve a ahorros significativos, la mejora en digitalizaci\u00f3n de flujos de informaci\u00f3n en todas y cada una de las plantas de Teknia para disponer de informaci\u00f3n en tiempo real o un criterio de inversi\u00f3n muy estrat\u00e9gico y estudiado que contempla distintos escenarios, basado en la rentabilidad y la sostenibilidad a corto, medio y largo plazo. Estamos trabajando, ya no solo por el contexto, sino por nuestra propia visi\u00f3n empresarial en la mejora progresiva de ratios financieros y KPIs, que acompa\u00f1en y reflejen qui\u00e9nes somos y qui\u00e9nes queremos ser a futuro: referentes en calidad y sostenibilidad, confiables para nuestros clientes, innovadores en nuestros productos y servicios, y generadores de empleo estable, de calidad e impacto socioecon\u00f3mico; y, todo eso, tiene que reflejarse en un balance fuerte y s\u00f3lido.<\/p>\n<p><strong>Teknia tambi\u00e9n tiene en pleno despliegue un Plan de Sostenibilidad, \u00bfqu\u00e9 lugar ocupan la financiaci\u00f3n verde y sostenible en la compa\u00f1\u00eda?<\/strong><\/p>\n<p>Es una herramienta a explorar en profundidad en los pr\u00f3ximos a\u00f1os. Sin duda establece una clara sinergia entre nuestro desempe\u00f1o en materia ESG, en el que estamos poniendo muchos esfuerzos, y el aprovechamiento de l\u00edneas de financiaci\u00f3n m\u00e1s ventajosas ligadas a este desempe\u00f1o. A cierre de 2024, Teknia tiene dos p\u00f3lizas-pr\u00e9stamos ligados a objetivos de sostenibilidad, concretamente a reducci\u00f3n de emisiones, por valor de 9 millones de euros.<\/p>\n<div class=\"col-12 col-md-12 col-lg-12 col-xl-10\" style=\"margin-top: 50px; margin-bottom: 50px;\">\n<div class=\"row justify-content-between align-items-center\">\n<div class=\"col-12 col-md-12 col-lg-3 text-left\"><img decoding=\"async\" class=\"size-medium aligncenter\" style=\"width: 100%; aspect-ratio: 1; object-fit: cover; height: auto; border-radius: 50%; max-width: 300px;\" src=\"https:\/\/www.tekniagroup.com\/wp-content\/uploads\/2025\/09\/nieves-garcia-300x300.jpg\" alt=\"Nieves Garc\u00eda\" \/><\/div>\n<div class=\"col-12 col-md-12 col-lg-9 text-left\" style=\"padding-left: 40px;\">\n<blockquote><p>\u201cNo solo debemos ser rentables y viables a corto plazo, sino tomar las medidas necesarias para que, cuando haya pasado este escenario actual del sector, estemos igual o mejor preparados que antes y podamos afrontar otras decisiones estrat\u00e9gicas con un buen pulm\u00f3n financiero\u201d.<\/p><\/blockquote>\n<dl>\n<dt>Nieves Garc\u00eda<\/dt>\n<dd id=\"job_title\">Chief Financial Officer (CFO) de Teknia<\/dd>\n<\/dl>\n<\/div>\n<\/div>\n<\/div>\n","protected":false},"excerpt":{"rendered":"&nbsp; Nieves Garc\u00eda se incorpor\u00f3 en 2024 a Teknia como Chief Financial Officer (CFO) del Grupo para liderar el \u00e1rea financiera en un momento de crecimiento e importantes retos para la compa\u00f1\u00eda. Su experiencia profesional, desarrollada durante muchos a\u00f1os en el sector de la automoci\u00f3n, tiene un fuerte enfoque en estrategia, planificaci\u00f3n financiera, finanzas corporativas&#8230;","protected":false},"author":15,"featured_media":13016,"parent":12968,"menu_order":2,"comment_status":"closed","ping_status":"closed","template":"","meta":{"_acf_changed":false,"om_disable_all_campaigns":false,"inline_featured_image":false,"footnotes":""},"class_list":["post-12970","page","type-page","status-publish","has-post-thumbnail","hentry"],"acf":[],"yoast_head":"<!-- This site is optimized with the Yoast SEO plugin v27.3 - https:\/\/yoast.com\/product\/yoast-seo-wordpress\/ -->\n<title>Enfocados en la rentabilidad y la sostenibilidad - Teknia<\/title>\n<meta name=\"robots\" content=\"index, follow, max-snippet:-1, max-image-preview:large, max-video-preview:-1\" \/>\n<link rel=\"canonical\" href=\"https:\/\/www.tekniagroup.com\/es\/quienes-somos\/informe-de-sostenibilidad\/enfocados-en-la-rentabilidad-y-la-sostenibilidad\/\" \/>\n<meta property=\"og:locale\" content=\"es_ES\" \/>\n<meta property=\"og:type\" content=\"article\" \/>\n<meta property=\"og:title\" content=\"Enfocados en la rentabilidad y la sostenibilidad - Teknia\" \/>\n<meta property=\"og:description\" content=\"&nbsp; Nieves Garc\u00eda se incorpor\u00f3 en 2024 a Teknia como Chief Financial Officer (CFO) del Grupo para liderar el \u00e1rea financiera en un momento de crecimiento e importantes retos para la compa\u00f1\u00eda. Su experiencia profesional, desarrollada durante muchos a\u00f1os en el sector de la automoci\u00f3n, tiene un fuerte enfoque en estrategia, planificaci\u00f3n financiera, finanzas corporativas...\" \/>\n<meta property=\"og:url\" content=\"https:\/\/www.tekniagroup.com\/es\/quienes-somos\/informe-de-sostenibilidad\/enfocados-en-la-rentabilidad-y-la-sostenibilidad\/\" \/>\n<meta property=\"og:site_name\" content=\"Teknia\" \/>\n<meta property=\"article:modified_time\" content=\"2025-10-14T08:44:48+00:00\" \/>\n<meta property=\"og:image\" content=\"https:\/\/www.tekniagroup.com\/wp-content\/uploads\/2025\/09\/tekstory-2024-2.jpg\" \/>\n\t<meta property=\"og:image:width\" content=\"1200\" \/>\n\t<meta property=\"og:image:height\" content=\"600\" \/>\n\t<meta property=\"og:image:type\" content=\"image\/jpeg\" \/>\n<meta name=\"twitter:card\" content=\"summary_large_image\" \/>\n<meta name=\"twitter:label1\" content=\"Tiempo de lectura\" \/>\n\t<meta name=\"twitter:data1\" content=\"3 minutos\" \/>\n<script type=\"application\/ld+json\" class=\"yoast-schema-graph\">{\"@context\":\"https:\\\/\\\/schema.org\",\"@graph\":[{\"@type\":\"WebPage\",\"@id\":\"https:\\\/\\\/www.tekniagroup.com\\\/es\\\/quienes-somos\\\/informe-de-sostenibilidad\\\/enfocados-en-la-rentabilidad-y-la-sostenibilidad\\\/\",\"url\":\"https:\\\/\\\/www.tekniagroup.com\\\/es\\\/quienes-somos\\\/informe-de-sostenibilidad\\\/enfocados-en-la-rentabilidad-y-la-sostenibilidad\\\/\",\"name\":\"Enfocados en la rentabilidad y la sostenibilidad - Teknia\",\"isPartOf\":{\"@id\":\"https:\\\/\\\/www.tekniagroup.com\\\/es\\\/#website\"},\"primaryImageOfPage\":{\"@id\":\"https:\\\/\\\/www.tekniagroup.com\\\/es\\\/quienes-somos\\\/informe-de-sostenibilidad\\\/enfocados-en-la-rentabilidad-y-la-sostenibilidad\\\/#primaryimage\"},\"image\":{\"@id\":\"https:\\\/\\\/www.tekniagroup.com\\\/es\\\/quienes-somos\\\/informe-de-sostenibilidad\\\/enfocados-en-la-rentabilidad-y-la-sostenibilidad\\\/#primaryimage\"},\"thumbnailUrl\":\"https:\\\/\\\/www.tekniagroup.com\\\/wp-content\\\/uploads\\\/2025\\\/09\\\/tekstory-2024-2.jpg\",\"datePublished\":\"2023-06-18T09:01:11+00:00\",\"dateModified\":\"2025-10-14T08:44:48+00:00\",\"breadcrumb\":{\"@id\":\"https:\\\/\\\/www.tekniagroup.com\\\/es\\\/quienes-somos\\\/informe-de-sostenibilidad\\\/enfocados-en-la-rentabilidad-y-la-sostenibilidad\\\/#breadcrumb\"},\"inLanguage\":\"es\",\"potentialAction\":[{\"@type\":\"ReadAction\",\"target\":[\"https:\\\/\\\/www.tekniagroup.com\\\/es\\\/quienes-somos\\\/informe-de-sostenibilidad\\\/enfocados-en-la-rentabilidad-y-la-sostenibilidad\\\/\"]}]},{\"@type\":\"ImageObject\",\"inLanguage\":\"es\",\"@id\":\"https:\\\/\\\/www.tekniagroup.com\\\/es\\\/quienes-somos\\\/informe-de-sostenibilidad\\\/enfocados-en-la-rentabilidad-y-la-sostenibilidad\\\/#primaryimage\",\"url\":\"https:\\\/\\\/www.tekniagroup.com\\\/wp-content\\\/uploads\\\/2025\\\/09\\\/tekstory-2024-2.jpg\",\"contentUrl\":\"https:\\\/\\\/www.tekniagroup.com\\\/wp-content\\\/uploads\\\/2025\\\/09\\\/tekstory-2024-2.jpg\",\"width\":1200,\"height\":600},{\"@type\":\"BreadcrumbList\",\"@id\":\"https:\\\/\\\/www.tekniagroup.com\\\/es\\\/quienes-somos\\\/informe-de-sostenibilidad\\\/enfocados-en-la-rentabilidad-y-la-sostenibilidad\\\/#breadcrumb\",\"itemListElement\":[{\"@type\":\"ListItem\",\"position\":1,\"name\":\"Home\",\"item\":\"https:\\\/\\\/www.tekniagroup.com\\\/es\\\/\"},{\"@type\":\"ListItem\",\"position\":2,\"name\":\"Qui\u00e9nes somos\",\"item\":\"https:\\\/\\\/www.tekniagroup.com\\\/es\\\/quienes-somos\\\/\"},{\"@type\":\"ListItem\",\"position\":3,\"name\":\"Informe de sostenibilidad\",\"item\":\"https:\\\/\\\/www.tekniagroup.com\\\/es\\\/quienes-somos\\\/informe-de-sostenibilidad\\\/\"},{\"@type\":\"ListItem\",\"position\":4,\"name\":\"Enfocados en la rentabilidad y la sostenibilidad\"}]},{\"@type\":\"WebSite\",\"@id\":\"https:\\\/\\\/www.tekniagroup.com\\\/es\\\/#website\",\"url\":\"https:\\\/\\\/www.tekniagroup.com\\\/es\\\/\",\"name\":\"Teknia\",\"description\":\"Your manufacturing partner for mobility\",\"potentialAction\":[{\"@type\":\"SearchAction\",\"target\":{\"@type\":\"EntryPoint\",\"urlTemplate\":\"https:\\\/\\\/www.tekniagroup.com\\\/es\\\/?s={search_term_string}\"},\"query-input\":{\"@type\":\"PropertyValueSpecification\",\"valueRequired\":true,\"valueName\":\"search_term_string\"}}],\"inLanguage\":\"es\"}]}<\/script>\n<!-- \/ Yoast SEO plugin. -->","yoast_head_json":{"title":"Enfocados en la rentabilidad y la sostenibilidad - Teknia","robots":{"index":"index","follow":"follow","max-snippet":"max-snippet:-1","max-image-preview":"max-image-preview:large","max-video-preview":"max-video-preview:-1"},"canonical":"https:\/\/www.tekniagroup.com\/es\/quienes-somos\/informe-de-sostenibilidad\/enfocados-en-la-rentabilidad-y-la-sostenibilidad\/","og_locale":"es_ES","og_type":"article","og_title":"Enfocados en la rentabilidad y la sostenibilidad - Teknia","og_description":"&nbsp; Nieves Garc\u00eda se incorpor\u00f3 en 2024 a Teknia como Chief Financial Officer (CFO) del Grupo para liderar el \u00e1rea financiera en un momento de crecimiento e importantes retos para la compa\u00f1\u00eda. Su experiencia profesional, desarrollada durante muchos a\u00f1os en el sector de la automoci\u00f3n, tiene un fuerte enfoque en estrategia, planificaci\u00f3n financiera, finanzas corporativas...","og_url":"https:\/\/www.tekniagroup.com\/es\/quienes-somos\/informe-de-sostenibilidad\/enfocados-en-la-rentabilidad-y-la-sostenibilidad\/","og_site_name":"Teknia","article_modified_time":"2025-10-14T08:44:48+00:00","og_image":[{"width":1200,"height":600,"url":"https:\/\/www.tekniagroup.com\/wp-content\/uploads\/2025\/09\/tekstory-2024-2.jpg","type":"image\/jpeg"}],"twitter_card":"summary_large_image","twitter_misc":{"Tiempo de lectura":"3 minutos"},"schema":{"@context":"https:\/\/schema.org","@graph":[{"@type":"WebPage","@id":"https:\/\/www.tekniagroup.com\/es\/quienes-somos\/informe-de-sostenibilidad\/enfocados-en-la-rentabilidad-y-la-sostenibilidad\/","url":"https:\/\/www.tekniagroup.com\/es\/quienes-somos\/informe-de-sostenibilidad\/enfocados-en-la-rentabilidad-y-la-sostenibilidad\/","name":"Enfocados en la rentabilidad y la sostenibilidad - Teknia","isPartOf":{"@id":"https:\/\/www.tekniagroup.com\/es\/#website"},"primaryImageOfPage":{"@id":"https:\/\/www.tekniagroup.com\/es\/quienes-somos\/informe-de-sostenibilidad\/enfocados-en-la-rentabilidad-y-la-sostenibilidad\/#primaryimage"},"image":{"@id":"https:\/\/www.tekniagroup.com\/es\/quienes-somos\/informe-de-sostenibilidad\/enfocados-en-la-rentabilidad-y-la-sostenibilidad\/#primaryimage"},"thumbnailUrl":"https:\/\/www.tekniagroup.com\/wp-content\/uploads\/2025\/09\/tekstory-2024-2.jpg","datePublished":"2023-06-18T09:01:11+00:00","dateModified":"2025-10-14T08:44:48+00:00","breadcrumb":{"@id":"https:\/\/www.tekniagroup.com\/es\/quienes-somos\/informe-de-sostenibilidad\/enfocados-en-la-rentabilidad-y-la-sostenibilidad\/#breadcrumb"},"inLanguage":"es","potentialAction":[{"@type":"ReadAction","target":["https:\/\/www.tekniagroup.com\/es\/quienes-somos\/informe-de-sostenibilidad\/enfocados-en-la-rentabilidad-y-la-sostenibilidad\/"]}]},{"@type":"ImageObject","inLanguage":"es","@id":"https:\/\/www.tekniagroup.com\/es\/quienes-somos\/informe-de-sostenibilidad\/enfocados-en-la-rentabilidad-y-la-sostenibilidad\/#primaryimage","url":"https:\/\/www.tekniagroup.com\/wp-content\/uploads\/2025\/09\/tekstory-2024-2.jpg","contentUrl":"https:\/\/www.tekniagroup.com\/wp-content\/uploads\/2025\/09\/tekstory-2024-2.jpg","width":1200,"height":600},{"@type":"BreadcrumbList","@id":"https:\/\/www.tekniagroup.com\/es\/quienes-somos\/informe-de-sostenibilidad\/enfocados-en-la-rentabilidad-y-la-sostenibilidad\/#breadcrumb","itemListElement":[{"@type":"ListItem","position":1,"name":"Home","item":"https:\/\/www.tekniagroup.com\/es\/"},{"@type":"ListItem","position":2,"name":"Qui\u00e9nes somos","item":"https:\/\/www.tekniagroup.com\/es\/quienes-somos\/"},{"@type":"ListItem","position":3,"name":"Informe de sostenibilidad","item":"https:\/\/www.tekniagroup.com\/es\/quienes-somos\/informe-de-sostenibilidad\/"},{"@type":"ListItem","position":4,"name":"Enfocados en la rentabilidad y la sostenibilidad"}]},{"@type":"WebSite","@id":"https:\/\/www.tekniagroup.com\/es\/#website","url":"https:\/\/www.tekniagroup.com\/es\/","name":"Teknia","description":"Your manufacturing partner for mobility","potentialAction":[{"@type":"SearchAction","target":{"@type":"EntryPoint","urlTemplate":"https:\/\/www.tekniagroup.com\/es\/?s={search_term_string}"},"query-input":{"@type":"PropertyValueSpecification","valueRequired":true,"valueName":"search_term_string"}}],"inLanguage":"es"}]}},"_links":{"self":[{"href":"https:\/\/www.tekniagroup.com\/es\/wp-json\/wp\/v2\/pages\/12970","targetHints":{"allow":["GET"]}}],"collection":[{"href":"https:\/\/www.tekniagroup.com\/es\/wp-json\/wp\/v2\/pages"}],"about":[{"href":"https:\/\/www.tekniagroup.com\/es\/wp-json\/wp\/v2\/types\/page"}],"author":[{"embeddable":true,"href":"https:\/\/www.tekniagroup.com\/es\/wp-json\/wp\/v2\/users\/15"}],"replies":[{"embeddable":true,"href":"https:\/\/www.tekniagroup.com\/es\/wp-json\/wp\/v2\/comments?post=12970"}],"version-history":[{"count":7,"href":"https:\/\/www.tekniagroup.com\/es\/wp-json\/wp\/v2\/pages\/12970\/revisions"}],"predecessor-version":[{"id":13394,"href":"https:\/\/www.tekniagroup.com\/es\/wp-json\/wp\/v2\/pages\/12970\/revisions\/13394"}],"up":[{"embeddable":true,"href":"https:\/\/www.tekniagroup.com\/es\/wp-json\/wp\/v2\/pages\/12968"}],"wp:featuredmedia":[{"embeddable":true,"href":"https:\/\/www.tekniagroup.com\/es\/wp-json\/wp\/v2\/media\/13016"}],"wp:attachment":[{"href":"https:\/\/www.tekniagroup.com\/es\/wp-json\/wp\/v2\/media?parent=12970"}],"curies":[{"name":"wp","href":"https:\/\/api.w.org\/{rel}","templated":true}]}}